{"id":53863,"date":"2023-12-11T09:05:17","date_gmt":"2023-12-11T09:28:55","guid":{"rendered":"https:\/\/factory.sale\/?post_type=product&#038;p=53863"},"modified":"2025-09-28T23:53:33","modified_gmt":"2025-09-28T20:53:33","slug":"andrewpol-tammilattialaudat-luokka-iii","status":"publish","type":"product","link":"https:\/\/factory.sale\/fi\/tuote\/andrewpol-tammilattialaudat-luokka-iii\/","title":{"rendered":"Andrewpol tammilattialaudat, luokka III"},"content":{"rendered":"<p>Tammi on puiden kuningas pitk\u00e4ik\u00e4isyytens\u00e4 vuoksi. Sit\u00e4 tavataan Pohjois-Afrikassa, Pohjois-Amerikassa, Aasiassa ja Euroopassa. Tammipuu on raskasta, kovaa ja sille on ominaista korkea kulutuskest\u00e4vyys, mik\u00e4 altistaa sen lattiap\u00e4\u00e4llysteiden valmistukseen.<\/p>\n<p>Kaikki tuotteet on valmistettu maustetuista ja kuivatuista materiaaleista erikoistuneissa lehtipuukuivareissa.<\/p>\n<p>Tammilattialaudat, luokka III \u2013 mahdolliset viat, isot oksat, pintapuu, luonnollinen ja ep\u00e4luonnollinen v\u00e4rinmuutos, kosteus 9% +\/- 2%.<\/p>\n<p>&nbsp;<\/p>\n<p>Hinnat alkaen 56,09 \u20ac.<\/p>\n<p>&nbsp;<\/p>\n<table class=\"cennik\" style=\"height: 483px;\" border=\"0\" width=\"710\" cellspacing=\"1\" cellpadding=\"0\">\n<tbody>\n<tr>\n<td class=\"pusty\"><strong>Tammi:<\/strong><\/td>\n<td class=\"pelny\"><strong>Leveys<\/strong><\/td>\n<td class=\"pelny\"><strong>pituus<\/strong><\/td>\n<td class=\"pelny\"><strong>paksuus<\/strong><\/td>\n<td class=\"pusty\"><strong>\u00a0<\/strong><\/td>\n<\/tr>\n<tr>\n<td class=\"pusty\" height=\"10\"><strong>paksuus 15 mm<\/strong><\/td>\n<td class=\"pelny\"><\/td>\n<td class=\"pelny\"><\/td>\n<td class=\"pelny\"><\/td>\n<td class=\"pusty\"><\/td>\n<\/tr>\n<tr>\n<td class=\"pusty\" height=\"30\"><\/td>\n<td class=\"pelny\">90<\/td>\n<td class=\"pelny\">500 \u2013 1200<\/td>\n<td class=\"pelny\">15<\/td>\n<td class=\"pusty\" height=\"30\">mm<\/td>\n<\/tr>\n<tr>\n<td><\/td>\n<td>100<\/td>\n<td>500 \u2013 1200<\/td>\n<td>15<\/td>\n<td>mm<\/td>\n<\/tr>\n<tr>\n<td class=\"pusty\" height=\"30\"><\/td>\n<td class=\"pelny\">120<\/td>\n<td class=\"pelny\">600 \u2013 2600<\/td>\n<td class=\"pelny\">15<\/td>\n<td class=\"pusty\" height=\"30\">mm<\/td>\n<\/tr>\n<tr>\n<td><\/td>\n<td>130<\/td>\n<td>600 \u2013 2600<\/td>\n<td>15<\/td>\n<td>mm<\/td>\n<\/tr>\n<tr>\n<td class=\"pusty\" height=\"30\"><\/td>\n<td class=\"pelny\">150<\/td>\n<td class=\"pelny\">600 \u2013 2600<\/td>\n<td class=\"pelny\">15<\/td>\n<td class=\"pusty\" height=\"30\">mm<\/td>\n<\/tr>\n<tr>\n<td class=\"pusty\" height=\"30\"><\/td>\n<td class=\"pelny\">200<\/td>\n<td class=\"pelny\">600 \u2013 2600<\/td>\n<td class=\"pelny\">15<\/td>\n<td class=\"pusty\" height=\"30\">mm<\/td>\n<\/tr>\n<tr>\n<td class=\"pusty\" height=\"10\"><strong>paksuus 21 mm<\/strong><\/td>\n<td class=\"pelny\"><\/td>\n<td class=\"pelny\"><\/td>\n<td class=\"pelny\"><\/td>\n<td class=\"pusty\"><\/td>\n<\/tr>\n<tr>\n<td class=\"pusty\" height=\"30\"><\/td>\n<td class=\"pelny\">\u00a090<\/td>\n<td class=\"pelny\">600 \u2013 1400<\/td>\n<td class=\"pelny\">21<\/td>\n<td class=\"pusty\" height=\"30\">mm<\/td>\n<\/tr>\n<tr>\n<td class=\"pusty\" height=\"10\"><\/td>\n<td class=\"pelny\">100<\/td>\n<td class=\"pelny\">600 \u2013 1400 (2000)<\/td>\n<td class=\"pelny\">21<\/td>\n<td class=\"pusty\">mm<\/td>\n<\/tr>\n<tr>\n<td class=\"pusty\" height=\"30\"><\/td>\n<td class=\"pelny\">120<\/td>\n<td class=\"pelny\">600 \u2013 2600<\/td>\n<td class=\"pelny\">21<\/td>\n<td class=\"pusty\" height=\"30\">mm<\/td>\n<\/tr>\n<tr>\n<td class=\"pusty\" height=\"10\"><\/td>\n<td class=\"pelny\">150 (140)<\/td>\n<td class=\"pelny\">600 \u2013 2600<\/td>\n<td class=\"pelny\">21<\/td>\n<td class=\"pusty\">mm<\/td>\n<\/tr>\n<tr>\n<td class=\"pusty\" height=\"30\"><\/td>\n<td class=\"pelny\">160<\/td>\n<td class=\"pelny\">600 \u2013 2600<\/td>\n<td class=\"pelny\">21<\/td>\n<td class=\"pusty\" height=\"30\">mm<\/td>\n<\/tr>\n<tr>\n<td class=\"pusty\" height=\"10\"><\/td>\n<td class=\"pelny\">180<\/td>\n<td class=\"pelny\">600 \u2013 2600<\/td>\n<td class=\"pelny\">21<\/td>\n<td class=\"pusty\">mm<\/td>\n<\/tr>\n<tr>\n<td class=\"pusty\" height=\"30\"><\/td>\n<td class=\"pelny\">200<\/td>\n<td class=\"pelny\">600 \u2013 2600<\/td>\n<td class=\"pelny\">21<\/td>\n<td class=\"pusty\" height=\"30\">mm<\/td>\n<\/tr>\n<\/tbody>\n<\/table>\n<p>&nbsp;<\/p>\n<p>&nbsp;<\/p>\n<p><em>Jos et l\u00f6yd\u00e4 lattialautaa, joka vastaa vaatimuksiasi mittojen, luokan tai lopullisen visuaalisen vaikutelman suhteen, ota yhteytt\u00e4, niin voimme tehd\u00e4 tarjouksen yksil\u00f6llisten tarpeidesi mukaan!<\/em><\/p>\n","protected":false},"excerpt":{"rendered":"<p>Tammi on puiden kuningas pitk\u00e4ik\u00e4isyytens\u00e4 vuoksi. Sit\u00e4 tavataan Pohjois-Afrikassa, Pohjois-Amerikassa, Aasiassa ja Euroopassa. Tammipuu on raskasta, kovaa ja sille on ominaista korkea kulutuskest\u00e4vyys, mik\u00e4 altistaa sen lattiap\u00e4\u00e4llysteiden valmistukseen.<\/p>\n<p>Tammilattialaudat, luokka III \u2013 mahdolliset viat, isot oksat, pintapuu, luonnollinen ja ep\u00e4luonnollinen v\u00e4rinmuutos, kosteus 9% +\/- 2%.<\/p>\n","protected":false},"featured_media":53853,"comment_status":"open","ping_status":"closed","template":"","meta":{"_acf_changed":false},"factory":[],"free-shipment":[],"product_brand":[],"product_cat":[446,450],"product_tag":[504,589],"class_list":{"0":"post-53863","1":"product","2":"type-product","3":"status-publish","4":"has-post-thumbnail","6":"product_cat-lattiat","7":"product_cat-parketti","8":"product_tag-floor-fi","9":"product_tag-oak-fi","11":"first","12":"instock","13":"sale","14":"taxable","15":"shipping-taxable","16":"purchasable","17":"product-type-simple"},"acf":[],"_links":{"self":[{"href":"https:\/\/factory.sale\/fi\/wp-json\/wp\/v2\/product\/53863","targetHints":{"allow":["GET"]}}],"collection":[{"href":"https:\/\/factory.sale\/fi\/wp-json\/wp\/v2\/product"}],"about":[{"href":"https:\/\/factory.sale\/fi\/wp-json\/wp\/v2\/types\/product"}],"replies":[{"embeddable":true,"href":"https:\/\/factory.sale\/fi\/wp-json\/wp\/v2\/comments?post=53863"}],"wp:featuredmedia":[{"embeddable":true,"href":"https:\/\/factory.sale\/fi\/wp-json\/wp\/v2\/media\/53853"}],"wp:attachment":[{"href":"https:\/\/factory.sale\/fi\/wp-json\/wp\/v2\/media?parent=53863"}],"wp:term":[{"taxonomy":"factory","embeddable":true,"href":"https:\/\/factory.sale\/fi\/wp-json\/wp\/v2\/factory?post=53863"},{"taxonomy":"free-shipment","embeddable":true,"href":"https:\/\/factory.sale\/fi\/wp-json\/wp\/v2\/free-shipment?post=53863"},{"taxonomy":"product_brand","embeddable":true,"href":"https:\/\/factory.sale\/fi\/wp-json\/wp\/v2\/product_brand?post=53863"},{"taxonomy":"product_cat","embeddable":true,"href":"https:\/\/factory.sale\/fi\/wp-json\/wp\/v2\/product_cat?post=53863"},{"taxonomy":"product_tag","embeddable":true,"href":"https:\/\/factory.sale\/fi\/wp-json\/wp\/v2\/product_tag?post=53863"}],"curies":[{"name":"wp","href":"https:\/\/api.w.org\/{rel}","templated":true}]}}