{"id":53116,"date":"2023-12-07T21:58:42","date_gmt":"2023-12-07T22:17:03","guid":{"rendered":"https:\/\/factory.sale\/?post_type=product&#038;p=53116"},"modified":"2025-10-20T12:42:37","modified_gmt":"2025-10-20T09:42:37","slug":"kiuas-stoveman-20r-ls","status":"publish","type":"product","link":"https:\/\/factory.sale\/fi\/tuote\/kiuas-stoveman-20r-ls\/","title":{"rendered":"Kiuas Stoveman 20R-LS"},"content":{"rendered":"<p><strong>Tuotekoodi: 1311014<\/strong><strong>3<\/strong><\/p>\n<p>&nbsp;<\/p>\n<p>Kiuas STOVEMAN 20R-LS on tarkoitettu kuivan tai kostean l\u00f6ylyn tuottamiseen kotioloissa.<br \/>\nStoveman:in kiuas\/sauna-uuni suo suuren kiuaskivien m\u00e4\u00e4r\u00e4n ansiosta, joka varjelee s\u00e4teilylt\u00e4 metellipinnoista, miellytt\u00e4v\u00e4n saunakokemuksen mukavalla pehme\u00e4ll\u00e4 ja pitk\u00e4\u00e4n kest\u00e4v\u00e4ll\u00e4 l\u00f6ylyll\u00e4.<\/p>\n<p>Stoveman 20R-LS kiukaan uunissa on paranneltu ilmanvaihtoa, jota varten on tulisijan ulkoseiniin asennettu lis\u00e4ilman kanavat!! Ilmakanavat saavat ilmaa kiukaan pohjan alta, l\u00e4mm\u00e4tess\u00e4 kulkee l\u00e4mmin ilma kanavaa pitkin yl\u00f6sp\u00e4in ja tulee ulos kiukaan p\u00e4\u00e4llimm\u00e4isten kivien v\u00e4list\u00e4.<\/p>\n<p>Sein\u00e4n l\u00e4pi l\u00e4mmitett\u00e4v\u00e4 (LS)<\/p>\n<p>&nbsp;<\/p>\n<p><strong>Materiaalit:<\/strong><\/p>\n<ul>\n<li>Kaikki sauna-uunin osat, jotka ovat kosketuksissa el\u00e4v\u00e4\u00e4n tuleen, on valmistettu 5 mm ter\u00e4slevyst\u00e4<\/li>\n<li>Sauna-uunin pohja on valmistettu 3 mm ter\u00e4slevyst\u00e4<\/li>\n<li>Tuhkapannu on valmistettu 2 mm ter\u00e4slevyst\u00e4<\/li>\n<li>Tuhkaritil\u00e4 valmistetaan k\u00e4sity\u00f6n\u00e4 ja materiaalina on nelikulmater\u00e4s 10\u00d720 mm<\/li>\n<\/ul>\n<p>&nbsp;<\/p>\n<p><strong>Suosituksia:<\/strong><\/p>\n<p>K\u00e4ytt\u00e4k\u00e4\u00e4 Stoveman sauna-uunin yhdist\u00e4miseen savupiippuun CE merkinn\u00f6ll\u00e4 varustettuja v\u00e4hint\u00e4\u00e4n 600\u00b0C palavien kaasujen l\u00e4mp\u00f6tilaan tarkoitettuja savupiipun liit\u00e4nt\u00e4putkia.<\/p>\n<p>&nbsp;<\/p>\n<p><strong>Tuotetiedot:<\/strong><\/p>\n<ul>\n<li>Sopii l\u00f6ylytiloihin: 12-20 m\u00b3<\/li>\n<li>Kiuaskivien m\u00e4\u00e4r\u00e4: 160 kg (Kivet eiv\u00e4t kuulu kokoonpanoon. Kiuaskivill\u00e4 kuvassa on havainnollinen merkitys)<\/li>\n<li>Savupiipun ulosvienti: 115 mm<\/li>\n<li>Varustettu nuohousluukulla<\/li>\n<li>Pakkauksen mittat: 51 \u00d7 80 \u00d7 84 cm (p\/l\/k)<\/li>\n<li>Paino: 87 kg (kilogramma)<\/li>\n<\/ul>\n<p>&nbsp;<\/p>\n<p><a href=\"https:\/\/factory.sale\/wp-content\/uploads\/2023\/12\/Stoveman_20-fi.pdf\" target=\"_blank\" rel=\"noopener\">Manuaalinen<\/a><\/p>\n<p><a href=\"https:\/\/factory.sale\/wp-content\/uploads\/2023\/12\/Stoveman-20R-LS_21.02.2013.pdf\" target=\"_blank\" rel=\"noopener\">PDF piirustus<\/a><\/p>\n<p>&nbsp;<\/p>\n<p><iframe loading=\"lazy\" title=\"Product Video\" src=\"\/\/www.youtube.com\/embed\/RWlwZWRjAHI?autoplay=1&amp;mute=1&amp;start=53&amp;playsinline=1&amp;rel=0&amp;controls=1&amp;modestbranding=1\" width=\"560\" height=\"314\" allowfullscreen=\"allowfullscreen\"><\/iframe><\/p>\n","protected":false},"excerpt":{"rendered":"<p>Kiuas STOVEMAN 20R-LS on tarkoitettu kuivan tai kostean l\u00f6ylyn tuottamiseen kotioloissa.<br \/>\nStoveman:in kiuas\/sauna-uuni suo suuren kiuaskivien m\u00e4\u00e4r\u00e4n ansiosta, joka varjelee s\u00e4teilylt\u00e4 metellipinnoista, miellytt\u00e4v\u00e4n saunakokemuksen mukavalla pehme\u00e4ll\u00e4 ja pitk\u00e4\u00e4n kest\u00e4v\u00e4ll\u00e4 l\u00f6ylyll\u00e4.<\/p>\n","protected":false},"featured_media":53107,"comment_status":"open","ping_status":"closed","template":"","meta":{"_acf_changed":false},"factory":[],"free-shipment":[],"product_brand":[],"product_cat":[484,4785,2650,4541],"product_tag":[2668,4384,2106],"class_list":{"0":"post-53116","1":"product","2":"type-product","3":"status-publish","4":"has-post-thumbnail","6":"product_cat-saunan-kiukaat","7":"product_cat-saunan-kiukaat-fi","8":"product_cat-stoveman-fi","9":"product_cat-varastotuotteet","10":"product_tag-bathroom-and-sauna-fi","11":"product_tag-heater-fi","12":"product_tag-sauna-fi","14":"first","15":"instock","16":"sale","17":"taxable","18":"shipping-taxable","19":"purchasable","20":"product-type-simple"},"acf":[],"_links":{"self":[{"href":"https:\/\/factory.sale\/fi\/wp-json\/wp\/v2\/product\/53116","targetHints":{"allow":["GET"]}}],"collection":[{"href":"https:\/\/factory.sale\/fi\/wp-json\/wp\/v2\/product"}],"about":[{"href":"https:\/\/factory.sale\/fi\/wp-json\/wp\/v2\/types\/product"}],"replies":[{"embeddable":true,"href":"https:\/\/factory.sale\/fi\/wp-json\/wp\/v2\/comments?post=53116"}],"wp:featuredmedia":[{"embeddable":true,"href":"https:\/\/factory.sale\/fi\/wp-json\/wp\/v2\/media\/53107"}],"wp:attachment":[{"href":"https:\/\/factory.sale\/fi\/wp-json\/wp\/v2\/media?parent=53116"}],"wp:term":[{"taxonomy":"factory","embeddable":true,"href":"https:\/\/factory.sale\/fi\/wp-json\/wp\/v2\/factory?post=53116"},{"taxonomy":"free-shipment","embeddable":true,"href":"https:\/\/factory.sale\/fi\/wp-json\/wp\/v2\/free-shipment?post=53116"},{"taxonomy":"product_brand","embeddable":true,"href":"https:\/\/factory.sale\/fi\/wp-json\/wp\/v2\/product_brand?post=53116"},{"taxonomy":"product_cat","embeddable":true,"href":"https:\/\/factory.sale\/fi\/wp-json\/wp\/v2\/product_cat?post=53116"},{"taxonomy":"product_tag","embeddable":true,"href":"https:\/\/factory.sale\/fi\/wp-json\/wp\/v2\/product_tag?post=53116"}],"curies":[{"name":"wp","href":"https:\/\/api.w.org\/{rel}","templated":true}]}}