{"id":52438,"date":"2023-12-05T12:56:24","date_gmt":"2023-12-05T13:21:25","guid":{"rendered":"https:\/\/factory.sale\/?post_type=product&#038;p=52438"},"modified":"2024-06-27T10:04:05","modified_gmt":"2024-06-27T10:04:05","slug":"puukiuas-harvia-20-pro","status":"publish","type":"product","link":"https:\/\/factory.sale\/fi\/tuote\/puukiuas-harvia-20-pro\/","title":{"rendered":"Puukiuas Harvia 20 Pro"},"content":{"rendered":"<p><strong>Tuotekoodi: 012246<\/strong><\/p>\n<p>Harvia 20 Pro on vahvan h\u00f6yryn l\u00e4hde keskikokoisiin saunoihin. Kiukaassa on suuri kivitila ja ter\u00e4ksinen yl\u00e4ritil\u00e4. Valurautaisen lasioven kautta tulen l\u00e4mmin hehku t\u00e4ydent\u00e4\u00e4 saunatunnelmaa. Vahva 10 mm takkakatto varmistaa kest\u00e4vyyden. T\u00e4ss\u00e4 mallissa on asennusta helpottavat s\u00e4\u00e4dett\u00e4v\u00e4t jalat, joiden avulla esimerkiksi savuaukon korkeus on helppo s\u00e4\u00e4t\u00e4\u00e4 oikein. Kiuas voidaan varustaa savupiipputyyppisell\u00e4 vesikattilalla. Kiukaan ulkovaippa on maalattu grafiitin mustaksi, saunan suositeltu koko on 8-20 m3 ja kivim\u00e4\u00e4r\u00e4 on enint\u00e4\u00e4n 40 kg.<\/p>\n<p>&nbsp;<\/p>\n<div class=\"sauna-page-hide-item\"><strong>Tekniset tiedot:<\/strong><\/div>\n<div><\/div>\n<table class=\"sauna-table-properties\">\n<tbody>\n<tr>\n<td>H\u00f6yryhuone, min (m3)<\/td>\n<td class=\"sauna-properties-value-box \">8<\/td>\n<\/tr>\n<tr>\n<td class=\"hightLight\">H\u00f6yrysauna, max. (m3)<\/td>\n<td class=\"sauna-properties-value-box hightLight\">20<\/td>\n<\/tr>\n<tr>\n<td>Mitat: leveys, (mm)<\/td>\n<td class=\"sauna-properties-value-box \">430<\/td>\n<\/tr>\n<tr>\n<td class=\"hightLight\">Mitat: korkeus, (mm)<\/td>\n<td class=\"sauna-properties-value-box hightLight\">760<\/td>\n<\/tr>\n<tr>\n<td>Mitat: syvyys, (mm)<\/td>\n<td class=\"sauna-properties-value-box \">510<\/td>\n<\/tr>\n<tr>\n<td class=\"hightLight\">Polttopuiden enimm\u00e4ispituus, (cm)<\/td>\n<td class=\"sauna-properties-value-box hightLight\">490<\/td>\n<\/tr>\n<tr>\n<td>Kivien enimm\u00e4ism\u00e4\u00e4r\u00e4 (kg)<\/td>\n<td class=\"sauna-properties-value-box \">40<\/td>\n<\/tr>\n<tr>\n<td class=\"hightLight\">L\u00e4mp\u00f6kapasiteetti, (kW)<\/td>\n<td class=\"sauna-properties-value-box hightLight\">18<\/td>\n<\/tr>\n<tr>\n<td>Turvaet\u00e4isyys sivusta ja takaa \/ puu ja kivi (mm)<\/td>\n<td class=\"sauna-properties-value-box \">500\/50<\/td>\n<\/tr>\n<tr>\n<td class=\"hightLight\">Turvaet\u00e4isyys edess\u00e4, (mm)<\/td>\n<td class=\"sauna-properties-value-box hightLight\">500<\/td>\n<\/tr>\n<tr>\n<td>Turvaet\u00e4isyys l\u00e4mmittimest\u00e4 kattoon, (mm)<\/td>\n<td class=\"sauna-properties-value-box \">1300<\/td>\n<\/tr>\n<tr>\n<td class=\"hightLight\">Takkakatto, (mm)<\/td>\n<td class=\"sauna-properties-value-box hightLight\">10<\/td>\n<\/tr>\n<tr>\n<td>Savuaukon sijainti takana: et\u00e4isyys lattiasta tuuletusaukon keskustaan, (mm)<\/td>\n<td class=\"sauna-properties-value-box \">560<\/td>\n<\/tr>\n<tr>\n<td class=\"hightLight\">Savuaukkojen sijainti ylh\u00e4\u00e4ll\u00e4: et\u00e4isyys takareunasta rei\u00e4n keskustaan, (mm)<\/td>\n<td class=\"sauna-properties-value-box hightLight\">120<\/td>\n<\/tr>\n<tr>\n<td>Savuaukon halkaisija, (mm)<\/td>\n<td class=\"sauna-properties-value-box \">115<\/td>\n<\/tr>\n<tr>\n<td class=\"hightLight\">L\u00e4mmittimen paino (kg)<\/td>\n<td class=\"sauna-properties-value-box hightLight\">60<\/td>\n<\/tr>\n<\/tbody>\n<\/table>\n<p>&nbsp;<\/p>\n<p><a href=\"https:\/\/factory.sale\/wp-content\/uploads\/2023\/12\/Manual_Harvia_Woodburning-Stoves_20-Pro-20-Pro-S_ENG.pdf\" target=\"_blank\" rel=\"noopener\">Ohjeet<\/a><\/p>\n","protected":false},"excerpt":{"rendered":"<p>Harvia 20 Pro on vahvan h\u00f6yryn l\u00e4hde keskikokoisiin saunoihin. Kiukaassa on suuri kivitila ja ter\u00e4ksinen yl\u00e4ritil\u00e4. Valurautaisen lasioven kautta tulen l\u00e4mmin hehku t\u00e4ydent\u00e4\u00e4 saunatunnelmaa. Vahva 10 mm takkakatto varmistaa kest\u00e4vyyden. T\u00e4ss\u00e4 mallissa on asennusta helpottavat s\u00e4\u00e4dett\u00e4v\u00e4t jalat, joiden avulla esimerkiksi savuaukon korkeus on helppo s\u00e4\u00e4t\u00e4\u00e4 oikein. Kiuas voidaan varustaa savupiipputyyppisell\u00e4 vesikattilalla.<\/p>\n","protected":false},"featured_media":52432,"comment_status":"open","ping_status":"closed","template":"","meta":{"_acf_changed":false},"factory":[],"free-shipment":[],"product_brand":[],"product_cat":[1421,484],"product_tag":[1152,2106],"class_list":{"0":"post-52438","1":"product","2":"type-product","3":"status-publish","4":"has-post-thumbnail","6":"product_cat-harvia-fi","7":"product_cat-saunan-kiukaat","8":"product_tag-harvia-fi","9":"product_tag-sauna-fi","11":"first","12":"instock","13":"sale","14":"taxable","15":"shipping-taxable","16":"purchasable","17":"product-type-simple"},"acf":[],"_links":{"self":[{"href":"https:\/\/factory.sale\/fi\/wp-json\/wp\/v2\/product\/52438","targetHints":{"allow":["GET"]}}],"collection":[{"href":"https:\/\/factory.sale\/fi\/wp-json\/wp\/v2\/product"}],"about":[{"href":"https:\/\/factory.sale\/fi\/wp-json\/wp\/v2\/types\/product"}],"replies":[{"embeddable":true,"href":"https:\/\/factory.sale\/fi\/wp-json\/wp\/v2\/comments?post=52438"}],"wp:featuredmedia":[{"embeddable":true,"href":"https:\/\/factory.sale\/fi\/wp-json\/wp\/v2\/media\/52432"}],"wp:attachment":[{"href":"https:\/\/factory.sale\/fi\/wp-json\/wp\/v2\/media?parent=52438"}],"wp:term":[{"taxonomy":"factory","embeddable":true,"href":"https:\/\/factory.sale\/fi\/wp-json\/wp\/v2\/factory?post=52438"},{"taxonomy":"free-shipment","embeddable":true,"href":"https:\/\/factory.sale\/fi\/wp-json\/wp\/v2\/free-shipment?post=52438"},{"taxonomy":"product_brand","embeddable":true,"href":"https:\/\/factory.sale\/fi\/wp-json\/wp\/v2\/product_brand?post=52438"},{"taxonomy":"product_cat","embeddable":true,"href":"https:\/\/factory.sale\/fi\/wp-json\/wp\/v2\/product_cat?post=52438"},{"taxonomy":"product_tag","embeddable":true,"href":"https:\/\/factory.sale\/fi\/wp-json\/wp\/v2\/product_tag?post=52438"}],"curies":[{"name":"wp","href":"https:\/\/api.w.org\/{rel}","templated":true}]}}