{"id":51442,"date":"2023-11-09T10:05:12","date_gmt":"2023-11-30T14:37:27","guid":{"rendered":"https:\/\/factory.sale\/?post_type=product&#038;p=51442"},"modified":"2024-07-02T20:25:27","modified_gmt":"2024-07-02T20:25:27","slug":"massiivitammea-lattialauta-i-luokka","status":"publish","type":"product","link":"https:\/\/factory.sale\/fi\/tuote\/massiivitammea-lattialauta-i-luokka\/","title":{"rendered":"Massiivitammea lattialauta I luokka"},"content":{"rendered":"<p>Tammi on puiden kuningas pitk\u00e4ik\u00e4isyytens\u00e4 vuoksi. Sit\u00e4 tavataan Pohjois-Afrikassa, Pohjois-Amerikassa, Aasiassa ja Euroopassa. Tammipuu on raskasta, kovaa ja sille on ominaista korkea kulutuskest\u00e4vyys, mik\u00e4 altistaa sen lattiap\u00e4\u00e4llysteiden valmistukseen.<\/p>\n<p>Valmistettu maustetusta ja kuivatusta materiaalista erikoistuneissa lehtipuukuivareissa.<\/p>\n<p>Tammilattialaudat, luokka I luonnollinen \u2013 ei oksaa, puhdas kiilto ilman pintapuuta p\u00e4\u00e4ll\u00e4, erilainen syystys, luonnollinen v\u00e4ri, kosteus 9% +\/- 2%.<\/p>\n<p>Luokka I &#8211; oksat noin 2 mm, luonnollinen puun v\u00e4ri, luonnollinen syyj\u00e4rjestelm\u00e4, ei pintapuuta<\/p>\n<p>Lattialaudalle voidaan tehd\u00e4 lis\u00e4palveluita, kuten:<\/p>\n<p>Viistotu<\/p>\n<p>Hionta<\/p>\n<p>T\u00e4yte<\/p>\n<p>Vanhentaminen (manuaalinen tai mekaaninen)<\/p>\n<p>\u00d6ljy viimeistely<\/p>\n<p>&nbsp;<\/p>\n<h3><strong>Lattialauta &#8211; paksus 15 mm\u00a0<\/strong><\/h3>\n<table style=\"height: 252px;\" width=\"573\">\n<tbody>\n<tr>\n<td>Oak<\/td>\n<td>150 x (500 \u2013 2500)<\/td>\n<td>82,8 \u20ac<\/td>\n<\/tr>\n<tr>\n<td>Oak<\/td>\n<td>(120 \u2013 130) x (500 \u2013 2500)<\/td>\n<td>79,5 \u20ac<\/td>\n<\/tr>\n<tr>\n<td>Oak<\/td>\n<td>100 x (500 \u2013 1200)<\/td>\n<td>72,3 \u20ac<\/td>\n<\/tr>\n<tr>\n<td><span style=\"font-weight: 400;\">Oak\u00a0<\/span><\/td>\n<td><span style=\"font-weight: 400;\">90 x (500 \u2013 1200)\u00a0<\/span><\/td>\n<td><span style=\"font-weight: 400;\">69,9 \u20ac<\/span><\/td>\n<\/tr>\n<\/tbody>\n<\/table>\n<h3><\/h3>\n<h3><strong>Lattialauta &#8211; paksus 21 mm\u00a0<\/strong><\/h3>\n<table style=\"height: 292px;\" width=\"596\">\n<tbody>\n<tr>\n<td>Oak<\/td>\n<td>(140 \u2013 150) x (500 \u2013 2600)<\/td>\n<td>96,6 \u20ac<\/td>\n<\/tr>\n<tr>\n<td>Oak<\/td>\n<td>120 x (500 \u2013 2600)<\/td>\n<td>90,6 \u20ac<\/td>\n<\/tr>\n<tr>\n<td>Oak<\/td>\n<td>100 x (500 \u2013 1400)<\/td>\n<td>80,4 \u20ac<\/td>\n<\/tr>\n<tr>\n<td><span style=\"font-weight: 400;\">Oak\u00a0<\/span><\/td>\n<td><span style=\"font-weight: 400;\">90 x (500 \u2013 1400)\u00a0<\/span><\/td>\n<td>73,8 \u20ac<\/td>\n<\/tr>\n<\/tbody>\n<\/table>\n<p>&nbsp;<\/p>\n<p>&nbsp;<\/p>\n<p><strong>Vaihtoehtoisesti tarjoamme lis\u00e4palveluita, kuten:<\/strong><\/p>\n<p>Lattialautojen viisto ja hionta ILMAINEN<br \/>\nPuun vanhentaminen (mekaaninen tai manuaalinen rustifikaatio) hinta alkaen + 4,50 eur\/m2 netto<br \/>\nOikea &#8211; vasen (englannin kuusen kulma 90\u00b0) suurempi parkettikoko lattialaudasta + 10,00 eur \/ m2 netto<br \/>\nRanskan kuusen kulma 45\u00b0 viisto- ja hiontapalvelulla + 24,25 eur \/ m2 netto + 26,50 eur \/ m2 netto<br \/>\nUnkarilaisen kuusen kulma 60\u00b0 viisto- ja hiontapalvelulla + 22,25 eur \/ m2 netto + 24,50 eur \/ m2 netto<br \/>\nV\u00e4rit\u00f6n \u00f6ljytys + 10,00 eur \/ m2 netto<br \/>\nV\u00e4ri\u00f6ljytys + 13,00 eur \/ m2 netto<br \/>\nRaakapuuefekti + 14,25 eur\/m2 netto<br \/>\nKerroslaudan alapuolelle lis\u00e4leikkaukset, jotka lis\u00e4\u00e4v\u00e4t l\u00e4mm\u00f6nsiirtoa lattialaudan l\u00e4pi ja s\u00e4\u00e4telev\u00e4t laudan kireytt\u00e4, jolloin l\u00e4mp\u00f6 jakautuu tasaisesti (leikkausten m\u00e4\u00e4r\u00e4 riippuu laudan leveydest\u00e4) 4,50 eur \/ m2 netto<\/p>\n<p>&nbsp;<\/p>\n<p>&nbsp;<\/p>\n<p><em>Jos et l\u00f6yd\u00e4 lattialautaa, joka vastaa vaatimuksiasi mittojen, luokan tai lopullisen visuaalisen vaikutelman suhteen, ota meihin yhteytt\u00e4, niin teemme tarjouksen yksil\u00f6llisten tarpeidesi mukaan!<\/em><\/p>\n","protected":false},"excerpt":{"rendered":"<p>Tammi on puiden kuningas pitk\u00e4ik\u00e4isyytens\u00e4 vuoksi. Sit\u00e4 tavataan Pohjois-Afrikassa, Pohjois-Amerikassa, Aasiassa ja Euroopassa. Tammipuu on raskasta, kovaa ja sille on ominaista korkea kulutuskest\u00e4vyys, mik\u00e4 altistaa sen lattiap\u00e4\u00e4llysteiden valmistukseen.<\/p>\n<p>Valmistettu maustetusta ja kuivatusta materiaalista erikoistuneissa lehtipuukuivareissa.<\/p>\n<p>Tammilattialaudat, luokka I luonnollinen \u2013 ei oksaa, puhdas kiilto ilman pintapuuta p\u00e4\u00e4ll\u00e4, erilainen syystys, luonnollinen v\u00e4ri, kosteus 9% +\/- 2%.<\/p>\n","protected":false},"featured_media":45771,"comment_status":"open","ping_status":"closed","template":"","meta":{"_acf_changed":false},"factory":[],"free-shipment":[],"product_brand":[],"product_cat":[446],"product_tag":[589],"class_list":{"0":"post-51442","1":"product","2":"type-product","3":"status-publish","4":"has-post-thumbnail","6":"product_cat-lattiat","7":"product_tag-oak-fi","9":"first","10":"instock","11":"sale","12":"taxable","13":"shipping-taxable","14":"purchasable","15":"product-type-simple"},"acf":[],"_links":{"self":[{"href":"https:\/\/factory.sale\/fi\/wp-json\/wp\/v2\/product\/51442","targetHints":{"allow":["GET"]}}],"collection":[{"href":"https:\/\/factory.sale\/fi\/wp-json\/wp\/v2\/product"}],"about":[{"href":"https:\/\/factory.sale\/fi\/wp-json\/wp\/v2\/types\/product"}],"replies":[{"embeddable":true,"href":"https:\/\/factory.sale\/fi\/wp-json\/wp\/v2\/comments?post=51442"}],"wp:featuredmedia":[{"embeddable":true,"href":"https:\/\/factory.sale\/fi\/wp-json\/wp\/v2\/media\/45771"}],"wp:attachment":[{"href":"https:\/\/factory.sale\/fi\/wp-json\/wp\/v2\/media?parent=51442"}],"wp:term":[{"taxonomy":"factory","embeddable":true,"href":"https:\/\/factory.sale\/fi\/wp-json\/wp\/v2\/factory?post=51442"},{"taxonomy":"free-shipment","embeddable":true,"href":"https:\/\/factory.sale\/fi\/wp-json\/wp\/v2\/free-shipment?post=51442"},{"taxonomy":"product_brand","embeddable":true,"href":"https:\/\/factory.sale\/fi\/wp-json\/wp\/v2\/product_brand?post=51442"},{"taxonomy":"product_cat","embeddable":true,"href":"https:\/\/factory.sale\/fi\/wp-json\/wp\/v2\/product_cat?post=51442"},{"taxonomy":"product_tag","embeddable":true,"href":"https:\/\/factory.sale\/fi\/wp-json\/wp\/v2\/product_tag?post=51442"}],"curies":[{"name":"wp","href":"https:\/\/api.w.org\/{rel}","templated":true}]}}