{"id":51434,"date":"2023-11-30T13:19:11","date_gmt":"2023-11-30T14:20:46","guid":{"rendered":"https:\/\/factory.sale\/?post_type=product&#038;p=51434"},"modified":"2024-06-30T13:56:58","modified_gmt":"2024-06-30T13:56:58","slug":"massiivitammea-lattialauta-ii-luokka","status":"publish","type":"product","link":"https:\/\/factory.sale\/fi\/tuote\/massiivitammea-lattialauta-ii-luokka\/","title":{"rendered":"Massiivitammea lattialauta II luokka"},"content":{"rendered":"<p>Tammi on puiden kuningas pitk\u00e4ik\u00e4isyytens\u00e4 vuoksi. Sit\u00e4 tavataan Pohjois-Afrikassa, Pohjois-Amerikassa, Aasiassa ja Euroopassa. Tammipuu on raskasta, kovaa ja sille on ominaista korkea kulutuskest\u00e4vyys, mik\u00e4 altistaa sen lattiap\u00e4\u00e4llysteiden valmistukseen.<\/p>\n<p>Kaikki tuotteet on valmistettu maustetuista ja kuivatuista materiaaleista erikoistuneissa lehtipuukuivareissa.<\/p>\n<p>Tammilattialaudat, luokka II -hienot oksat, halkeamat, rakeet ja eri s\u00e4vyt hyv\u00e4ksytt\u00e4viss\u00e4, kosteus 9% +\/- 2%.<\/p>\n<p>&nbsp;<\/p>\n<p>&nbsp;<\/p>\n<div class=\"enigma_blog_full\">\n<div class=\"enigma_blog_post_content\">\n<table style=\"height: 484px;\" width=\"796\">\n<tbody>\n<tr>\n<td class=\"pusty\"><strong>Tammi<\/strong><\/td>\n<td class=\"pelny\"><strong>leveys<\/strong><\/td>\n<td class=\"pelny\"><strong>pituus<\/strong><\/td>\n<td class=\"pelny\"><strong>paksuus<\/strong><\/td>\n<\/tr>\n<tr>\n<td class=\"pusty\"><strong>paksuus 15 mm<\/strong><\/td>\n<td class=\"pelny\"><\/td>\n<td class=\"pelny\"><\/td>\n<td class=\"pelny\"><\/td>\n<td class=\"pusty\"><\/td>\n<\/tr>\n<tr>\n<td class=\"pusty\"><\/td>\n<td class=\"pelny\">90<\/td>\n<td class=\"pelny\">500 \u2013 1200<\/td>\n<td class=\"pelny\">15 mm<\/td>\n<td class=\"pusty\">51,24 \u20ac<\/td>\n<\/tr>\n<tr>\n<td><\/td>\n<td>100<\/td>\n<td>500 \u2013 1200<\/td>\n<td>15 mm<\/td>\n<td>52,2 \u20ac<\/td>\n<\/tr>\n<tr>\n<td class=\"pusty\"><\/td>\n<td class=\"pelny\">120<\/td>\n<td class=\"pelny\">600 \u2013 2600<\/td>\n<td class=\"pelny\">15\u00a0mm<\/td>\n<td class=\"pusty\">55,8 \u20ac<\/td>\n<\/tr>\n<tr>\n<td><\/td>\n<td>130<\/td>\n<td>600 \u2013 2600<\/td>\n<td>15 mm<\/td>\n<td>55,8 \u20ac<\/td>\n<\/tr>\n<tr>\n<td class=\"pusty\"><\/td>\n<td class=\"pelny\">150<\/td>\n<td class=\"pelny\">600 \u2013 2600<\/td>\n<td class=\"pelny\">15 mm<\/td>\n<td class=\"pusty\">65,7 \u20ac<\/td>\n<\/tr>\n<tr>\n<td class=\"pusty\"><\/td>\n<td class=\"pelny\">200<\/td>\n<td class=\"pelny\">600 \u2013 2600<\/td>\n<td class=\"pelny\">15 mm<\/td>\n<td class=\"pusty\"><\/td>\n<\/tr>\n<tr>\n<td class=\"pusty\"><strong>paksuus 21 mm<\/strong><\/td>\n<td class=\"pelny\"><\/td>\n<td class=\"pelny\"><\/td>\n<td class=\"pelny\"><\/td>\n<td class=\"pusty\"><\/td>\n<\/tr>\n<tr>\n<td class=\"pusty\"><\/td>\n<td class=\"pelny\">\u00a090<\/td>\n<td class=\"pelny\">600 \u2013 1400<\/td>\n<td class=\"pelny\">21 mm<\/td>\n<td class=\"pusty\"><\/td>\n<\/tr>\n<tr>\n<td class=\"pusty\"><\/td>\n<td class=\"pelny\">100<\/td>\n<td class=\"pelny\">600 \u2013 1400 (2000)<\/td>\n<td class=\"pelny\">21 mm<\/td>\n<td class=\"pusty\"><\/td>\n<\/tr>\n<tr>\n<td class=\"pusty\"><\/td>\n<td class=\"pelny\">120<\/td>\n<td class=\"pelny\">600 \u2013 2600<\/td>\n<td class=\"pelny\">21 mm<\/td>\n<td class=\"pusty\"><\/td>\n<\/tr>\n<tr>\n<td class=\"pusty\"><\/td>\n<td class=\"pelny\">150 (140)<\/td>\n<td class=\"pelny\">600 \u2013 2600<\/td>\n<td class=\"pelny\">21 mm<\/td>\n<td class=\"pusty\"><\/td>\n<\/tr>\n<tr>\n<td class=\"pusty\"><\/td>\n<td class=\"pelny\">160<\/td>\n<td class=\"pelny\">600 \u2013 2600<\/td>\n<td class=\"pelny\">21\u00a0mm<\/td>\n<td class=\"pusty\"><\/td>\n<\/tr>\n<tr>\n<td class=\"pusty\"><\/td>\n<td class=\"pelny\">180<\/td>\n<td class=\"pelny\">600 \u2013 2600<\/td>\n<td class=\"pelny\">21 mm<\/td>\n<\/tr>\n<tr>\n<td class=\"pusty\"><\/td>\n<td class=\"pelny\">200<\/td>\n<td class=\"pelny\">600 \u2013 2600<\/td>\n<td class=\"pelny\">21 mm<\/td>\n<td class=\"pusty\"><\/td>\n<\/tr>\n<\/tbody>\n<\/table>\n<\/div>\n<\/div>\n<p>&nbsp;<\/p>\n<p>&nbsp;<\/p>\n<p><strong>Vaihtoehtoisesti tarjoamme lis\u00e4palveluita, kuten:<\/strong><\/p>\n<ul>\n<li>Lattialautojen viisto ja hionta ILMAINEN<\/li>\n<li>Puun vanhentaminen (mekaaninen tai manuaalinen rustifikaatio) hinta alkaen + 4,50 eur\/m2 netto<\/li>\n<li>Oikea &#8211; vasen (englannin kuusen kulma 90\u00b0) suurempi parkettikoko lattialaudasta + 10,00 eur \/ m2 netto<\/li>\n<li>Ranskan kuusen kulma 45\u00b0 viisto- ja hiontapalvelulla + 24,25 eur \/ m2 netto + 26,50 eur \/ m2 netto<\/li>\n<li>Unkarilaisen kuusen kulma 60\u00b0 viisto- ja hiontapalvelulla + 22,25 eur \/ m2 netto + 24,50 eur \/ m2 netto<\/li>\n<li>V\u00e4rit\u00f6n \u00f6ljytys + 10,00 eur \/ m2 netto<\/li>\n<li>V\u00e4ri\u00f6ljytys + 13,00 eur \/ m2 netto<\/li>\n<li>Raakapuuefekti + 14,25 eur\/m2 netto<\/li>\n<li>Kerroslaudan alapuolelle lis\u00e4leikkaukset, jotka lis\u00e4\u00e4v\u00e4t l\u00e4mm\u00f6nsiirtoa lattialaudan l\u00e4pi ja s\u00e4\u00e4telev\u00e4t laudan kireytt\u00e4, jolloin l\u00e4mp\u00f6 jakautuu tasaisesti (leikkausten m\u00e4\u00e4r\u00e4 riippuu laudan leveydest\u00e4) 4,50 eur \/ m2 netto<\/li>\n<\/ul>\n<p>&nbsp;<\/p>\n<p><em>Jos et l\u00f6yd\u00e4 lattialautaa, joka vastaa vaatimuksiasi mittojen, luokan tai lopullisen visuaalisen vaikutelman suhteen, ota meihin yhteytt\u00e4, niin teemme tarjouksen yksil\u00f6llisten tarpeidesi mukaan!<\/em><\/p>\n","protected":false},"excerpt":{"rendered":"<p>Tammi on puiden kuningas pitk\u00e4ik\u00e4isyytens\u00e4 vuoksi. Sit\u00e4 tavataan Pohjois-Afrikassa, Pohjois-Amerikassa, Aasiassa ja Euroopassa. Tammipuu on raskasta, kovaa ja sille on ominaista korkea kulutuskest\u00e4vyys, mik\u00e4 altistaa sen lattiap\u00e4\u00e4llysteiden valmistukseen.<\/p>\n<p>Kaikki tuotteet on valmistettu maustetuista ja kuivatuista materiaaleista erikoistuneissa lehtipuukuivareissa.<\/p>\n<p>Tammilattialaudat, luokka II -hienot oksat, halkeamat, rakeet ja eri s\u00e4vyt hyv\u00e4ksytt\u00e4viss\u00e4, kosteus 9% +\/- 2%.<\/p>\n","protected":false},"featured_media":51408,"comment_status":"open","ping_status":"closed","template":"","meta":{"_acf_changed":false},"factory":[],"free-shipment":[],"product_brand":[],"product_cat":[446],"product_tag":[504],"class_list":{"0":"post-51434","1":"product","2":"type-product","3":"status-publish","4":"has-post-thumbnail","6":"product_cat-lattiat","7":"product_tag-floor-fi","9":"first","10":"instock","11":"sale","12":"taxable","13":"shipping-taxable","14":"purchasable","15":"product-type-simple"},"acf":[],"_links":{"self":[{"href":"https:\/\/factory.sale\/fi\/wp-json\/wp\/v2\/product\/51434","targetHints":{"allow":["GET"]}}],"collection":[{"href":"https:\/\/factory.sale\/fi\/wp-json\/wp\/v2\/product"}],"about":[{"href":"https:\/\/factory.sale\/fi\/wp-json\/wp\/v2\/types\/product"}],"replies":[{"embeddable":true,"href":"https:\/\/factory.sale\/fi\/wp-json\/wp\/v2\/comments?post=51434"}],"wp:featuredmedia":[{"embeddable":true,"href":"https:\/\/factory.sale\/fi\/wp-json\/wp\/v2\/media\/51408"}],"wp:attachment":[{"href":"https:\/\/factory.sale\/fi\/wp-json\/wp\/v2\/media?parent=51434"}],"wp:term":[{"taxonomy":"factory","embeddable":true,"href":"https:\/\/factory.sale\/fi\/wp-json\/wp\/v2\/factory?post=51434"},{"taxonomy":"free-shipment","embeddable":true,"href":"https:\/\/factory.sale\/fi\/wp-json\/wp\/v2\/free-shipment?post=51434"},{"taxonomy":"product_brand","embeddable":true,"href":"https:\/\/factory.sale\/fi\/wp-json\/wp\/v2\/product_brand?post=51434"},{"taxonomy":"product_cat","embeddable":true,"href":"https:\/\/factory.sale\/fi\/wp-json\/wp\/v2\/product_cat?post=51434"},{"taxonomy":"product_tag","embeddable":true,"href":"https:\/\/factory.sale\/fi\/wp-json\/wp\/v2\/product_tag?post=51434"}],"curies":[{"name":"wp","href":"https:\/\/api.w.org\/{rel}","templated":true}]}}