{"id":4924,"date":"2021-04-27T14:42:23","date_gmt":"2021-04-27T14:42:23","guid":{"rendered":"https:\/\/factory.sale\/?post_type=product&#038;p=4924"},"modified":"2024-06-28T10:06:44","modified_gmt":"2024-06-28T10:06:44","slug":"polykarbonaatista-kasvihuoneet-classic-240","status":"publish","type":"product","link":"https:\/\/factory.sale\/fi\/tuote\/polykarbonaatista-kasvihuoneet-classic-240\/","title":{"rendered":"POLYKARBONAATISTA KASVIHUONEET CLASSIC 240"},"content":{"rendered":"<div>Kasvihuone\u00a0Classic 240 on valmistettu galvanoidusta putkesta 20 \u00d7 20, joka ei m\u00e4t\u00e4ne eik\u00e4 ruostu.<br \/>\nKasvihuone on p\u00e4\u00e4llystetty korkealaatuisella polykarbonaatilla, joka menee t\u00e4ydellisesti p\u00e4\u00e4llekk\u00e4in kasvihuoneen kanssa<br \/>\nprofiilia, mik\u00e4 luo hyv\u00e4n mikroilmaston kasvihuonekasveille.<br \/>\nKorttien v\u00e4linen et\u00e4isyys on 66 cm.<br \/>\nKasvihuone ei tarvitse perustusta, mutta asennus perustukselle on mahdollista.<br \/>\nKasvihuone asennetaan maahan erityisill\u00e4 kiinnitysjaloilla, polykarbonaattia<br \/>\nkaikki tarvittavat tiedot on sis\u00e4llytetty hyv\u00e4ksynt\u00e4\u00e4 varten.<br \/>\nKasvihuoneessa on kaksi ovea ja kaksi tuuletusikkunaa.<\/div>\n<div>\n<p><strong>Saatavilla koot hinnoilla:<\/strong><\/p>\n<div class=\"js-color-sizes js-color-sizes-1\"><label class=\"marginr15\">4mm \u2013 2 x 2.1 x 3.3 m \u2013 519 EUR <label class=\"marginr15\"><label class=\"marginr15\"><label class=\"marginr15\"><label class=\"marginr15\"><label class=\"marginr15\">(ilman ALV).<\/label><\/label><\/label><\/label><\/label><\/label><\/div>\n<div class=\"js-color-sizes js-color-sizes-1\">\n<p><label class=\"marginr15\">6mm \u2013 2 x 2.1 x 3.3 m \u2013 629 EUR <label class=\"marginr15\"><label class=\"marginr15\"><label class=\"marginr15\"><label class=\"marginr15\"><label class=\"marginr15\">(ilman ALV).<\/label><\/label><\/label><\/label><\/label><\/label><\/p>\n<p>&nbsp;<\/p>\n<\/div>\n<\/div>\n<div>\n<div class=\"row margint10\">\n<div class=\"row margint20\">\n<div class=\"row margint10\">\n<p><strong>Lis\u00e4ksi<\/strong>:<br \/>\n<label class=\"marginr15\"><label class=\"marginr15\"><label class=\"marginr15\"><label class=\"marginr15\"><label class=\"marginr15\"><label class=\"marginr15\"><label class=\"marginr15\"><label class=\"marginr15\"><label class=\"marginr15\"><label class=\"marginr15\"><\/label><\/label><\/label><\/label><\/label><\/label><\/label><\/label><\/label><\/label><\/p>\n<ul>\n<li><label class=\"marginr15\"><label class=\"marginr15\"><label class=\"marginr15\"><label class=\"marginr15\"><label class=\"marginr15\"><label class=\"marginr15\"><label class=\"marginr15\"><label class=\"marginr15\"><label class=\"marginr15\"><label class=\"marginr15\">Ilmaikkuna \u2013 30 EUR\u00a0<label class=\"marginr15\"><label class=\"marginr15\"><label class=\"marginr15\"><label class=\"marginr15\"><label class=\"marginr15\">(<label class=\"marginr15\"><label class=\"marginr15\"><label class=\"marginr15\"><label class=\"marginr15\">ilman ALV<\/label><\/label><\/label><\/label>).<\/label><\/label><\/label><\/label><\/label><br \/>\n<\/label><\/label><\/label><\/label><\/label><\/label><\/label><\/label><\/label><\/label><\/li>\n<li><label class=\"marginr15\"><label class=\"marginr15\"><label class=\"marginr15\"><label class=\"marginr15\"><label class=\"marginr15\"><label class=\"marginr15\"><label class=\"marginr15\"><label class=\"marginr15\"><label class=\"marginr15\"><label class=\"marginr15\">Automaatio \u2013 35 EUR\u00a0<label class=\"marginr15\"><label class=\"marginr15\"><label class=\"marginr15\"><label class=\"marginr15\"><label class=\"marginr15\">(<label class=\"marginr15\"><label class=\"marginr15\"><label class=\"marginr15\"><label class=\"marginr15\">ilman ALV<\/label><\/label><\/label><\/label>).<br \/>\n<\/label><\/label><\/label><\/label><\/label><\/label><\/label><\/label><\/label><\/label><\/label><\/label><\/label><\/label><\/label><\/li>\n<li><label class=\"marginr15\"><label class=\"marginr15\"><label class=\"marginr15\"><label class=\"marginr15\"><label class=\"marginr15\"><label class=\"marginr15\"><label class=\"marginr15\"><label class=\"marginr15\"><label class=\"marginr15\"><label class=\"marginr15\"><label class=\"marginr15\"><label class=\"marginr15\"><label class=\"marginr15\"><label class=\"marginr15\"><label class=\"marginr15\">Kasteluj\u00e4rjestelm\u00e4 \u2013 65 EUR\u00a0<label class=\"marginr15\"><label class=\"marginr15\"><label class=\"marginr15\"><label class=\"marginr15\"><label class=\"marginr15\">(<label class=\"marginr15\"><label class=\"marginr15\"><label class=\"marginr15\"><label class=\"marginr15\">ilman ALV<\/label><\/label><\/label><\/label>).<br \/>\n<\/label><\/label><\/label><\/label><\/label><\/label><\/label><\/label><\/label><\/label><\/label><\/label><\/label><\/label><\/label><\/label><\/label><\/label><\/label><\/label><\/li>\n<li><label class=\"marginr15\"><label class=\"marginr15\"><label class=\"marginr15\"><label class=\"marginr15\"><label class=\"marginr15\"><label class=\"marginr15\"><label class=\"marginr15\"><label class=\"marginr15\"><label class=\"marginr15\"><label class=\"marginr15\"><label class=\"marginr15\"><label class=\"marginr15\"><label class=\"marginr15\"><label class=\"marginr15\"><label class=\"marginr15\"><label class=\"marginr15\"><label class=\"marginr15\"><label class=\"marginr15\"><label class=\"marginr15\"><label class=\"marginr15\">Sinkitty kasvipenkki 0,7m \u2013 55 EUR\u00a0<label class=\"marginr15\"><label class=\"marginr15\"><label class=\"marginr15\"><label class=\"marginr15\"><label class=\"marginr15\"><label class=\"marginr15\"><label class=\"marginr15\"><label class=\"marginr15\"><label class=\"marginr15\"><label class=\"marginr15\">(<label class=\"marginr15\"><label class=\"marginr15\"><label class=\"marginr15\"><label class=\"marginr15\">ilman ALV<\/label><\/label><\/label><\/label>).<\/label><\/label><\/label><\/label><\/label><\/label><\/label><\/label><\/label><\/label><\/label><\/label><\/label><\/label><\/label><\/label><\/label><\/label><\/label><\/label><\/label><\/label><\/label><\/label><\/label><\/label><\/label><\/label><\/label><\/label><\/li>\n<\/ul>\n<p>Tarjoamme my\u00f6s asennusta ja kuljetusta. L\u00e4het\u00e4 meille osoitteesi saadaksesi tarjouksen.<\/p>\n<p><strong>HUOM! Kasvihuoneessa, jossa on 6 mm polykarbonaattia, p\u00e4\u00e4dyt ovat valmistettu 4 mm polykarbonaatista.<\/strong><\/p>\n<\/div>\n<\/div>\n<\/div>\n<\/div>\n","protected":false},"excerpt":{"rendered":"<p>Kasvihuone\u00a0Classic 240 on valmistettu galvanoidusta putkesta 20 \u00d7 20, joka ei m\u00e4t\u00e4ne eik\u00e4 ruostu.<br \/>\nKasvihuone on p\u00e4\u00e4llystetty korkealaatuisella polykarbonaatilla, joka menee t\u00e4ydellisesti p\u00e4\u00e4llekk\u00e4in kasvihuoneen kanssa<br \/>\nprofiilia, mik\u00e4 luo hyv\u00e4n mikroilmaston kasvihuonekasveille.<br \/>\nKorttien v\u00e4linen et\u00e4isyys on 66 cm.<br \/>\nKasvihuone ei tarvitse perustusta, mutta asennus perustukselle on mahdollista.<br \/>\nKasvihuone asennetaan maahan erityisill\u00e4 kiinnitysjaloilla, polykarbonaattia<br \/>\nkaikki tarvittavat tiedot on sis\u00e4llytetty hyv\u00e4ksynt\u00e4\u00e4 varten.<br \/>\nKasvihuoneessa on kaksi ovea ja kaksi tuuletusikkunaa.<\/p>\n","protected":false},"featured_media":4927,"comment_status":"open","ping_status":"closed","template":"","meta":{"_acf_changed":false},"factory":[],"free-shipment":[],"product_brand":[],"product_cat":[997,452],"product_tag":[506],"class_list":{"0":"post-4924","1":"product","2":"type-product","3":"status-publish","4":"has-post-thumbnail","6":"product_cat-piha-puutarha-fi","7":"product_cat-kasvihuoneet","8":"product_tag-greenhouse-fi","10":"first","11":"instock","12":"sale","13":"taxable","14":"shipping-taxable","15":"purchasable","16":"product-type-simple"},"acf":[],"_links":{"self":[{"href":"https:\/\/factory.sale\/fi\/wp-json\/wp\/v2\/product\/4924","targetHints":{"allow":["GET"]}}],"collection":[{"href":"https:\/\/factory.sale\/fi\/wp-json\/wp\/v2\/product"}],"about":[{"href":"https:\/\/factory.sale\/fi\/wp-json\/wp\/v2\/types\/product"}],"replies":[{"embeddable":true,"href":"https:\/\/factory.sale\/fi\/wp-json\/wp\/v2\/comments?post=4924"}],"wp:featuredmedia":[{"embeddable":true,"href":"https:\/\/factory.sale\/fi\/wp-json\/wp\/v2\/media\/4927"}],"wp:attachment":[{"href":"https:\/\/factory.sale\/fi\/wp-json\/wp\/v2\/media?parent=4924"}],"wp:term":[{"taxonomy":"factory","embeddable":true,"href":"https:\/\/factory.sale\/fi\/wp-json\/wp\/v2\/factory?post=4924"},{"taxonomy":"free-shipment","embeddable":true,"href":"https:\/\/factory.sale\/fi\/wp-json\/wp\/v2\/free-shipment?post=4924"},{"taxonomy":"product_brand","embeddable":true,"href":"https:\/\/factory.sale\/fi\/wp-json\/wp\/v2\/product_brand?post=4924"},{"taxonomy":"product_cat","embeddable":true,"href":"https:\/\/factory.sale\/fi\/wp-json\/wp\/v2\/product_cat?post=4924"},{"taxonomy":"product_tag","embeddable":true,"href":"https:\/\/factory.sale\/fi\/wp-json\/wp\/v2\/product_tag?post=4924"}],"curies":[{"name":"wp","href":"https:\/\/api.w.org\/{rel}","templated":true}]}}