{"id":4918,"date":"2021-04-27T14:29:44","date_gmt":"2021-04-27T14:29:44","guid":{"rendered":"https:\/\/factory.sale\/?post_type=product&#038;p=4918"},"modified":"2024-06-27T11:46:05","modified_gmt":"2024-06-27T11:46:05","slug":"polykarbonaatista-kasvihuoneet-master","status":"publish","type":"product","link":"https:\/\/factory.sale\/fi\/tuote\/polykarbonaatista-kasvihuoneet-master\/","title":{"rendered":"POLYKARBONAATISTA KASVIHUONEET MASTER"},"content":{"rendered":"<div>&#8220;Master&#8221; -kasvihuone on malli, jossa on viisto katto. Kasvihuoneen runko on valmistettu galvanoidusta neli\u00f6m\u00e4isest\u00e4 putkesta, jonka mitat ovat 20 \u00d7 20 mm.<br \/>\nHitsauspisteiden ja galvanoinnin puutteen vuoksi putket eiv\u00e4t ruostu ja niill\u00e4 on eritt\u00e4in pitk\u00e4 k\u00e4ytt\u00f6ik\u00e4.<br \/>\nKasvihuoneen rungon asennusta yksinkertaistettu huomattavasti (rungon kokoamiseen tarvittavien pulttien ja muttereiden m\u00e4\u00e4r\u00e4 on v\u00e4hentynyt huomattavasti).<br \/>\nRungon leveys 2,5 metri\u00e4, korkeus 2,2 metri\u00e4.<br \/>\nRunko &#8211; galvanoitu ter\u00e4s neli\u00f6putki 20 x 20 mm, jako 1000 mm.<br \/>\nKasvihuoneen molemmissa p\u00e4iss\u00e4 on saranoissa ovi.<br \/>\nKaarevaan kasvihuoneeseen verrattuna sen pinta on hy\u00f6dyllisempi.<br \/>\nMukana tiivisteet.<\/div>\n<div><\/div>\n<div>\n<div class=\"row margint10\">\n<div class=\"row margint20\">\n<div class=\"row margint10\">\n<p>Lis\u00e4ksi:<br \/>\n<strong><label class=\"marginr15\"><label class=\"marginr15\"><label class=\"marginr15\"><label class=\"marginr15\"><label class=\"marginr15\"><label class=\"marginr15\"><label class=\"marginr15\"><label class=\"marginr15\"><label class=\"marginr15\"><label class=\"marginr15\">Ilmaikkuna \u2013 30 EUR\u00a0<label class=\"marginr15\"><label class=\"marginr15\"><label class=\"marginr15\"><label class=\"marginr15\"><label class=\"marginr15\">(<label class=\"marginr15\"><label class=\"marginr15\"><label class=\"marginr15\"><label class=\"marginr15\">ilman ALV<\/label><\/label><\/label><\/label>).<\/label><\/label><\/label><\/label><\/label><br \/>\nAutomaatio \u2013 35 EUR\u00a0<label class=\"marginr15\"><label class=\"marginr15\"><label class=\"marginr15\"><label class=\"marginr15\"><label class=\"marginr15\">(<label class=\"marginr15\"><label class=\"marginr15\"><label class=\"marginr15\"><label class=\"marginr15\">ilman ALV<\/label><\/label><\/label><\/label>).<br \/>\nKasteluj\u00e4rjestelm\u00e4 \u2013 65 EUR\u00a0<label class=\"marginr15\"><label class=\"marginr15\"><label class=\"marginr15\"><label class=\"marginr15\"><label class=\"marginr15\">(<label class=\"marginr15\"><label class=\"marginr15\"><label class=\"marginr15\"><label class=\"marginr15\">ilman ALV<\/label><\/label><\/label><\/label>).<br \/>\nSinkitty kasvipenkki 0,7m \u2013 55 EUR\u00a0<label class=\"marginr15\"><label class=\"marginr15\"><label class=\"marginr15\"><label class=\"marginr15\"><label class=\"marginr15\"><label class=\"marginr15\"><label class=\"marginr15\"><label class=\"marginr15\"><label class=\"marginr15\"><label class=\"marginr15\">(<label class=\"marginr15\"><label class=\"marginr15\"><label class=\"marginr15\"><label class=\"marginr15\">ilman ALV<\/label><\/label><\/label><\/label>).<\/label><\/label><\/label><\/label><\/label><\/label><\/label><\/label><\/label><\/label><\/label><\/label><\/label><\/label><\/label><\/label><\/label><\/label><\/label><\/label><\/label><\/label><\/label><\/label><\/label><\/label><\/label><\/label><\/label><\/label><\/strong><\/p>\n<p><strong>Tarjoamme my\u00f6s asennusta ja kuljetusta. L\u00e4het\u00e4 meille osoitteesi saadaksesi tarjouksen.<\/strong><\/p>\n<\/div>\n<\/div>\n<\/div>\n<\/div>\n","protected":false},"excerpt":{"rendered":"<p>&#8220;Master&#8221; -kasvihuone on malli, jossa on viisto katto. Kasvihuoneen runko on valmistettu galvanoidusta neli\u00f6m\u00e4isest\u00e4 putkesta, jonka mitat ovat 20 \u00d7 20 mm. Hitsauspisteiden ja galvanoinnin puutteen vuoksi putket eiv\u00e4t ruostu ja niill\u00e4 on eritt\u00e4in pitk\u00e4 k\u00e4ytt\u00f6ik\u00e4. Kasvihuoneen rungon asennusta yksinkertaistettu huomattavasti (rungon kokoamiseen tarvittavien pulttien ja muttereiden m\u00e4\u00e4r\u00e4 on v\u00e4hentynyt huomattavasti). Rungon leveys 2,5 metri\u00e4, korkeus 2,2 metri\u00e4. Runko &#8211; galvanoitu ter\u00e4s neli\u00f6putki 20 x 20 mm, jako 1000 mm. Kasvihuoneen molemmissa p\u00e4iss\u00e4 on saranoissa ovi. Kaarevaan kasvihuoneeseen verrattuna sen pinta on hy\u00f6dyllisempi. Mukana tiivisteet.<\/p>\n","protected":false},"featured_media":4921,"comment_status":"open","ping_status":"closed","template":"","meta":{"_acf_changed":false},"factory":[],"free-shipment":[],"product_brand":[],"product_cat":[997,452],"product_tag":[506],"class_list":{"0":"post-4918","1":"product","2":"type-product","3":"status-publish","4":"has-post-thumbnail","6":"product_cat-piha-puutarha-fi","7":"product_cat-kasvihuoneet","8":"product_tag-greenhouse-fi","10":"first","11":"instock","12":"sale","13":"taxable","14":"shipping-taxable","15":"purchasable","16":"product-type-simple"},"acf":[],"_links":{"self":[{"href":"https:\/\/factory.sale\/fi\/wp-json\/wp\/v2\/product\/4918","targetHints":{"allow":["GET"]}}],"collection":[{"href":"https:\/\/factory.sale\/fi\/wp-json\/wp\/v2\/product"}],"about":[{"href":"https:\/\/factory.sale\/fi\/wp-json\/wp\/v2\/types\/product"}],"replies":[{"embeddable":true,"href":"https:\/\/factory.sale\/fi\/wp-json\/wp\/v2\/comments?post=4918"}],"wp:featuredmedia":[{"embeddable":true,"href":"https:\/\/factory.sale\/fi\/wp-json\/wp\/v2\/media\/4921"}],"wp:attachment":[{"href":"https:\/\/factory.sale\/fi\/wp-json\/wp\/v2\/media?parent=4918"}],"wp:term":[{"taxonomy":"factory","embeddable":true,"href":"https:\/\/factory.sale\/fi\/wp-json\/wp\/v2\/factory?post=4918"},{"taxonomy":"free-shipment","embeddable":true,"href":"https:\/\/factory.sale\/fi\/wp-json\/wp\/v2\/free-shipment?post=4918"},{"taxonomy":"product_brand","embeddable":true,"href":"https:\/\/factory.sale\/fi\/wp-json\/wp\/v2\/product_brand?post=4918"},{"taxonomy":"product_cat","embeddable":true,"href":"https:\/\/factory.sale\/fi\/wp-json\/wp\/v2\/product_cat?post=4918"},{"taxonomy":"product_tag","embeddable":true,"href":"https:\/\/factory.sale\/fi\/wp-json\/wp\/v2\/product_tag?post=4918"}],"curies":[{"name":"wp","href":"https:\/\/api.w.org\/{rel}","templated":true}]}}