{"id":4898,"date":"2021-04-27T13:40:11","date_gmt":"2021-04-27T13:40:11","guid":{"rendered":"https:\/\/factory.sale\/?post_type=product&#038;p=4898"},"modified":"2024-06-27T12:31:39","modified_gmt":"2024-06-27T12:31:39","slug":"polykarbonaatista-kasvihuoneet-ekstra-700","status":"publish","type":"product","link":"https:\/\/factory.sale\/fi\/tuote\/polykarbonaatista-kasvihuoneet-ekstra-700\/","title":{"rendered":"POLYKARBONAATISTA KASVIHUONEET EKSTRA 700"},"content":{"rendered":"<div><strong>Ominaisuudet:<\/strong><br \/>\nKaarien v\u00e4linen et\u00e4isyys on 67 cm<br \/>\nAsennettu 50x150mm palkkiin<br \/>\nKaarien 40mmX20mm reunan sijainti lis\u00e4\u00e4 niiden lujuutta 1,5-kertaiseksi<br \/>\n7 vahvistettua hammaspy\u00f6r\u00e4\u00e4 40mmX20mm<br \/>\nMukava metallinen kaksipuolinen kahva<br \/>\nAinutlaatuiset patentoidut saranat avaavat oven 180 astetta<br \/>\nAinutlaatuiset patentoidut rapuliit\u00e4nn\u00e4t helppoa ja luotettavaa kiinnityst\u00e4 varten<br \/>\nErityinen suojakansi putkille, joka pident\u00e4\u00e4 rungon k\u00e4ytt\u00f6ik\u00e4\u00e4 5 vuodella<br \/>\nIkimuistoisia vinkkej\u00e4<br \/>\nPakatun kasvihuoneen mitat mahdollistavat sen kuljettamisen autossa<br \/>\nHitsauksia ei ole<br \/>\nErikoisrei\u00e4t on tehty kaikkien kiinnittimien kaikkien osien k\u00e4tev\u00e4\u00e4 ja tarkkaa kokoonpanoa varten<\/div>\n<div>\n<div>\n<p>Saatavilla koot hinnoilla:<\/p>\n<\/div>\n<div>\n<div class=\"row margint10\">\n<div class=\"js-color-sizes js-color-sizes-1\"><strong><label class=\"marginr15\">4mm \u2013 3 x 2.1 x 4 m \u2013 815 EUR <label class=\"marginr15\"><label class=\"marginr15\"><label class=\"marginr15\"><label class=\"marginr15\"><label class=\"marginr15\"><label class=\"marginr15\"><label class=\"marginr15\"><label class=\"marginr15\"><label class=\"marginr15\"><label class=\"marginr15\"><label class=\"marginr15\"><label class=\"marginr15\"><label class=\"marginr15\"><label class=\"marginr15\"><label class=\"marginr15\">(<label class=\"marginr15\"><label class=\"marginr15\"><label class=\"marginr15\"><label class=\"marginr15\">ilman ALV<\/label><\/label><\/label><\/label>).<\/label><\/label><\/label><\/label><\/label><\/label><\/label><\/label><\/label><\/label><\/label><\/label><\/label><\/label><\/label><\/label><\/strong><\/div>\n<div class=\"js-color-sizes js-color-sizes-1\"><strong><label class=\"marginr15\">4mm \u2013 3 x 2.1 x 6 m \u2013 923 EUR <label class=\"marginr15\"><label class=\"marginr15\"><label class=\"marginr15\"><label class=\"marginr15\"><label class=\"marginr15\"><label class=\"marginr15\"><label class=\"marginr15\"><label class=\"marginr15\"><label class=\"marginr15\"><label class=\"marginr15\"><label class=\"marginr15\"><label class=\"marginr15\"><label class=\"marginr15\"><label class=\"marginr15\"><label class=\"marginr15\">(<label class=\"marginr15\"><label class=\"marginr15\"><label class=\"marginr15\"><label class=\"marginr15\">ilman ALV<\/label><\/label><\/label><\/label>).<\/label><\/label><\/label><\/label><\/label><\/label><\/label><\/label><\/label><\/label><\/label><\/label><\/label><\/label><\/label><\/label><\/strong><\/div>\n<div class=\"js-color-sizes js-color-sizes-1\"><strong><label class=\"marginr15\">4mm \u2013 3 x 2.1 x 8 m \u2013 1018 EUR <label class=\"marginr15\"><label class=\"marginr15\"><label class=\"marginr15\"><label class=\"marginr15\"><label class=\"marginr15\"><label class=\"marginr15\"><label class=\"marginr15\"><label class=\"marginr15\"><label class=\"marginr15\"><label class=\"marginr15\"><label class=\"marginr15\"><label class=\"marginr15\"><label class=\"marginr15\"><label class=\"marginr15\"><label class=\"marginr15\">(<label class=\"marginr15\"><label class=\"marginr15\"><label class=\"marginr15\"><label class=\"marginr15\">ilman ALV<\/label><\/label><\/label><\/label>).<\/label><\/label><\/label><\/label><\/label><\/label><\/label><\/label><\/label><\/label><\/label><\/label><\/label><\/label><\/label><\/label><\/strong><\/div>\n<div class=\"js-color-sizes js-color-sizes-1\"><strong><label class=\"marginr15\">4mm \u2013 3 x 2.1 x 10 m \u2013 1108 EUR <label class=\"marginr15\"><label class=\"marginr15\"><label class=\"marginr15\"><label class=\"marginr15\"><label class=\"marginr15\"><label class=\"marginr15\"><label class=\"marginr15\"><label class=\"marginr15\"><label class=\"marginr15\"><label class=\"marginr15\"><label class=\"marginr15\"><label class=\"marginr15\"><label class=\"marginr15\"><label class=\"marginr15\"><label class=\"marginr15\">(<label class=\"marginr15\"><label class=\"marginr15\"><label class=\"marginr15\"><label class=\"marginr15\">ilman ALV<\/label><\/label><\/label><\/label>).<\/label><\/label><\/label><\/label><\/label><\/label><\/label><\/label><\/label><\/label><\/label><\/label><\/label><\/label><\/label><\/label><\/strong><\/div>\n<div class=\"js-color-sizes js-color-sizes-1\"><strong><label class=\"marginr15\">6mm \u2013 3 x 2.1 x 4 m \u2013 923 EUR <label class=\"marginr15\"><label class=\"marginr15\"><label class=\"marginr15\"><label class=\"marginr15\"><label class=\"marginr15\"><label class=\"marginr15\"><label class=\"marginr15\"><label class=\"marginr15\"><label class=\"marginr15\"><label class=\"marginr15\"><label class=\"marginr15\"><label class=\"marginr15\"><label class=\"marginr15\"><label class=\"marginr15\"><label class=\"marginr15\">(<label class=\"marginr15\"><label class=\"marginr15\"><label class=\"marginr15\"><label class=\"marginr15\">ilman ALV<\/label><\/label><\/label><\/label>).<\/label><\/label><\/label><\/label><\/label><\/label><\/label><\/label><\/label><\/label><\/label><\/label><\/label><\/label><\/label><\/label><\/strong><\/div>\n<div class=\"js-color-sizes js-color-sizes-1\"><strong><label class=\"marginr15\">6mm \u2013 3 x 2.1 x 6 m \u2013 1019 EUR <label class=\"marginr15\"><label class=\"marginr15\"><label class=\"marginr15\"><label class=\"marginr15\"><label class=\"marginr15\"><label class=\"marginr15\"><label class=\"marginr15\"><label class=\"marginr15\"><label class=\"marginr15\"><label class=\"marginr15\"><label class=\"marginr15\"><label class=\"marginr15\"><label class=\"marginr15\"><label class=\"marginr15\"><label class=\"marginr15\">(<label class=\"marginr15\"><label class=\"marginr15\"><label class=\"marginr15\"><label class=\"marginr15\">ilman ALV<\/label><\/label><\/label><\/label>).<\/label><\/label><\/label><\/label><\/label><\/label><\/label><\/label><\/label><\/label><\/label><\/label><\/label><\/label><\/label><\/label><\/strong><\/div>\n<div class=\"js-color-sizes js-color-sizes-1\"><strong><label class=\"marginr15\">6mm \u2013 3 x 2.1 x 8 m \u2013 1197 EUR <label class=\"marginr15\"><label class=\"marginr15\"><label class=\"marginr15\"><label class=\"marginr15\"><label class=\"marginr15\"><label class=\"marginr15\"><label class=\"marginr15\"><label class=\"marginr15\"><label class=\"marginr15\"><label class=\"marginr15\"><label class=\"marginr15\"><label class=\"marginr15\"><label class=\"marginr15\"><label class=\"marginr15\"><label class=\"marginr15\">(<label class=\"marginr15\"><label class=\"marginr15\"><label class=\"marginr15\"><label class=\"marginr15\">ilman ALV<\/label><\/label><\/label><\/label>).<\/label><\/label><\/label><\/label><\/label><\/label><\/label><\/label><\/label><\/label><\/label><\/label><\/label><\/label><\/label><\/label><\/strong><\/div>\n<div class=\"js-color-sizes js-color-sizes-1\"><strong><label class=\"marginr15\">6mm \u2013 3 x 2.1 x 10 m \u2013 1309 EUR <label class=\"marginr15\"><label class=\"marginr15\"><label class=\"marginr15\"><label class=\"marginr15\"><label class=\"marginr15\"><label class=\"marginr15\"><label class=\"marginr15\"><label class=\"marginr15\"><label class=\"marginr15\"><label class=\"marginr15\"><label class=\"marginr15\"><label class=\"marginr15\"><label class=\"marginr15\"><label class=\"marginr15\"><label class=\"marginr15\">(<label class=\"marginr15\"><label class=\"marginr15\"><label class=\"marginr15\"><label class=\"marginr15\">ilman ALV<\/label><\/label><\/label><\/label>).<\/label><\/label><\/label><\/label><\/label><\/label><\/label><\/label><\/label><\/label><\/label><\/label><\/label><\/label><\/label><\/label><\/strong><\/div>\n<div class=\"js-color-sizes js-color-sizes-1\">\n<p>&nbsp;<\/p>\n<p>Lis\u00e4ksi:<br \/>\n<strong><label class=\"marginr15\"><label class=\"marginr15\"><label class=\"marginr15\"><label class=\"marginr15\"><label class=\"marginr15\"><label class=\"marginr15\"><label class=\"marginr15\"><label class=\"marginr15\"><label class=\"marginr15\"><label class=\"marginr15\">Ilmaikkuna \u2013 30 EUR\u00a0<label class=\"marginr15\"><label class=\"marginr15\"><label class=\"marginr15\"><label class=\"marginr15\"><label class=\"marginr15\">(<label class=\"marginr15\"><label class=\"marginr15\"><label class=\"marginr15\"><label class=\"marginr15\">ilman ALV<\/label><\/label><\/label><\/label>).<\/label><\/label><\/label><\/label><\/label><br \/>\nAutomaatio \u2013 35 EUR\u00a0<label class=\"marginr15\"><label class=\"marginr15\"><label class=\"marginr15\"><label class=\"marginr15\"><label class=\"marginr15\">(<label class=\"marginr15\"><label class=\"marginr15\"><label class=\"marginr15\"><label class=\"marginr15\">ilman ALV<\/label><\/label><\/label><\/label>).<br \/>\nKasteluj\u00e4rjestelm\u00e4 \u2013 65 EUR\u00a0<label class=\"marginr15\"><label class=\"marginr15\"><label class=\"marginr15\"><label class=\"marginr15\"><label class=\"marginr15\">(<label class=\"marginr15\"><label class=\"marginr15\"><label class=\"marginr15\"><label class=\"marginr15\">ilman ALV<\/label><\/label><\/label><\/label>).<br \/>\nSinkitty kasvipenkki 0,7m \u2013 55 EUR\u00a0<label class=\"marginr15\"><label class=\"marginr15\"><label class=\"marginr15\"><label class=\"marginr15\"><label class=\"marginr15\"><label class=\"marginr15\"><label class=\"marginr15\"><label class=\"marginr15\"><label class=\"marginr15\"><label class=\"marginr15\">(<label class=\"marginr15\"><label class=\"marginr15\"><label class=\"marginr15\"><label class=\"marginr15\">ilman ALV<\/label><\/label><\/label><\/label>).<\/label><\/label><\/label><\/label><\/label><\/label><\/label><\/label><\/label><\/label><\/label><\/label><\/label><\/label><\/label><\/label><\/label><\/label><\/label><\/label><\/label><\/label><\/label><\/label><\/label><\/label><\/label><\/label><\/label><\/label><\/strong><\/p>\n<p>Tarjoamme my\u00f6s asennusta ja kuljetusta. L\u00e4het\u00e4 meille osoitteesi saadaksesi tarjouksen.<\/p>\n<p><strong>HUOM! Kasvihuoneessa, jossa on 6 mm polykarbonaattia, p\u00e4\u00e4dyt ovat valmistettu 4 mm polykarbonaatista.<\/strong><\/p>\n<\/div>\n<\/div>\n<\/div>\n<\/div>\n","protected":false},"excerpt":{"rendered":"<p>Kaarien v\u00e4linen et\u00e4isyys on 67 cm. Asennettu 50x150mm palkkiin. Kaarien 40mmX20mm reunan sijainti lis\u00e4\u00e4 niiden lujuutta 1,5-kertaiseksi.7 vahvistettua hammaspy\u00f6r\u00e4\u00e4 40mmX20mm. Mukava metallinen kaksipuolinen kahva. Ainutlaatuiset patentoidut saranat avaavat oven 180 astetta. Ainutlaatuiset patentoidut rapuliit\u00e4nn\u00e4t helppoa ja luotettavaa kiinnityst\u00e4 varten. Erityinen suojakansi putkille, joka pident\u00e4\u00e4 rungon k\u00e4ytt\u00f6ik\u00e4\u00e4 5 vuodella. Ikimuistoisia vinkkej\u00e4. Pakatun kasvihuoneen mitat mahdollistavat sen kuljettamisen autossa. Hitsauksia ei ole. Erikoisrei\u00e4t on tehty kaikkien kiinnittimien kaikkien osien k\u00e4tev\u00e4\u00e4 ja tarkkaa kokoonpanoa varten.<\/p>\n","protected":false},"featured_media":4914,"comment_status":"open","ping_status":"closed","template":"","meta":{"_acf_changed":false},"factory":[],"free-shipment":[],"product_brand":[],"product_cat":[452,997],"product_tag":[506],"class_list":{"0":"post-4898","1":"product","2":"type-product","3":"status-publish","4":"has-post-thumbnail","6":"product_cat-kasvihuoneet","7":"product_cat-piha-puutarha-fi","8":"product_tag-greenhouse-fi","10":"first","11":"instock","12":"sale","13":"taxable","14":"shipping-taxable","15":"purchasable","16":"product-type-simple"},"acf":[],"_links":{"self":[{"href":"https:\/\/factory.sale\/fi\/wp-json\/wp\/v2\/product\/4898","targetHints":{"allow":["GET"]}}],"collection":[{"href":"https:\/\/factory.sale\/fi\/wp-json\/wp\/v2\/product"}],"about":[{"href":"https:\/\/factory.sale\/fi\/wp-json\/wp\/v2\/types\/product"}],"replies":[{"embeddable":true,"href":"https:\/\/factory.sale\/fi\/wp-json\/wp\/v2\/comments?post=4898"}],"wp:featuredmedia":[{"embeddable":true,"href":"https:\/\/factory.sale\/fi\/wp-json\/wp\/v2\/media\/4914"}],"wp:attachment":[{"href":"https:\/\/factory.sale\/fi\/wp-json\/wp\/v2\/media?parent=4898"}],"wp:term":[{"taxonomy":"factory","embeddable":true,"href":"https:\/\/factory.sale\/fi\/wp-json\/wp\/v2\/factory?post=4898"},{"taxonomy":"free-shipment","embeddable":true,"href":"https:\/\/factory.sale\/fi\/wp-json\/wp\/v2\/free-shipment?post=4898"},{"taxonomy":"product_brand","embeddable":true,"href":"https:\/\/factory.sale\/fi\/wp-json\/wp\/v2\/product_brand?post=4898"},{"taxonomy":"product_cat","embeddable":true,"href":"https:\/\/factory.sale\/fi\/wp-json\/wp\/v2\/product_cat?post=4898"},{"taxonomy":"product_tag","embeddable":true,"href":"https:\/\/factory.sale\/fi\/wp-json\/wp\/v2\/product_tag?post=4898"}],"curies":[{"name":"wp","href":"https:\/\/api.w.org\/{rel}","templated":true}]}}