{"id":4861,"date":"2021-04-27T13:04:30","date_gmt":"2021-04-27T13:04:30","guid":{"rendered":"https:\/\/factory.sale\/?post_type=product&#038;p=4861"},"modified":"2024-06-28T10:08:43","modified_gmt":"2024-06-28T10:08:43","slug":"polykarbonaatista-kasvihuoneet-standart-xl","status":"publish","type":"product","link":"https:\/\/factory.sale\/fi\/tuote\/polykarbonaatista-kasvihuoneet-standart-xl\/","title":{"rendered":"POLYKARBONAATISTA KASVIHUONEET STANDART XL"},"content":{"rendered":"<div class=\"FFpbKc\">Ensimm\u00e4ist\u00e4 kertaa rungon erikoiskuormitetuissa osissa k\u00e4ytettiin laajaa vahvistettua profiilia, joka kest\u00e4\u00e4 raskaan lumikuorman. Uuden leve\u00e4n profiilin k\u00e4yt\u00f6n ansiosta oli mahdollista v\u00e4hent\u00e4\u00e4 osien m\u00e4\u00e4r\u00e4\u00e4, yksinkertaistaa kokoamista ja lis\u00e4t\u00e4 rakenteen kantokyky\u00e4 ilman hintaa nostamatta. Kasvihuoneen leveys on optimaalinen kolmelle s\u00e4ngylle. Kasvihuoneen geometria on harkittu sen t\u00e4ytt\u00e4miseksi edelleen erilaisilla lis\u00e4varusteilla: taimien sivuhyllyt, pennit. Kaikki t\u00e4m\u00e4 mahdollisti uuden lupaavan korkealaatuisen mallin hankkimisen edulliseen hintaan. Greenhouse Standard XL:ss\u00e4 on eritt\u00e4in vahva rakenne sinkityst\u00e4 putkesta (40 x 20 mm, paksuus &#8211; 1 &#8211; 1,2 mm). Kasvihuone on p\u00e4\u00e4llystetty 6 mm paksulla polykarbonaatilla.<\/div>\n<div>\n<p><strong>Saatavilla koot hinnoilla:<\/strong><\/p>\n<\/div>\n<div>\n<div class=\"row margint10\">\n<div class=\"js-color-sizes js-color-sizes-1\"><label class=\"marginr15\">6mm &#8211; 4 x 2.7 x 4 m &#8211; 1379 EUR <label class=\"marginr15\"><label class=\"marginr15\"><label class=\"marginr15\"><label class=\"marginr15\">(ilman ALV).<\/label><\/label><\/label><\/label><\/label><\/div>\n<div class=\"js-color-sizes js-color-sizes-1\"><label class=\"marginr15\">6mm &#8211; 4 x 2.7 x 6 m &#8211; 1679 EUR <label class=\"marginr15\"><label class=\"marginr15\"><label class=\"marginr15\"><label class=\"marginr15\">(ilman ALV).<\/label><\/label><\/label><\/label><\/label><\/div>\n<div class=\"js-color-sizes js-color-sizes-1\"><label class=\"marginr15\">6mm &#8211; 4 x 2.7 x 8 m &#8211; 1979 EUR <label class=\"marginr15\"><label class=\"marginr15\"><label class=\"marginr15\"><label class=\"marginr15\">(ilman ALV).<\/label><\/label><\/label><\/label><\/label><\/div>\n<div class=\"js-color-sizes js-color-sizes-1\"><label class=\"marginr15\">6mm &#8211; 4 x 2.7 x 10 m &#8211; 2279 EUR <label class=\"marginr15\"><label class=\"marginr15\"><label class=\"marginr15\"><label class=\"marginr15\">(ilman ALV).<\/label><\/label><\/label><\/label><\/label><\/div>\n<div class=\"js-color-sizes js-color-sizes-1\"><label class=\"marginr15\">6mm &#8211; 4 x 2.7 x 12 m &#8211; 2579 EUR <label class=\"marginr15\"><label class=\"marginr15\"><label class=\"marginr15\"><label class=\"marginr15\">(ilman ALV).<\/label><\/label><\/label><\/label><\/label><\/div>\n<div class=\"js-color-sizes js-color-sizes-1\">\n<p><strong>Lis\u00e4ksi:<\/strong><\/p>\n<\/div>\n<\/div>\n<\/div>\n<div>\n<div class=\"row margint10\">\n<div class=\"row margint20\">\n<div class=\"row margint10\">\n<p>Ilmaikkuna \u2013 30 EUR\u00a0<label class=\"marginr15\"><label class=\"marginr15\"><label class=\"marginr15\"><label class=\"marginr15\"><label class=\"marginr15\">(<label class=\"marginr15\"><label class=\"marginr15\"><label class=\"marginr15\"><label class=\"marginr15\">ilman ALV<\/label><\/label><\/label><\/label>).<\/label><\/label><\/label><\/label><\/label><br \/>\nAutomaatio \u2013 35 EUR\u00a0<label class=\"marginr15\"><label class=\"marginr15\"><label class=\"marginr15\"><label class=\"marginr15\"><label class=\"marginr15\">(<label class=\"marginr15\"><label class=\"marginr15\"><label class=\"marginr15\"><label class=\"marginr15\">ilman ALV<\/label><\/label><\/label><\/label>).<br \/>\nKasteluj\u00e4rjestelm\u00e4 \u2013 65 EUR\u00a0<label class=\"marginr15\"><label class=\"marginr15\"><label class=\"marginr15\"><label class=\"marginr15\"><label class=\"marginr15\">(<label class=\"marginr15\"><label class=\"marginr15\"><label class=\"marginr15\"><label class=\"marginr15\">ilman ALV<\/label><\/label><\/label><\/label>).<br \/>\nSinkitty kasvipenkki 0,7m \u2013 55 EUR\u00a0<\/label><\/label><\/label><\/label><\/label><\/label><\/label><\/label><\/label><\/label><label class=\"marginr15\"><label class=\"marginr15\"><label class=\"marginr15\"><label class=\"marginr15\"><label class=\"marginr15\"><label class=\"marginr15\"><label class=\"marginr15\"><label class=\"marginr15\"><label class=\"marginr15\"><label class=\"marginr15\"><label class=\"marginr15\"><label class=\"marginr15\"><label class=\"marginr15\"><label class=\"marginr15\"><label class=\"marginr15\"><label class=\"marginr15\"><label class=\"marginr15\"><label class=\"marginr15\"><label class=\"marginr15\"><label class=\"marginr15\">(<label class=\"marginr15\"><label class=\"marginr15\"><label class=\"marginr15\"><label class=\"marginr15\">ilman ALV<\/label><\/label><\/label><\/label>).<\/label><\/label><\/label><\/label><\/label><\/label><\/label><\/label><\/label><\/label><\/label><\/label><\/label><\/label><\/label><\/label><\/label><\/label><\/label><\/label><strong><label class=\"marginr15\"><label class=\"marginr15\"><label class=\"marginr15\"><label class=\"marginr15\"><label class=\"marginr15\"><label class=\"marginr15\"><label class=\"marginr15\"><label class=\"marginr15\"><label class=\"marginr15\"><label class=\"marginr15\"><br \/>\n<\/label><\/label><\/label><\/label><\/label><\/label><\/label><\/label><\/label><\/label><\/strong><\/p>\n<p>Tarjoamme my\u00f6s asennusta ja kuljetusta. L\u00e4het\u00e4 meille osoitteesi saadaksesi tarjouksen.<\/p>\n<p><strong>HUOM! Kasvihuoneessa, jossa on 6 mm polykarbonaattia, p\u00e4\u00e4dyt ovat valmistettu 4 mm polykarbonaatista.<\/strong><\/p>\n<\/div>\n<\/div>\n<\/div>\n<\/div>\n","protected":false},"excerpt":{"rendered":"<p>Ensimm\u00e4ist\u00e4 kertaa rungon erikoiskuormitetuissa osissa k\u00e4ytettiin laajaa vahvistettua profiilia, joka kest\u00e4\u00e4 raskaan lumikuorman. Uuden leve\u00e4n profiilin k\u00e4yt\u00f6n ansiosta oli mahdollista v\u00e4hent\u00e4\u00e4 osien m\u00e4\u00e4r\u00e4\u00e4, yksinkertaistaa kokoamista ja lis\u00e4t\u00e4 rakenteen kantokyky\u00e4 ilman hintaa nostamatta. Kasvihuoneen leveys on optimaalinen kolmelle s\u00e4ngylle. Kasvihuoneen geometria on harkittu sen t\u00e4ytt\u00e4miseksi edelleen erilaisilla lis\u00e4varusteilla: taimien sivuhyllyt, pennit. Kaikki t\u00e4m\u00e4 mahdollisti uuden lupaavan korkealaatuisen mallin hankkimisen edulliseen hintaan. Greenhouse Standard XL:ss\u00e4 on eritt\u00e4in vahva rakenne sinkityst\u00e4 putkesta (40 x 20 mm, paksuus &#8211; 1 &#8211; 1,2 mm). Kasvihuone on p\u00e4\u00e4llystetty 6 mm paksulla polykarbonaatilla.<\/p>\n","protected":false},"featured_media":4882,"comment_status":"open","ping_status":"closed","template":"","meta":{"_acf_changed":false},"factory":[],"free-shipment":[],"product_brand":[],"product_cat":[452,452,453,453],"product_tag":[506,506],"class_list":{"0":"post-4861","1":"product","2":"type-product","3":"status-publish","4":"has-post-thumbnail","6":"product_cat-kasvihuoneet","8":"product_cat-premium-fi","10":"product_tag-greenhouse-fi","13":"first","14":"instock","15":"sale","16":"taxable","17":"shipping-taxable","18":"purchasable","19":"product-type-simple"},"acf":[],"_links":{"self":[{"href":"https:\/\/factory.sale\/fi\/wp-json\/wp\/v2\/product\/4861","targetHints":{"allow":["GET"]}}],"collection":[{"href":"https:\/\/factory.sale\/fi\/wp-json\/wp\/v2\/product"}],"about":[{"href":"https:\/\/factory.sale\/fi\/wp-json\/wp\/v2\/types\/product"}],"replies":[{"embeddable":true,"href":"https:\/\/factory.sale\/fi\/wp-json\/wp\/v2\/comments?post=4861"}],"wp:featuredmedia":[{"embeddable":true,"href":"https:\/\/factory.sale\/fi\/wp-json\/wp\/v2\/media\/4882"}],"wp:attachment":[{"href":"https:\/\/factory.sale\/fi\/wp-json\/wp\/v2\/media?parent=4861"}],"wp:term":[{"taxonomy":"factory","embeddable":true,"href":"https:\/\/factory.sale\/fi\/wp-json\/wp\/v2\/factory?post=4861"},{"taxonomy":"free-shipment","embeddable":true,"href":"https:\/\/factory.sale\/fi\/wp-json\/wp\/v2\/free-shipment?post=4861"},{"taxonomy":"product_brand","embeddable":true,"href":"https:\/\/factory.sale\/fi\/wp-json\/wp\/v2\/product_brand?post=4861"},{"taxonomy":"product_cat","embeddable":true,"href":"https:\/\/factory.sale\/fi\/wp-json\/wp\/v2\/product_cat?post=4861"},{"taxonomy":"product_tag","embeddable":true,"href":"https:\/\/factory.sale\/fi\/wp-json\/wp\/v2\/product_tag?post=4861"}],"curies":[{"name":"wp","href":"https:\/\/api.w.org\/{rel}","templated":true}]}}