{"id":47159,"date":"2023-11-15T12:24:47","date_gmt":"2023-11-15T12:31:43","guid":{"rendered":"https:\/\/factory.sale\/?post_type=product&#038;p=47159"},"modified":"2024-09-18T13:20:41","modified_gmt":"2024-09-18T10:20:41","slug":"leapton-660w-lp210210-m-66-mh-bifacial-alu-runko","status":"publish","type":"product","link":"https:\/\/factory.sale\/fi\/tuote\/leapton-660w-lp210210-m-66-mh-bifacial-alu-runko\/","title":{"rendered":"Leapton 660W LP210*210-M-66-MH Bifacial Alu runko"},"content":{"rendered":"<p>Leapton, maailmanlaajuinen korkealaatuisten aurinkopaneelien valmistaja. Yritys keskittyy korkealaatuisten tuotej\u00e4rjestelmien suunnitteluun ja integrointiin ja on mukana kehitt\u00e4m\u00e4ss\u00e4 ja edist\u00e4m\u00e4ss\u00e4 keski- ja huippuluokan aurinkos\u00e4hk\u00f6j\u00e4rjestelmi\u00e4.<\/p>\n<p>&nbsp;<\/p>\n<h3>Maksimiluokitus<\/h3>\n<p>J\u00e4rjestelm\u00e4n suurin j\u00e4nnite: 1500 V<\/p>\n<p>&nbsp;<\/p>\n<h3>L\u00e4mp\u00f6luokitus<\/h3>\n<p>L\u00e4mp\u00f6tilakerroin Pmax: -0,36 %\/\u00b0C<\/p>\n<p>L\u00e4mp\u00f6tila\u00a0Voc:\u00a0-0,28 %\/\u00b0C<\/p>\n<p>L\u00e4mp\u00f6tila\u00a0Isc:n kerroin:\u00a00,05 %\/\u00b0C<\/p>\n<p>&nbsp;<\/p>\n<h3>S\u00e4hk\u00f6tiedot osoitteessa NOCT<\/h3>\n<p>L\u00e4mp\u00f6tila:\u00a041\u00b13 \u00b0C<\/p>\n<p>Kennojen nimellinen k\u00e4ytt\u00f6l\u00e4mp\u00f6tila (NOCT): 800 W\/M2, AM 1,5&lt;\u00a0tuulennopeus 1 m\/S, ymp\u00e4rist\u00f6n l\u00e4mp\u00f6tila 20&#8217;C<\/p>\n<p>&nbsp;<\/p>\n<h3>Materiaalitiedot<\/h3>\n<p>Paneelin mitat\u00a0(K\/L\/S):\u00a02384 x 1303 x 35 mm<\/p>\n<p>Paino:\u00a034 kg<\/p>\n<p>Solutyyppi: Yksikiteinen<\/p>\n<p>Solun numero:\u00a0132<\/p>\n<p>Runkotyyppi: alumiiniseos<\/p>\n<p>Jakorasian suojausluokka: IP 68<\/p>\n<p>Liittimen tyyppi:\u00a0MC4<\/p>\n<p>Kaapelin poikkileikkaus: 4 mm2<\/p>\n<p>&nbsp;<\/p>\n<p>&nbsp;<\/p>\n<p><em>HUOM! Kpl hinta lasketaan min tilauksesta per kontti!<\/em><br \/>\n<em>Pyyd\u00e4 tarjous lavalle<\/em><\/p>\n<p>&nbsp;<\/p>\n<p><a href=\"https:\/\/factory.sale\/wp-content\/uploads\/2023\/11\/650.660W.pdf\" target=\"_blank\" rel=\"noopener\">Leapton tuotekortti<\/a><\/p>\n<p>&nbsp;<\/p>\n<p>&nbsp;<\/p>\n","protected":false},"excerpt":{"rendered":"<h3>Japanilaisen valmistajan aurinkos\u00e4hk\u00f6paneelit<\/h3>\n<p>Leapton, maailmanlaajuinen korkealaatuisten aurinkopaneelien valmistaja. Yritys keskittyy korkealaatuisten tuotej\u00e4rjestelmien suunnitteluun ja integrointiin ja on mukana kehitt\u00e4m\u00e4ss\u00e4 ja edist\u00e4m\u00e4ss\u00e4 keski- ja huippuluokan aurinkos\u00e4hk\u00f6j\u00e4rjestelmi\u00e4.<\/p>\n<p>&nbsp;<\/p>\n","protected":false},"featured_media":47042,"comment_status":"open","ping_status":"closed","template":"","meta":{"_acf_changed":false},"factory":[],"free-shipment":[],"product_brand":[],"product_cat":[2653,1332],"product_tag":[1417],"class_list":{"0":"post-47159","1":"product","2":"type-product","3":"status-publish","4":"has-post-thumbnail","6":"product_cat-leapton-solar-fi","7":"product_cat-uusiutuva-energia","8":"product_tag-renewable-energy-fi","10":"first","11":"instock","12":"sale","13":"taxable","14":"shipping-taxable","15":"purchasable","16":"product-type-simple"},"acf":[],"_links":{"self":[{"href":"https:\/\/factory.sale\/fi\/wp-json\/wp\/v2\/product\/47159","targetHints":{"allow":["GET"]}}],"collection":[{"href":"https:\/\/factory.sale\/fi\/wp-json\/wp\/v2\/product"}],"about":[{"href":"https:\/\/factory.sale\/fi\/wp-json\/wp\/v2\/types\/product"}],"replies":[{"embeddable":true,"href":"https:\/\/factory.sale\/fi\/wp-json\/wp\/v2\/comments?post=47159"}],"wp:featuredmedia":[{"embeddable":true,"href":"https:\/\/factory.sale\/fi\/wp-json\/wp\/v2\/media\/47042"}],"wp:attachment":[{"href":"https:\/\/factory.sale\/fi\/wp-json\/wp\/v2\/media?parent=47159"}],"wp:term":[{"taxonomy":"factory","embeddable":true,"href":"https:\/\/factory.sale\/fi\/wp-json\/wp\/v2\/factory?post=47159"},{"taxonomy":"free-shipment","embeddable":true,"href":"https:\/\/factory.sale\/fi\/wp-json\/wp\/v2\/free-shipment?post=47159"},{"taxonomy":"product_brand","embeddable":true,"href":"https:\/\/factory.sale\/fi\/wp-json\/wp\/v2\/product_brand?post=47159"},{"taxonomy":"product_cat","embeddable":true,"href":"https:\/\/factory.sale\/fi\/wp-json\/wp\/v2\/product_cat?post=47159"},{"taxonomy":"product_tag","embeddable":true,"href":"https:\/\/factory.sale\/fi\/wp-json\/wp\/v2\/product_tag?post=47159"}],"curies":[{"name":"wp","href":"https:\/\/api.w.org\/{rel}","templated":true}]}}