{"id":47129,"date":"2023-11-14T22:50:06","date_gmt":"2023-11-15T11:34:07","guid":{"rendered":"https:\/\/factory.sale\/?post_type=product&#038;p=47129"},"modified":"2024-06-25T11:52:14","modified_gmt":"2024-06-25T11:52:14","slug":"leapton-lp182182-m-60-mh-480-w-musta-runko","status":"publish","type":"product","link":"https:\/\/factory.sale\/fi\/tuote\/leapton-lp182182-m-60-mh-480-w-musta-runko\/","title":{"rendered":"Leapton LP182*182-M-60-MH 480 W musta runko"},"content":{"rendered":"<p>Leapton, maailmanlaajuinen korkealaatuisten aurinkopaneelien valmistaja. Yritys keskittyy korkealaatuisten tuotej\u00e4rjestelmien suunnitteluun ja integrointiin ja on mukana kehitt\u00e4m\u00e4ss\u00e4 ja edist\u00e4m\u00e4ss\u00e4 keski- ja huippuluokan aurinkos\u00e4hk\u00f6j\u00e4rjestelmi\u00e4.<\/p>\n<p>&nbsp;<\/p>\n<p><strong>Tekniset tiedot:<\/strong><\/p>\n<p>Valmistaja: Leapton<br \/>\nTyyppi: LP182*182-M-60-MH &#8211; 480W<br \/>\nLuokka: Mono<br \/>\nLaji: Uudet tuotteet<br \/>\nKunto: Uusi<br \/>\nIk\u00e4: Uusi<br \/>\nVaraosa: Ei<\/p>\n<p>Nimellisteho: 480 Wp<br \/>\nMPP-virta: 13,78 A<br \/>\nMPP-j\u00e4nnite: 35,2 V<br \/>\nOikosulkuvirta: 13,08 A<br \/>\nAvoimen piirin j\u00e4nnite: 41,8 V<br \/>\nMax. J\u00e4nnite: 1500V<br \/>\nPituus: 1909 mm<br \/>\nLeveys: 1134 mm<br \/>\nSyvyys: 30 mm<br \/>\nPaino: 23 kg<\/p>\n<p>&nbsp;<\/p>\n<p><em>HUOM! Hinta on per kontti!<\/em><br \/>\n<em>Pyyd\u00e4 tarjous lavalle!<\/em><\/p>\n<p>&nbsp;<\/p>\n<p><a href=\"https:\/\/factory.sale\/wp-content\/uploads\/2023\/11\/480W-Monofacial.pdf\" target=\"_blank\" rel=\"noopener\">Leapton tuotekortti<\/a><\/p>\n","protected":false},"excerpt":{"rendered":"<h3>Japanilaisen valmistajan aurinkos\u00e4hk\u00f6paneelit<\/h3>\n<p>Leapton, maailmanlaajuinen korkealaatuisten aurinkopaneelien valmistaja. Yritys keskittyy korkealaatuisten tuotej\u00e4rjestelmien suunnitteluun ja integrointiin ja on mukana kehitt\u00e4m\u00e4ss\u00e4 ja edist\u00e4m\u00e4ss\u00e4 keski- ja huippuluokan aurinkos\u00e4hk\u00f6j\u00e4rjestelmi\u00e4.<\/p>\n<p><strong><em>Tilaukset alkaen 1000 \u20ac sis\u00e4lt\u00e4v\u00e4t toimituksen mantereisen Viron hintaan.<\/em><\/strong><\/p>\n","protected":false},"featured_media":47042,"comment_status":"open","ping_status":"closed","template":"","meta":{"_acf_changed":false},"factory":[],"free-shipment":[],"product_brand":[],"product_cat":[2651,962],"product_tag":[],"class_list":{"0":"post-47129","1":"product","2":"type-product","3":"status-publish","4":"has-post-thumbnail","6":"product_cat-leapton-solar","7":"product_cat-renewable-energy","9":"first","10":"instock","11":"sale","12":"taxable","13":"shipping-taxable","14":"purchasable","15":"product-type-simple"},"acf":[],"_links":{"self":[{"href":"https:\/\/factory.sale\/fi\/wp-json\/wp\/v2\/product\/47129","targetHints":{"allow":["GET"]}}],"collection":[{"href":"https:\/\/factory.sale\/fi\/wp-json\/wp\/v2\/product"}],"about":[{"href":"https:\/\/factory.sale\/fi\/wp-json\/wp\/v2\/types\/product"}],"replies":[{"embeddable":true,"href":"https:\/\/factory.sale\/fi\/wp-json\/wp\/v2\/comments?post=47129"}],"wp:featuredmedia":[{"embeddable":true,"href":"https:\/\/factory.sale\/fi\/wp-json\/wp\/v2\/media\/47042"}],"wp:attachment":[{"href":"https:\/\/factory.sale\/fi\/wp-json\/wp\/v2\/media?parent=47129"}],"wp:term":[{"taxonomy":"factory","embeddable":true,"href":"https:\/\/factory.sale\/fi\/wp-json\/wp\/v2\/factory?post=47129"},{"taxonomy":"free-shipment","embeddable":true,"href":"https:\/\/factory.sale\/fi\/wp-json\/wp\/v2\/free-shipment?post=47129"},{"taxonomy":"product_brand","embeddable":true,"href":"https:\/\/factory.sale\/fi\/wp-json\/wp\/v2\/product_brand?post=47129"},{"taxonomy":"product_cat","embeddable":true,"href":"https:\/\/factory.sale\/fi\/wp-json\/wp\/v2\/product_cat?post=47129"},{"taxonomy":"product_tag","embeddable":true,"href":"https:\/\/factory.sale\/fi\/wp-json\/wp\/v2\/product_tag?post=47129"}],"curies":[{"name":"wp","href":"https:\/\/api.w.org\/{rel}","templated":true}]}}