{"id":47023,"date":"2023-11-14T21:15:19","date_gmt":"2023-11-14T21:22:38","guid":{"rendered":"https:\/\/factory.sale\/?post_type=product&#038;p=47023"},"modified":"2025-03-22T01:38:35","modified_gmt":"2025-03-21T22:38:35","slug":"terasruuvi-teipilla-42x55mm-nanokate-ph2-1000-kpl-laatikko","status":"publish","type":"product","link":"https:\/\/factory.sale\/fi\/tuote\/terasruuvi-teipilla-42x55mm-nanokate-ph2-1000-kpl-laatikko\/","title":{"rendered":"Ter\u00e4sruuvi nauhalla 4,2x55mm Nanokate PH2 (1000\/kpl laatikko)"},"content":{"rendered":"<p><strong>Tuotekoodi: nord4255<\/strong><\/p>\n<p><strong>K\u00e4ytt\u00f6alueet:<\/strong><\/p>\n<p>Ulkoolosuhteissa<br \/>\nPuutarha- ja ter\u00e4slevyjen asentamiseen puurunkoon<br \/>\nLeikkausura v\u00e4hent\u00e4\u00e4 halkeamien muodostumista puuhun<br \/>\nNanopinnoitetut ruuvit ovat eritt\u00e4in kest\u00e4vi\u00e4 ulko-olosuhteissa<br \/>\nSuosittelemme k\u00e4ytt\u00e4m\u00e4\u00e4n vain ruostumattomasta ter\u00e4ksest\u00e4 valmistettuja ruuveja l\u00e4mp\u00f6k\u00e4sitellylle ter\u00e4smateriaalille<\/p>\n<p>&nbsp;<\/p>\n<p><strong>Tuotetiedot:<\/strong><\/p>\n<table style=\"height: 285px;\" border=\"1\" width=\"565\">\n<tbody>\n<tr>\n<td>Halkaisija<\/td>\n<td>4.2 mm<\/td>\n<\/tr>\n<tr>\n<td>Pituus<\/td>\n<td>55 mm<\/td>\n<\/tr>\n<tr>\n<td>P\u00e4\u00e4n muotoinen<\/td>\n<td>piilop\u00e4\u00e4<\/td>\n<\/tr>\n<tr>\n<td>Lankatyyppinen<\/td>\n<td>hiukkaslanka<\/td>\n<\/tr>\n<tr>\n<td>Materiaali<\/td>\n<td>ter\u00e4st\u00e4<\/td>\n<\/tr>\n<tr>\n<td>Pintapinnoite<\/td>\n<td>nanopinnoite<\/td>\n<\/tr>\n<tr>\n<td>Suutin<\/td>\n<td>PH2<\/td>\n<\/tr>\n<tr>\n<td>M\u00e4\u00e4r\u00e4 laatikossa<\/td>\n<td>1000 tk<\/td>\n<\/tr>\n<\/tbody>\n<\/table>\n<p>&nbsp;<\/p>\n","protected":false},"excerpt":{"rendered":"<p><strong>K\u00e4ytt\u00f6alueet:<\/strong><\/p>\n<p>Ulkoolosuhteissa<br \/>\nPuutarha- ja ter\u00e4slevyjen asentamiseen puurunkoon<br \/>\nLeikkausura v\u00e4hent\u00e4\u00e4 halkeamien muodostumista puuhun<br \/>\nNanopinnoitetut ruuvit ovat eritt\u00e4in kest\u00e4vi\u00e4 ulko-olosuhteissa<br \/>\nSuosittelemme k\u00e4ytt\u00e4m\u00e4\u00e4n vain ruostumattomasta ter\u00e4ksest\u00e4 valmistettuja ruuveja l\u00e4mp\u00f6k\u00e4sitellylle ter\u00e4smateriaalille<\/p>\n<p>&nbsp;<\/p>\n","protected":false},"featured_media":47020,"comment_status":"open","ping_status":"closed","template":"","meta":{"_acf_changed":false},"factory":[],"free-shipment":[],"product_brand":[],"product_cat":[1322,1321],"product_tag":[],"class_list":{"0":"post-47023","1":"product","2":"type-product","3":"status-publish","4":"has-post-thumbnail","6":"product_cat-tyokalut-ja-valineet","7":"product_cat-yleinen-rakentaminen","9":"first","10":"instock","11":"sale","12":"taxable","13":"shipping-taxable","14":"purchasable","15":"product-type-simple"},"acf":[],"_links":{"self":[{"href":"https:\/\/factory.sale\/fi\/wp-json\/wp\/v2\/product\/47023","targetHints":{"allow":["GET"]}}],"collection":[{"href":"https:\/\/factory.sale\/fi\/wp-json\/wp\/v2\/product"}],"about":[{"href":"https:\/\/factory.sale\/fi\/wp-json\/wp\/v2\/types\/product"}],"replies":[{"embeddable":true,"href":"https:\/\/factory.sale\/fi\/wp-json\/wp\/v2\/comments?post=47023"}],"wp:featuredmedia":[{"embeddable":true,"href":"https:\/\/factory.sale\/fi\/wp-json\/wp\/v2\/media\/47020"}],"wp:attachment":[{"href":"https:\/\/factory.sale\/fi\/wp-json\/wp\/v2\/media?parent=47023"}],"wp:term":[{"taxonomy":"factory","embeddable":true,"href":"https:\/\/factory.sale\/fi\/wp-json\/wp\/v2\/factory?post=47023"},{"taxonomy":"free-shipment","embeddable":true,"href":"https:\/\/factory.sale\/fi\/wp-json\/wp\/v2\/free-shipment?post=47023"},{"taxonomy":"product_brand","embeddable":true,"href":"https:\/\/factory.sale\/fi\/wp-json\/wp\/v2\/product_brand?post=47023"},{"taxonomy":"product_cat","embeddable":true,"href":"https:\/\/factory.sale\/fi\/wp-json\/wp\/v2\/product_cat?post=47023"},{"taxonomy":"product_tag","embeddable":true,"href":"https:\/\/factory.sale\/fi\/wp-json\/wp\/v2\/product_tag?post=47023"}],"curies":[{"name":"wp","href":"https:\/\/api.w.org\/{rel}","templated":true}]}}