{"id":46964,"date":"2023-11-14T18:25:56","date_gmt":"2023-11-14T18:31:37","guid":{"rendered":"https:\/\/factory.sale\/?post_type=product&#038;p=46964"},"modified":"2024-06-30T13:17:39","modified_gmt":"2024-06-30T13:17:39","slug":"suojaseina-harvia-cilindro-plus-kiukaalle-hpp11","status":"publish","type":"product","link":"https:\/\/factory.sale\/fi\/tuote\/suojaseina-harvia-cilindro-plus-kiukaalle-hpp11\/","title":{"rendered":"Suojasein\u00e4 Harvia Cilindro Plus kiukaalle HPP11"},"content":{"rendered":"<p>Cilindro Plus -mallin kiukaat voi varustella tyylikk\u00e4\u00e4ll\u00e4, harjatusta ter\u00e4ksest\u00e4 valmistetulla HPP11-suojasein\u00e4ll\u00e4. Suojasein\u00e4n ansiosta kiukaan voi tuoda l\u00e4hemm\u00e4ksi saunan sein\u00e4\u00e4 tai lauderatkaisua. Suojasein\u00e4 pit\u00e4\u00e4 saunan siistin\u00e4 kivip\u00f6lylt\u00e4 ja suojaa puupintoja vesiroiskeilta. Suojasein\u00e4 soveltuu erinomaisesti my\u00f6s nurkka-asennukseen. Suojaseini\u00e4 voi asentaa my\u00f6s kaksi, jolloin Cilindro Plus -kiuas voidaan asentaa esimerkiksi vastakkain istuttavien lauteiden v\u00e4liin.<\/p>\n<p>&nbsp;<\/p>\n<p>&nbsp;<\/p>\n<p><strong>Tuotetiedot:<\/strong><\/p>\n<ul>\n<li>Malli: HPP11<\/li>\n<li>EAN: 6417659022699<\/li>\n<li>Tuotteen korkeus: 760 mm<\/li>\n<li>Tuotteen leveys: 351 mm<\/li>\n<li>Tuotteen syvyys: 175 mm<\/li>\n<li>Nettopaino: 3.8 kg<\/li>\n<\/ul>\n<p>&nbsp;<\/p>\n<p>&nbsp;<\/p>\n<p><a href=\"https:\/\/factory.sale\/wp-content\/uploads\/2023\/11\/Ohje_HPP11_suojavaippa_Y05-0472.pdf\" target=\"_blank\" rel=\"noopener\">Manuaalinen<\/a><\/p>\n<p><a href=\"https:\/\/factory.sale\/wp-content\/uploads\/2023\/11\/Ohje_HPP11_suojavaippa_Y05-0472.pdf\" target=\"_blank\" rel=\"noopener\">EU Declaration of Conformity<\/a><\/p>\n","protected":false},"excerpt":{"rendered":"<p>Cilindro Plus -mallin kiukaat voi varustella tyylikk\u00e4\u00e4ll\u00e4, harjatusta ter\u00e4ksest\u00e4 valmistetulla HPP11-suojasein\u00e4ll\u00e4. Suojasein\u00e4n ansiosta kiukaan voi tuoda l\u00e4hemm\u00e4ksi saunan sein\u00e4\u00e4 tai lauderatkaisua. Suojasein\u00e4 pit\u00e4\u00e4 saunan siistin\u00e4 kivip\u00f6lylt\u00e4 ja suojaa puupintoja vesiroiskeilta. Suojasein\u00e4 soveltuu erinomaisesti my\u00f6s nurkka-asennukseen. Suojaseini\u00e4 voi asentaa my\u00f6s kaksi, jolloin Cilindro Plus -kiuas voidaan asentaa esimerkiksi vastakkain istuttavien lauteiden v\u00e4liin.<\/p>\n","protected":false},"featured_media":46956,"comment_status":"open","ping_status":"closed","template":"","meta":{"_acf_changed":false},"factory":[],"free-shipment":[],"product_brand":[],"product_cat":[1121,1334],"product_tag":[1152,2106],"class_list":{"0":"post-46964","1":"product","2":"type-product","3":"status-publish","4":"has-post-thumbnail","6":"product_cat-saniteetti","7":"product_cat-saunatarvikkeet","8":"product_tag-harvia-fi","9":"product_tag-sauna-fi","11":"first","12":"instock","13":"sale","14":"taxable","15":"shipping-taxable","16":"purchasable","17":"product-type-simple"},"acf":[],"_links":{"self":[{"href":"https:\/\/factory.sale\/fi\/wp-json\/wp\/v2\/product\/46964","targetHints":{"allow":["GET"]}}],"collection":[{"href":"https:\/\/factory.sale\/fi\/wp-json\/wp\/v2\/product"}],"about":[{"href":"https:\/\/factory.sale\/fi\/wp-json\/wp\/v2\/types\/product"}],"replies":[{"embeddable":true,"href":"https:\/\/factory.sale\/fi\/wp-json\/wp\/v2\/comments?post=46964"}],"wp:featuredmedia":[{"embeddable":true,"href":"https:\/\/factory.sale\/fi\/wp-json\/wp\/v2\/media\/46956"}],"wp:attachment":[{"href":"https:\/\/factory.sale\/fi\/wp-json\/wp\/v2\/media?parent=46964"}],"wp:term":[{"taxonomy":"factory","embeddable":true,"href":"https:\/\/factory.sale\/fi\/wp-json\/wp\/v2\/factory?post=46964"},{"taxonomy":"free-shipment","embeddable":true,"href":"https:\/\/factory.sale\/fi\/wp-json\/wp\/v2\/free-shipment?post=46964"},{"taxonomy":"product_brand","embeddable":true,"href":"https:\/\/factory.sale\/fi\/wp-json\/wp\/v2\/product_brand?post=46964"},{"taxonomy":"product_cat","embeddable":true,"href":"https:\/\/factory.sale\/fi\/wp-json\/wp\/v2\/product_cat?post=46964"},{"taxonomy":"product_tag","embeddable":true,"href":"https:\/\/factory.sale\/fi\/wp-json\/wp\/v2\/product_tag?post=46964"}],"curies":[{"name":"wp","href":"https:\/\/api.w.org\/{rel}","templated":true}]}}