{"id":4636,"date":"2019-08-28T17:20:09","date_gmt":"2021-01-12T12:10:17","guid":{"rendered":"https:\/\/factory.sale\/?post_type=product&#038;p=4636"},"modified":"2025-03-22T01:38:56","modified_gmt":"2025-03-21T22:38:56","slug":"arpanel-ch-pur-pir-kylmarakennuksen-sandwich-paneeli","status":"publish","type":"product","link":"https:\/\/factory.sale\/fi\/tuote\/arpanel-ch-pur-pir-kylmarakennuksen-sandwich-paneeli\/","title":{"rendered":"ARPANEL CH PUR\/PIR KYLM\u00c4RAKENNUKSEN SANDWICH PANEELI"},"content":{"rendered":"<div class=\"prod-section current-target\" data-menulevel=\"1\" data-menutitle=\"Characteristics.\" data-menuindex=\"1\">\n<p>ARPANEL CH PUR \/ PIR \u2013 SPA-panelli on paras ratkaisu kylm\u00e4varastojen, j\u00e4\u00e4rakennusten, varastotilojen ja muiden esineiden sein\u00e4mien kevyen kehityksen valmisteluun, koska se kest\u00e4\u00e4 homettaa, sieni\u00e4 ja tuholaisia.<br \/>\nErityinen labyrinttilukko ja j\u00e4yk\u00e4st\u00e4 polyuretaanista (PUR) tai polyisosyanuraatista (PIR) valmistetun ytimen t\u00e4ydelliset l\u00e4mp\u00f6eristysparametrit pit\u00e4v\u00e4t huoneen tiheyden ja eristyksen t\u00e4ydellisesti. Ter\u00e4slevyt on p\u00e4\u00e4llystetty polyesterill\u00e4 tai jollain muulla orgaanisella kerroksella, joka valitaan aina erikseen rakennuksen ulko- ja sis\u00e4seinien vaatimusten mukaan. ARPANEL CH PUR \/ PIR -kylm\u00e4rakennuksen SPA-paneelille on ominaista t\u00e4ydelliset mekaaniset ominaisuudet, jotka johtuvat polyuretaani PUR \/ PIR-ytimen ominaisuuksista, sek\u00e4 kest\u00e4v\u00e4 ja luotettava yhteys ytimen ja ter\u00e4spinnoitteen v\u00e4lill\u00e4.<\/p>\n<p>Arpanelin tarjottavien arpanel CH PUR \/ PIR &#8211; kylm\u00e4rakennuksien SPA-paneelien tiedot:<\/p>\n<\/div>\n<div class=\"prod-section\" data-menulevel=\"1\" data-menutitle=\"Parametry .\" data-menuindex=\"2\">\n<table cellspacing=\"10\" cellpadding=\"10\">\n<tbody>\n<tr>\n<td><strong>Paksuus [mm]<\/strong><\/td>\n<td>120\u00a0 140\u00a0 160\u00a0 200<\/td>\n<\/tr>\n<tr>\n<td><strong>Moduulin leveys [mm]<\/strong><\/td>\n<td>1000 1100 1150<\/td>\n<\/tr>\n<tr>\n<td><strong>Pituus [mm]<\/strong><\/td>\n<td>2000 \u2013 18500<\/td>\n<\/tr>\n<tr>\n<td><strong>P\u00e4\u00e4llysteiden vakiov\u00e4rit [RAL]<\/strong><\/td>\n<td>5010 \u00a0 7016 \u00a0 7035 \u00a0 9002 \u00a0 9010 \u00a0 9006 \u00a0 9007<\/td>\n<\/tr>\n<tr>\n<td><strong>Paneelien kiinnitysj\u00e4rjestelm\u00e4t rakennukseen (lukko)<\/strong><\/td>\n<td>labyrintti<\/td>\n<\/tr>\n<tr>\n<td><strong>Paneelityyppi<\/strong><\/td>\n<td>sein\u00e4<\/td>\n<\/tr>\n<\/tbody>\n<\/table>\n<\/div>\n","protected":false},"excerpt":{"rendered":"<p>ARPANEL CH PUR \/ PIR \u2013 SANDWICH -paneeli on paras ratkaisu kylm\u00e4varastojen, j\u00e4\u00e4rakennusten, varastotilojen ja muiden esineiden sein\u00e4mien kevyen kehityksen valmisteluun, koska se kest\u00e4\u00e4 homettaa, sieni\u00e4 ja tuholaisia.<br \/>\nErityinen labyrinttilukko ja j\u00e4yk\u00e4st\u00e4 polyuretaanista (PUR) tai polyisosyanuraatista (PIR) valmistetun ytimen t\u00e4ydelliset l\u00e4mp\u00f6eristysparametrit pit\u00e4v\u00e4t huoneen tiheyden ja eristyksen t\u00e4ydellisesti.<\/p>\n","protected":false},"featured_media":4639,"comment_status":"open","ping_status":"closed","template":"","meta":{"_acf_changed":false},"factory":[],"free-shipment":[],"product_brand":[],"product_cat":[479,476],"product_tag":[],"class_list":{"0":"post-4636","1":"product","2":"type-product","3":"status-publish","4":"has-post-thumbnail","6":"product_cat-pir-pur","7":"product_cat-sandwich-panel-fi","9":"first","10":"instock","11":"sale","12":"taxable","13":"shipping-taxable","14":"purchasable","15":"product-type-simple"},"acf":[],"_links":{"self":[{"href":"https:\/\/factory.sale\/fi\/wp-json\/wp\/v2\/product\/4636","targetHints":{"allow":["GET"]}}],"collection":[{"href":"https:\/\/factory.sale\/fi\/wp-json\/wp\/v2\/product"}],"about":[{"href":"https:\/\/factory.sale\/fi\/wp-json\/wp\/v2\/types\/product"}],"replies":[{"embeddable":true,"href":"https:\/\/factory.sale\/fi\/wp-json\/wp\/v2\/comments?post=4636"}],"wp:featuredmedia":[{"embeddable":true,"href":"https:\/\/factory.sale\/fi\/wp-json\/wp\/v2\/media\/4639"}],"wp:attachment":[{"href":"https:\/\/factory.sale\/fi\/wp-json\/wp\/v2\/media?parent=4636"}],"wp:term":[{"taxonomy":"factory","embeddable":true,"href":"https:\/\/factory.sale\/fi\/wp-json\/wp\/v2\/factory?post=4636"},{"taxonomy":"free-shipment","embeddable":true,"href":"https:\/\/factory.sale\/fi\/wp-json\/wp\/v2\/free-shipment?post=4636"},{"taxonomy":"product_brand","embeddable":true,"href":"https:\/\/factory.sale\/fi\/wp-json\/wp\/v2\/product_brand?post=4636"},{"taxonomy":"product_cat","embeddable":true,"href":"https:\/\/factory.sale\/fi\/wp-json\/wp\/v2\/product_cat?post=4636"},{"taxonomy":"product_tag","embeddable":true,"href":"https:\/\/factory.sale\/fi\/wp-json\/wp\/v2\/product_tag?post=4636"}],"curies":[{"name":"wp","href":"https:\/\/api.w.org\/{rel}","templated":true}]}}