{"id":4502,"date":"2020-11-11T11:53:40","date_gmt":"2020-11-13T12:12:18","guid":{"rendered":"https:\/\/factory.sale\/?post_type=product&#038;p=4502"},"modified":"2024-07-04T11:00:31","modified_gmt":"2024-07-04T11:00:31","slug":"kobil-village-stone-3d-koristeellinen-eristyspaneeli","status":"publish","type":"product","link":"https:\/\/factory.sale\/fi\/tuote\/kobil-village-stone-3d-koristeellinen-eristyspaneeli\/","title":{"rendered":"KOBIL VILLAGE STONE 3D KORISTEELLINEN ERISTYSPANEELI"},"content":{"rendered":"<p>Koriste- ja eristysratkaisu kotiisi. 2 in 1 -tuote, energiaa s\u00e4\u00e4st\u00e4v\u00e4 ja kustannustehokas. Kevyt, valmistettu tihe\u00e4st\u00e4 kaksikomponenttisesta polyuretaanista, jolla saavutetaan korkea l\u00e4mm\u00f6njohtavuus. Koristeelliset julkisivut ovat erityinen titaanilla rikastetun akryylisementin seos, joka tekee niist\u00e4 kest\u00e4vi\u00e4 my\u00f6s \u00e4\u00e4rimm\u00e4isiss\u00e4 ulkotiloissa. Erilaiset koristeelliset kivi- ja puupaneelit tekev\u00e4t kodistasi tyylikk\u00e4\u00e4n ja l\u00e4mpim\u00e4n.<\/p>\n<p>Valitse yksi monista NATURAL-malleistamme sein\u00e4koristeluun. Meill\u00e4 on erilaisia koriste- ja puupaneeleja, jotka tekev\u00e4t kodistasi tyylikk\u00e4\u00e4n ja mukavan \/ l\u00e4mpim\u00e4n. Kaikki NATURAL-valikoimamme vaihtoehdot ovat saaneet inspiraation luonnon kauneudesta: travertiinikivi, jokikivi, graniitti, kyl\u00e4kivi, liuskekivi ja monet erilaiset puutyylit.<\/p>\n<table id=\"DataTables_Table_3\" class=\"dataTable no-footer\" role=\"grid\">\n<thead>\n<tr role=\"row\">\n<th class=\"sorting_disabled\" style=\"text-align: left;\" colspan=\"1\" rowspan=\"1\">WS01\/02\/03<\/th>\n<\/tr>\n<\/thead>\n<tbody>\n<tr class=\"odd\" role=\"row\">\n<td>Ulottuvuus:<\/td>\n<td>1110&#215;950 mm<\/td>\n<\/tr>\n<tr class=\"even\" role=\"row\">\n<td>Paneelin alue:<\/td>\n<td>0.93 m2<\/td>\n<\/tr>\n<tr class=\"odd\" role=\"row\">\n<td>PU-tiheys:<\/td>\n<td>120 kg\/m3<\/td>\n<\/tr>\n<tr class=\"even\" role=\"row\">\n<td>Paino:<\/td>\n<td>6,0 kg<\/td>\n<\/tr>\n<tr class=\"odd\" role=\"row\">\n<td>Pakkaus pahvilaatikoihin:<\/td>\n<td>6 kappaletta<\/td>\n<\/tr>\n<\/tbody>\n<\/table>\n","protected":false},"excerpt":{"rendered":"<p>Koriste- ja eristysratkaisu kotiisi. 2 in 1 -tuote, energiaa s\u00e4\u00e4st\u00e4v\u00e4 ja kustannustehokas. Kevyt, valmistettu tihe\u00e4st\u00e4 kaksikomponenttisesta polyuretaanista, jolla saavutetaan korkea l\u00e4mm\u00f6njohtavuus. Koristeelliset julkisivut ovat erityinen titaanilla rikastetun akryylisementin seos, joka tekee niist\u00e4 kest\u00e4vi\u00e4 my\u00f6s \u00e4\u00e4rimm\u00e4isiss\u00e4 ulkotiloissa. Erilaiset koristeelliset kivi- ja puupaneelit tekev\u00e4t kodistasi tyylikk\u00e4\u00e4n ja l\u00e4mpim\u00e4n.<\/p>\n","protected":false},"featured_media":4464,"comment_status":"open","ping_status":"closed","template":"","meta":{"_acf_changed":false},"factory":[],"free-shipment":[],"product_brand":[],"product_cat":[711,443,444],"product_tag":[],"class_list":{"0":"post-4502","1":"product","2":"type-product","3":"status-publish","4":"has-post-thumbnail","6":"product_cat-kobil-fi","7":"product_cat-facade-fi","8":"product_cat-clinker","10":"first","11":"instock","12":"sale","13":"taxable","14":"shipping-taxable","15":"purchasable","16":"product-type-simple"},"acf":[],"_links":{"self":[{"href":"https:\/\/factory.sale\/fi\/wp-json\/wp\/v2\/product\/4502","targetHints":{"allow":["GET"]}}],"collection":[{"href":"https:\/\/factory.sale\/fi\/wp-json\/wp\/v2\/product"}],"about":[{"href":"https:\/\/factory.sale\/fi\/wp-json\/wp\/v2\/types\/product"}],"replies":[{"embeddable":true,"href":"https:\/\/factory.sale\/fi\/wp-json\/wp\/v2\/comments?post=4502"}],"wp:featuredmedia":[{"embeddable":true,"href":"https:\/\/factory.sale\/fi\/wp-json\/wp\/v2\/media\/4464"}],"wp:attachment":[{"href":"https:\/\/factory.sale\/fi\/wp-json\/wp\/v2\/media?parent=4502"}],"wp:term":[{"taxonomy":"factory","embeddable":true,"href":"https:\/\/factory.sale\/fi\/wp-json\/wp\/v2\/factory?post=4502"},{"taxonomy":"free-shipment","embeddable":true,"href":"https:\/\/factory.sale\/fi\/wp-json\/wp\/v2\/free-shipment?post=4502"},{"taxonomy":"product_brand","embeddable":true,"href":"https:\/\/factory.sale\/fi\/wp-json\/wp\/v2\/product_brand?post=4502"},{"taxonomy":"product_cat","embeddable":true,"href":"https:\/\/factory.sale\/fi\/wp-json\/wp\/v2\/product_cat?post=4502"},{"taxonomy":"product_tag","embeddable":true,"href":"https:\/\/factory.sale\/fi\/wp-json\/wp\/v2\/product_tag?post=4502"}],"curies":[{"name":"wp","href":"https:\/\/api.w.org\/{rel}","templated":true}]}}