{"id":4492,"date":"2020-11-11T12:35:51","date_gmt":"2020-11-13T11:28:21","guid":{"rendered":"https:\/\/factory.sale\/?post_type=product&#038;p=4492"},"modified":"2024-06-28T06:36:06","modified_gmt":"2024-06-28T06:36:06","slug":"kobil-wood-3d-koristeellinen-eristyspaneeli","status":"publish","type":"product","link":"https:\/\/factory.sale\/fi\/tuote\/kobil-wood-3d-koristeellinen-eristyspaneeli\/","title":{"rendered":"KOBIL WOOD 3D KORISTEELLINEN ERISTYSPANEELI"},"content":{"rendered":"<p>Koriste- ja eristysratkaisu kotiisi. 2 in 1 -tuote, energiaa s\u00e4\u00e4st\u00e4v\u00e4 ja kustannustehokas. Kevyt, valmistettu tihe\u00e4st\u00e4 kaksikomponenttisesta polyuretaanista, jolla saavutetaan korkea l\u00e4mm\u00f6njohtavuus. Koristeelliset julkisivut ovat erityinen titaanilla rikastetun akryylisementin seos, joka tekee niist\u00e4 kest\u00e4vi\u00e4 my\u00f6s \u00e4\u00e4rimm\u00e4isiss\u00e4 ulkotiloissa. Erilaiset koristeelliset kivi- ja puupaneelit tekev\u00e4t kodistasi tyylikk\u00e4\u00e4n ja l\u00e4mpim\u00e4n.<\/p>\n<p>Valitse yksi monista NATURAL-malleistamme sein\u00e4koristeluun. Meill\u00e4 on erilaisia koriste- ja puupaneeleja, jotka tekev\u00e4t kodistasi tyylikk\u00e4\u00e4n ja mukavan \/ l\u00e4mpim\u00e4n. Kaikki NATURAL-valikoimamme vaihtoehdot ovat saaneet inspiraatiota luonnon kauneudesta: travertiinikivi, jokikivi, graniitti, kyl\u00e4kivi, liuskekivi ja monet erilaiset puutyylit.<\/p>\n<table id=\"DataTables_Table_6\" class=\"dataTable no-footer\" role=\"grid\">\n<thead>\n<tr role=\"row\">\n<th class=\"sorting_disabled\" style=\"text-align: left;\" colspan=\"1\" rowspan=\"1\">FTP01 &#8211; 03<\/th>\n<\/tr>\n<\/thead>\n<tbody>\n<tr class=\"odd\" role=\"row\">\n<td>Ulottuvuus:<\/td>\n<td>1620&#215;570 mm<\/td>\n<\/tr>\n<tr class=\"even\" role=\"row\">\n<td>Paneelin alue:<\/td>\n<td>0.91 m2<\/td>\n<\/tr>\n<tr class=\"odd\" role=\"row\">\n<td>PU-tiheys:<\/td>\n<td>120 kg\/m3<\/td>\n<\/tr>\n<tr class=\"even\" role=\"row\">\n<td>Paino:<\/td>\n<td>5,0 kg<\/td>\n<\/tr>\n<tr class=\"odd\" role=\"row\">\n<td>Pakkaus pahvilaatikoihin:<\/td>\n<td>5 kappaletta<\/td>\n<\/tr>\n<\/tbody>\n<\/table>\n","protected":false},"excerpt":{"rendered":"<p>Koriste- ja eristysratkaisu kotiisi. 2 in 1 -tuote, energiaa s\u00e4\u00e4st\u00e4v\u00e4 ja kustannustehokas. Kevyt, valmistettu tihe\u00e4st\u00e4 kaksikomponenttisesta polyuretaanista, jolla saavutetaan korkea l\u00e4mm\u00f6njohtavuus. Koristeelliset julkisivut ovat erityinen titaanilla rikastetun akryylisementin seos, joka tekee niist\u00e4 kest\u00e4vi\u00e4 my\u00f6s \u00e4\u00e4rimm\u00e4isiss\u00e4 ulkotiloissa. Erilaiset koristeelliset kivi- ja puupaneelit tekev\u00e4t kodistasi tyylikk\u00e4\u00e4n ja l\u00e4mpim\u00e4n.<\/p>\n","protected":false},"featured_media":4479,"comment_status":"open","ping_status":"closed","template":"","meta":{"_acf_changed":false},"factory":[],"free-shipment":[],"product_brand":[],"product_cat":[711,443,444],"product_tag":[],"class_list":{"0":"post-4492","1":"product","2":"type-product","3":"status-publish","4":"has-post-thumbnail","6":"product_cat-kobil-fi","7":"product_cat-facade-fi","8":"product_cat-clinker","10":"first","11":"instock","12":"sale","13":"taxable","14":"shipping-taxable","15":"purchasable","16":"product-type-simple"},"acf":[],"_links":{"self":[{"href":"https:\/\/factory.sale\/fi\/wp-json\/wp\/v2\/product\/4492","targetHints":{"allow":["GET"]}}],"collection":[{"href":"https:\/\/factory.sale\/fi\/wp-json\/wp\/v2\/product"}],"about":[{"href":"https:\/\/factory.sale\/fi\/wp-json\/wp\/v2\/types\/product"}],"replies":[{"embeddable":true,"href":"https:\/\/factory.sale\/fi\/wp-json\/wp\/v2\/comments?post=4492"}],"wp:featuredmedia":[{"embeddable":true,"href":"https:\/\/factory.sale\/fi\/wp-json\/wp\/v2\/media\/4479"}],"wp:attachment":[{"href":"https:\/\/factory.sale\/fi\/wp-json\/wp\/v2\/media?parent=4492"}],"wp:term":[{"taxonomy":"factory","embeddable":true,"href":"https:\/\/factory.sale\/fi\/wp-json\/wp\/v2\/factory?post=4492"},{"taxonomy":"free-shipment","embeddable":true,"href":"https:\/\/factory.sale\/fi\/wp-json\/wp\/v2\/free-shipment?post=4492"},{"taxonomy":"product_brand","embeddable":true,"href":"https:\/\/factory.sale\/fi\/wp-json\/wp\/v2\/product_brand?post=4492"},{"taxonomy":"product_cat","embeddable":true,"href":"https:\/\/factory.sale\/fi\/wp-json\/wp\/v2\/product_cat?post=4492"},{"taxonomy":"product_tag","embeddable":true,"href":"https:\/\/factory.sale\/fi\/wp-json\/wp\/v2\/product_tag?post=4492"}],"curies":[{"name":"wp","href":"https:\/\/api.w.org\/{rel}","templated":true}]}}