{"id":41697,"date":"2023-10-22T15:21:35","date_gmt":"2023-10-22T15:28:11","guid":{"rendered":"https:\/\/factory.sale\/?post_type=product&#038;p=41697"},"modified":"2024-06-26T20:23:15","modified_gmt":"2024-06-26T20:23:15","slug":"remmers-hk-stain","status":"publish","type":"product","link":"https:\/\/factory.sale\/fi\/tuote\/remmers-hk-stain\/","title":{"rendered":"Remmers HK Stain"},"content":{"rendered":"<p>Liuotinpohjainen premium puunsuoja-aine, joka tarjoaa erinomaista kosteussuojaa ulkok\u00e4ytt\u00f6\u00f6n tarkoitetulle puulle.<\/p>\n<p>&nbsp;<\/p>\n<p><strong>Kulutus:<\/strong><\/p>\n<ul>\n<li>puulla l\u00e4mmitett\u00e4ville paljuille: 2,5 l<\/li>\n<li>1,6m \u2013 2,4m saunoille: 5 l<\/li>\n<li>3m \u2013 4m saunoille: 7,5 l<\/li>\n<li>5m saunoille ja ovaalisaunoille: 10 l<\/li>\n<\/ul>\n<p>&nbsp;<\/p>\n<p>3 yhdess\u00e4: kyll\u00e4stys, pohjustus ja petsaus<br \/>\nSuojaa puuta kosteudelta ja tarjoaa tehokasta suojaa sinist\u00e4 lahoa aiheuttavilta sienilt\u00e4<br \/>\nV\u00e4hent\u00e4\u00e4 lahoamisen riski\u00e4, kun sit\u00e4 k\u00e4ytet\u00e4\u00e4n yhdess\u00e4 rakenteellisten puunsuojausmenetelmien kanssa<br \/>\nKorkea kiintoainepitoisuus tarjoaa suojan pesivilt\u00e4 ampiaisilta<br \/>\nSuojakalvo homeelle ja lev\u00e4lle<br \/>\nHengitt\u00e4v\u00e4<br \/>\nHyv\u00e4 tunkeutumiskyky<br \/>\nSeuraava k\u00e4sittely ilman hiontaa.<\/p>\n","protected":false},"excerpt":{"rendered":"<p>3 yhdess\u00e4: kyll\u00e4stys, pohjustus ja petsaus<br \/>\nSuojaa puuta kosteudelta ja tarjoaa tehokasta suojaa sinist\u00e4 lahoa aiheuttavilta sienilt\u00e4<br \/>\nV\u00e4hent\u00e4\u00e4 lahoamisen riski\u00e4, kun sit\u00e4 k\u00e4ytet\u00e4\u00e4n yhdess\u00e4 rakenteellisten puunsuojausmenetelmien kanssa<br \/>\nKorkea kiintoainepitoisuus tarjoaa suojan pesivilt\u00e4 ampiaisilta<br \/>\nSuojakalvo homeelle ja lev\u00e4lle<br \/>\nHengitt\u00e4v\u00e4<br \/>\nHyv\u00e4 tunkeutumiskyky<br \/>\nSeuraava k\u00e4sittely ilman hiontaa.<\/p>\n","protected":false},"featured_media":41694,"comment_status":"open","ping_status":"closed","template":"","meta":{"_acf_changed":false},"factory":[],"free-shipment":[],"product_brand":[],"product_cat":[1121,2612],"product_tag":[2106],"class_list":{"0":"post-41697","1":"product","2":"type-product","3":"status-publish","4":"has-post-thumbnail","6":"product_cat-saniteetti","7":"product_cat-saunasuojat","8":"product_tag-sauna-fi","10":"first","11":"instock","12":"sale","13":"taxable","14":"shipping-taxable","15":"purchasable","16":"product-type-simple"},"acf":[],"_links":{"self":[{"href":"https:\/\/factory.sale\/fi\/wp-json\/wp\/v2\/product\/41697","targetHints":{"allow":["GET"]}}],"collection":[{"href":"https:\/\/factory.sale\/fi\/wp-json\/wp\/v2\/product"}],"about":[{"href":"https:\/\/factory.sale\/fi\/wp-json\/wp\/v2\/types\/product"}],"replies":[{"embeddable":true,"href":"https:\/\/factory.sale\/fi\/wp-json\/wp\/v2\/comments?post=41697"}],"wp:featuredmedia":[{"embeddable":true,"href":"https:\/\/factory.sale\/fi\/wp-json\/wp\/v2\/media\/41694"}],"wp:attachment":[{"href":"https:\/\/factory.sale\/fi\/wp-json\/wp\/v2\/media?parent=41697"}],"wp:term":[{"taxonomy":"factory","embeddable":true,"href":"https:\/\/factory.sale\/fi\/wp-json\/wp\/v2\/factory?post=41697"},{"taxonomy":"free-shipment","embeddable":true,"href":"https:\/\/factory.sale\/fi\/wp-json\/wp\/v2\/free-shipment?post=41697"},{"taxonomy":"product_brand","embeddable":true,"href":"https:\/\/factory.sale\/fi\/wp-json\/wp\/v2\/product_brand?post=41697"},{"taxonomy":"product_cat","embeddable":true,"href":"https:\/\/factory.sale\/fi\/wp-json\/wp\/v2\/product_cat?post=41697"},{"taxonomy":"product_tag","embeddable":true,"href":"https:\/\/factory.sale\/fi\/wp-json\/wp\/v2\/product_tag?post=41697"}],"curies":[{"name":"wp","href":"https:\/\/api.w.org\/{rel}","templated":true}]}}