{"id":41647,"date":"2023-10-22T14:39:26","date_gmt":"2023-10-22T14:46:42","guid":{"rendered":"https:\/\/factory.sale\/?post_type=product&#038;p=41647"},"modified":"2024-06-25T14:18:02","modified_gmt":"2024-06-25T14:18:02","slug":"homeen-poisto-homeenpoisto-tikkurila-1l","status":"publish","type":"product","link":"https:\/\/factory.sale\/fi\/tuote\/homeen-poisto-homeenpoisto-tikkurila-1l\/","title":{"rendered":"Homeen poisto \u2013 Homeenpoisto (Tikkurila), 1L"},"content":{"rendered":"<p>Homeen ja lev\u00e4n poistoon maalatuilta ja maalaamattomilta puupinnoilta, rappauksilta ja betonipinnoilta ennen uutta tai huoltomaalausta sek\u00e4 betonilaatoilta ja kuitusementtipinnoilta ennen huoltomaalausta. Jo maalatuilla pinnoilla, jotka ovat hyv\u00e4ss\u00e4 kunnossa, ei tarvita huoltomaalausta Homeenpoiston k\u00e4yt\u00f6n j\u00e4lkeen.<\/p>\n<p>&nbsp;<\/p>\n<p><strong>Komponenttien sekoitus<\/strong><br \/>\nLaimenna Homeen Poisto vedell\u00e4 suhteessa 1:3.<\/p>\n<p>&nbsp;<\/p>\n<p><strong>Pinnan esivalmistelu<\/strong><br \/>\nSuojaa lasi, alumiini ja muut vastaavat pinnat, joita puhdistusaine saattaisi vahingoittaa.<\/p>\n<p>&nbsp;<\/p>\n<p><strong>Levitys<\/strong><br \/>\nLaimenna Tikkurila Homeenpoisto vedell\u00e4 suhteessa 1:3. Levit\u00e4 laimennettu seos homeen peitt\u00e4m\u00e4lle julkisivulle alhaalta yl\u00f6sp\u00e4in k\u00e4ytt\u00e4en sient\u00e4, pehme\u00e4\u00e4 harjaa tai suurilla alueilla puutarhaletkua. Puhdistaminen ylh\u00e4\u00e4lt\u00e4 alas saattaa j\u00e4tt\u00e4\u00e4 juovia julkisivuun. Anna aineen vaikuttaa noin 30 minuuttia. Jos alusta on eritt\u00e4in homeinen, liuosta voi j\u00e4tt\u00e4\u00e4 p\u00e4\u00e4lle pidemm\u00e4ksi aikaa. K\u00e4yt\u00e4 harjaa tarvittaessa. Huuhtele pinnat huolellisesti puhtaalla vedell\u00e4 ylh\u00e4\u00e4lt\u00e4 alas, esim. letkulla.<\/p>\n<p>&nbsp;<\/p>\n<p><strong>Ty\u00f6kalujen puhdistus<\/strong><br \/>\nPuhdista ty\u00f6kalut vedell\u00e4.<\/p>\n<p>&nbsp;<\/p>\n<p><strong>Ymp\u00e4rist\u00f6nsuojelu ja j\u00e4tteiden k\u00e4sittely<\/strong><br \/>\nKierr\u00e4t\u00e4 tyhj\u00e4t, kuivat purkit tai h\u00e4vit\u00e4 ne paikallisten m\u00e4\u00e4r\u00e4ysten mukaisesti. \u00c4l\u00e4 kaada laimentamatonta liuosta viem\u00e4riin, vesist\u00f6\u00f6n tai maahan. K\u00e4sittele laimentamattomat nestem\u00e4iset j\u00e4tteet paikallisten vaarallisten j\u00e4tteiden m\u00e4\u00e4r\u00e4ysten mukaisesti.<\/p>\n<p>&nbsp;<\/p>\n<p><strong>Terveys ja turvallisuus<\/strong><br \/>\nSis\u00e4lt\u00e4\u00e4: alkyyli(C12-16)dimetyylibentsyyliammoniumkloridia. Vaara. Aiheuttaa vakavia palovammoja ja silm\u00e4vaurioita. Pitk\u00e4aikaisia haitallisia vaikutuksia vesiymp\u00e4rist\u00f6\u00f6n. Jos tarvitset l\u00e4\u00e4k\u00e4rin neuvoa, pid\u00e4 tuotteen astia tai etiketti saatavilla. Pid\u00e4 poissa lasten ulottuvilta. V\u00e4lt\u00e4 sumun\/h\u00f6yryjen\/suihkeen hengitt\u00e4mist\u00e4. K\u00e4yt\u00e4 vain ulkona tai hyvin ilmastoituissa tiloissa. V\u00e4lt\u00e4 p\u00e4\u00e4st\u00f6j\u00e4 ymp\u00e4rist\u00f6\u00f6n.<\/p>\n<p>K\u00e4yt\u00e4 suojak\u00e4sineit\u00e4\/-vaatetusta ja silm\u00e4-\/kasvosuojaimia. Sis\u00e4lt\u00e4\u00e4 &lt; 5%: BENTSAKONIUMKLORIDIA, kationisia pinta-aktiivisia aineita, &lt; 5 % ei-ionisia pinta-aktiivisia aineita. Ainesosaluettelo: Aqua, PEG-5-Laureth-5, bentsakoniumkloridi, tetrasodium-glutamaattidiatsetaatti, natriummetasilikaatti 5-hydraatti (https:\/\/ec.europa.eu\/growth\/tools-databases\/cosing\/).<\/p>\n","protected":false},"excerpt":{"rendered":"<p>Homeen ja lev\u00e4n poistoon maalatuilta ja maalaamattomilta puupinnoilta, rappauksilta ja betonipinnoilta ennen uutta tai huoltomaalausta sek\u00e4 betonilaatoilta ja kuitusementtipinnoilta ennen huoltomaalausta. Jo maalatuilla pinnoilla, jotka ovat hyv\u00e4ss\u00e4 kunnossa, ei tarvita huoltomaalausta Homeenpoiston k\u00e4yt\u00f6n j\u00e4lkeen.<\/p>\n<p>&nbsp;<\/p>\n","protected":false},"featured_media":41639,"comment_status":"open","ping_status":"closed","template":"","meta":{"_acf_changed":false},"factory":[],"free-shipment":[],"product_brand":[],"product_cat":[1121,2612],"product_tag":[2106],"class_list":{"0":"post-41647","1":"product","2":"type-product","3":"status-publish","4":"has-post-thumbnail","6":"product_cat-saniteetti","7":"product_cat-saunasuojat","8":"product_tag-sauna-fi","10":"first","11":"instock","12":"sale","13":"taxable","14":"shipping-taxable","15":"purchasable","16":"product-type-simple"},"acf":[],"_links":{"self":[{"href":"https:\/\/factory.sale\/fi\/wp-json\/wp\/v2\/product\/41647","targetHints":{"allow":["GET"]}}],"collection":[{"href":"https:\/\/factory.sale\/fi\/wp-json\/wp\/v2\/product"}],"about":[{"href":"https:\/\/factory.sale\/fi\/wp-json\/wp\/v2\/types\/product"}],"replies":[{"embeddable":true,"href":"https:\/\/factory.sale\/fi\/wp-json\/wp\/v2\/comments?post=41647"}],"wp:featuredmedia":[{"embeddable":true,"href":"https:\/\/factory.sale\/fi\/wp-json\/wp\/v2\/media\/41639"}],"wp:attachment":[{"href":"https:\/\/factory.sale\/fi\/wp-json\/wp\/v2\/media?parent=41647"}],"wp:term":[{"taxonomy":"factory","embeddable":true,"href":"https:\/\/factory.sale\/fi\/wp-json\/wp\/v2\/factory?post=41647"},{"taxonomy":"free-shipment","embeddable":true,"href":"https:\/\/factory.sale\/fi\/wp-json\/wp\/v2\/free-shipment?post=41647"},{"taxonomy":"product_brand","embeddable":true,"href":"https:\/\/factory.sale\/fi\/wp-json\/wp\/v2\/product_brand?post=41647"},{"taxonomy":"product_cat","embeddable":true,"href":"https:\/\/factory.sale\/fi\/wp-json\/wp\/v2\/product_cat?post=41647"},{"taxonomy":"product_tag","embeddable":true,"href":"https:\/\/factory.sale\/fi\/wp-json\/wp\/v2\/product_tag?post=41647"}],"curies":[{"name":"wp","href":"https:\/\/api.w.org\/{rel}","templated":true}]}}