{"id":4101,"date":"2019-08-28T17:20:08","date_gmt":"2019-08-28T17:20:08","guid":{"rendered":"https:\/\/factory.sale\/product\/isopiano-polyurethane-wall-panel\/"},"modified":"2024-02-27T11:04:03","modified_gmt":"2024-02-27T11:04:03","slug":"arpanel-polyuretaanista-seinapaneeli","status":"publish","type":"product","link":"https:\/\/factory.sale\/fi\/tuote\/arpanel-polyuretaanista-seinapaneeli\/","title":{"rendered":"ARPANEL SEIN\u00c4PANEELI POLYURETAANISTA"},"content":{"rendered":"<p>ARPANEL SEIN\u00c4PANEELI POLYURETAANISTA , jossa on selke\u00e4 viimeistely ja n\u00e4kyv\u00e4 kiinnitys. Se voidaan asentaa pystysuoraan tai vaakasuoraan<\/p>\n<p>&nbsp;<\/p>\n<p><em>Minimi tilaus 300m2<\/em><\/p>\n<p>&nbsp;<\/p>\n<p><strong>K\u00c4YTT\u00d6<\/strong><\/p>\n<p>Isopiano on SANDWICH -paneeli, jota k\u00e4ytet\u00e4\u00e4n teollisuuslaitosten, moduulien ja sis\u00e4osien seiniin.<\/p>\n<p>OMINAISUUDET<\/p>\n<p>Paneeli kaksoismetallip\u00e4\u00e4llysteell\u00e4 ja mikroreunat<br \/>\nPolyuretaanieristys<br \/>\nYhteinen avoin asetus<br \/>\nSe voidaan asentaa pystysuoraan tai vaakasuoraan<\/p>\n","protected":false},"excerpt":{"rendered":"<p>ARPANEL POLYURETAANISTA SEIN\u00c4PANEELI, jossa on selke\u00e4 viimeistely ja n\u00e4kyv\u00e4 kiinnitys. Se voidaan asentaa pystysuoraan tai vaakasuoraan.<\/p>\n<p>T\u00e4m\u00e4 on mallihinta 100m paneelille.<\/p>\n<p>Meilt\u00e4 saat tarvittaessa my\u00f6s asennuksen \u2013 toimitetaan ja asennetaan valtakunnallisesti!<\/p>\n<p>L\u00e4het\u00e4 oma tarjouspyynt\u00f6: myynti@factory.sale<\/p>\n<p>Minimi tilaus 300m2.<\/p>\n","protected":false},"featured_media":4103,"comment_status":"closed","ping_status":"closed","template":"","meta":{"_acf_changed":false},"factory":[],"free-shipment":[],"product_brand":[],"product_cat":[479],"product_tag":[530],"class_list":{"0":"post-4101","1":"product","2":"type-product","3":"status-publish","4":"has-post-thumbnail","6":"product_cat-pir-pur","7":"product_tag-sandwich-panel-fi-2","9":"first","10":"instock","11":"sale","12":"featured","13":"taxable","14":"shipping-taxable","15":"purchasable","16":"product-type-simple"},"acf":[],"_links":{"self":[{"href":"https:\/\/factory.sale\/fi\/wp-json\/wp\/v2\/product\/4101","targetHints":{"allow":["GET"]}}],"collection":[{"href":"https:\/\/factory.sale\/fi\/wp-json\/wp\/v2\/product"}],"about":[{"href":"https:\/\/factory.sale\/fi\/wp-json\/wp\/v2\/types\/product"}],"replies":[{"embeddable":true,"href":"https:\/\/factory.sale\/fi\/wp-json\/wp\/v2\/comments?post=4101"}],"wp:featuredmedia":[{"embeddable":true,"href":"https:\/\/factory.sale\/fi\/wp-json\/wp\/v2\/media\/4103"}],"wp:attachment":[{"href":"https:\/\/factory.sale\/fi\/wp-json\/wp\/v2\/media?parent=4101"}],"wp:term":[{"taxonomy":"factory","embeddable":true,"href":"https:\/\/factory.sale\/fi\/wp-json\/wp\/v2\/factory?post=4101"},{"taxonomy":"free-shipment","embeddable":true,"href":"https:\/\/factory.sale\/fi\/wp-json\/wp\/v2\/free-shipment?post=4101"},{"taxonomy":"product_brand","embeddable":true,"href":"https:\/\/factory.sale\/fi\/wp-json\/wp\/v2\/product_brand?post=4101"},{"taxonomy":"product_cat","embeddable":true,"href":"https:\/\/factory.sale\/fi\/wp-json\/wp\/v2\/product_cat?post=4101"},{"taxonomy":"product_tag","embeddable":true,"href":"https:\/\/factory.sale\/fi\/wp-json\/wp\/v2\/product_tag?post=4101"}],"curies":[{"name":"wp","href":"https:\/\/api.w.org\/{rel}","templated":true}]}}