{"id":4098,"date":"2019-08-28T17:20:08","date_gmt":"2019-08-28T17:20:08","guid":{"rendered":"https:\/\/factory.sale\/product\/arpanel-s-miwo-wall-sandwich-panel\/"},"modified":"2025-03-20T20:57:22","modified_gmt":"2025-03-20T17:57:22","slug":"arpanel-s-miwo-seina-sandwich-paneeli","status":"publish","type":"product","link":"https:\/\/factory.sale\/fi\/tuote\/arpanel-s-miwo-seina-sandwich-paneeli\/","title":{"rendered":"ARPANEL S MIWO SEIN\u00c4 SANDWICH-PANEELI"},"content":{"rendered":"<div class=\"prod-section current-target\" data-menulevel=\"1\" data-menutitle=\"Characteristics.\" data-menuindex=\"1\">\n<p>ARPANEL S MiWo mineraalivillasta valmistetut sein\u00e4 SANDWICH -paneelit on suunniteltu erilaisten rakennuskohteiden seinien valmistukseen ter\u00e4s- ja ter\u00e4sbetonirakenteista.\u00a0 ARPANEL S MiWo sandwich-paneeleja k\u00e4ytet\u00e4\u00e4n teollisuus-, liike- ja yhteis\u00f6llisiss\u00e4 rakennuksissa, p\u00e4\u00e4asiassa kohteissa, joilla on korkeat paloturvallisuusm\u00e4\u00e4r\u00e4ysten vaatimukset ja akustiset l\u00e4mp\u00f6parametrit, samalla kun varmistetaan esineiden korkealaatuinen l\u00e4mm\u00f6neristys. Ne koostuvat kahdesta ter\u00e4slevyst\u00e4 valmistetusta julkisivutangosta ja poltetusta s\u00e4leest\u00e4 valmistetusta ytimest\u00e4, kivimineraalivillasta. T\u00e4m\u00e4 rakenne mahdollistaa my\u00f6s nopean ja helpon vaaka- tai pystysuuntaisen asentamisen riippumatta s\u00e4\u00e4olosuhteista. Palosuojausominaisuuksiensa, \u00e4\u00e4neneristyksens\u00e4 ja kielteisten ymp\u00e4rist\u00f6vaikutustensa vuoksi Arpanel-paneelit, joissa on mineraalivillaydin, t\u00e4ytt\u00e4v\u00e4t korkeimmat eurooppalaiset standardit.<\/p>\n<p><em>Minimi tilaus 150 m2<\/em><\/p>\n<p>ARPANELin tarjoattava ARPANELin MiWo-sein\u00e4 SANDWICH -paneelien tiedot:<\/p>\n<\/div>\n<div class=\"prod-section\" data-menulevel=\"1\" data-menutitle=\"Parameters.\" data-menuindex=\"2\">\n<table cellspacing=\"10\" cellpadding=\"10\">\n<tbody>\n<tr>\n<td><strong>Paksuus [mm]<\/strong><\/td>\n<td>80\u00a0 100\u00a0 120\u00a0 150 160 180\u00a0 200\u00a0 220<\/td>\n<\/tr>\n<tr>\n<td><strong>Moduulin leveys [mm]<\/strong><\/td>\n<td>1000\u00a0 1100 1150<\/td>\n<\/tr>\n<tr>\n<td><strong>Pituus [mm]<\/strong><\/td>\n<td>2000 \u2013 14500<\/td>\n<\/tr>\n<tr>\n<td><strong>P\u00e4\u00e4llysteiden vakiov\u00e4rit [RAL]<\/strong><\/td>\n<td>5010 \u00a0 7016 \u00a0 7035 \u00a0 9002 \u00a0 9010 \u00a0 9006 \u00a0 9007<\/td>\n<\/tr>\n<tr>\n<td><strong>Paneelien kiinnitysj\u00e4rjestelm\u00e4t suunnitellaan (lukittavat) <\/strong><\/td>\n<td>vakiona<\/td>\n<\/tr>\n<tr>\n<td><strong>Paneelityyppi<\/strong><\/td>\n<td>sein\u00e4<\/td>\n<\/tr>\n<\/tbody>\n<\/table>\n<\/div>\n","protected":false},"excerpt":{"rendered":"<p>ARPANEL S MiWo mineraalivillasta valmistetut sein\u00e4 SANDWICH -paneelit on suunniteltu erilaisten rakennuskohteiden seinien valmistukseen ter\u00e4s- ja ter\u00e4sbetonirakenteista.\u00a0 ARPANEL S MiWo sandwich-paneeleja k\u00e4ytet\u00e4\u00e4n teollisuus-, liike- ja yhteis\u00f6llisiss\u00e4 rakennuksissa, p\u00e4\u00e4asiassa kohteissa, joilla on korkeat paloturvallisuusm\u00e4\u00e4r\u00e4ysten vaatimukset ja akustiset l\u00e4mp\u00f6parametrit, samalla kun varmistetaan esineiden korkealaatuinen l\u00e4mm\u00f6neristys.<\/p>\n<p>T\u00e4m\u00e4 on mallihinta 100m paneelille.<\/p>\n<p>Meilt\u00e4 saat tarvittaessa my\u00f6s asennuksen \u2013 toimitetaan ja asennetaan valtakunnallisesti!<\/p>\n<p>L\u00e4het\u00e4 oma tarjouspyynt\u00f6: myynti@factory.sale<\/p>\n<p>Minimi tilaus 150 m2.<\/p>\n","protected":false},"featured_media":4100,"comment_status":"open","ping_status":"closed","template":"","meta":{"_acf_changed":false},"factory":[],"free-shipment":[],"product_brand":[],"product_cat":[476,478],"product_tag":[530],"class_list":{"0":"post-4098","1":"product","2":"type-product","3":"status-publish","4":"has-post-thumbnail","6":"product_cat-sandwich-panel-fi","7":"product_cat-villa","8":"product_tag-sandwich-panel-fi-2","10":"first","11":"instock","12":"sale","13":"taxable","14":"shipping-taxable","15":"purchasable","16":"product-type-simple"},"acf":[],"_links":{"self":[{"href":"https:\/\/factory.sale\/fi\/wp-json\/wp\/v2\/product\/4098","targetHints":{"allow":["GET"]}}],"collection":[{"href":"https:\/\/factory.sale\/fi\/wp-json\/wp\/v2\/product"}],"about":[{"href":"https:\/\/factory.sale\/fi\/wp-json\/wp\/v2\/types\/product"}],"replies":[{"embeddable":true,"href":"https:\/\/factory.sale\/fi\/wp-json\/wp\/v2\/comments?post=4098"}],"wp:featuredmedia":[{"embeddable":true,"href":"https:\/\/factory.sale\/fi\/wp-json\/wp\/v2\/media\/4100"}],"wp:attachment":[{"href":"https:\/\/factory.sale\/fi\/wp-json\/wp\/v2\/media?parent=4098"}],"wp:term":[{"taxonomy":"factory","embeddable":true,"href":"https:\/\/factory.sale\/fi\/wp-json\/wp\/v2\/factory?post=4098"},{"taxonomy":"free-shipment","embeddable":true,"href":"https:\/\/factory.sale\/fi\/wp-json\/wp\/v2\/free-shipment?post=4098"},{"taxonomy":"product_brand","embeddable":true,"href":"https:\/\/factory.sale\/fi\/wp-json\/wp\/v2\/product_brand?post=4098"},{"taxonomy":"product_cat","embeddable":true,"href":"https:\/\/factory.sale\/fi\/wp-json\/wp\/v2\/product_cat?post=4098"},{"taxonomy":"product_tag","embeddable":true,"href":"https:\/\/factory.sale\/fi\/wp-json\/wp\/v2\/product_tag?post=4098"}],"curies":[{"name":"wp","href":"https:\/\/api.w.org\/{rel}","templated":true}]}}