{"id":4095,"date":"2019-08-28T17:20:08","date_gmt":"2019-08-28T17:20:08","guid":{"rendered":"https:\/\/factory.sale\/product\/wall-panels-with-a-mineral-wool-core\/"},"modified":"2024-06-26T18:37:31","modified_gmt":"2024-06-26T18:37:31","slug":"mineraalivillaydimella-seinapaneelit","status":"publish","type":"product","link":"https:\/\/factory.sale\/fi\/tuote\/mineraalivillaydimella-seinapaneelit\/","title":{"rendered":"SEIN\u00c4PANEELIT MINERAALIVILLAYTIMELL\u00c4"},"content":{"rendered":"<p><em>Minimi tilaus 150 m2<\/em><\/p>\n<p>Sein\u00e4levy hyv\u00e4ll\u00e4 l\u00e4mp\u00f6eristyksell\u00e4.<\/p>\n<p>Ydin:<\/p>\n<p>Kova mineraalivilla tiheydell\u00e4 115 [kg \/ m3] tai\u00a0vaahdotettu polystyreeni FS 15.<\/p>\n<p>Julkisivu:<\/p>\n<p>kaksipuolinen ruostumaton ter\u00e4slevy eri luokissa tai yksipuolisena, ruostumaton ter\u00e4slevy ja galvanoitu ter\u00e4slevy, PE-p\u00e4\u00e4llystetty<\/p>\n<p>Modulaarinen leveys:<\/p>\n<p>1150, 1100, 1000 [mm]<\/p>\n<p>Paksuus:<\/p>\n<p>50, 60, 80, 100, 120, 150, 200 [mm]<\/p>\n<p>Max. Pituus:<\/p>\n<p>12 500 [mm]<\/p>\n<p>LIS\u00c4TIEDOT<\/p>\n<ul>\n<li>Paneelien saatavuus monissa RAL-v\u00e4reiss\u00e4<\/li>\n<li>Monien vuorausprofiilien saatavuus<\/li>\n<li>Vapaus arkkitehtonisen rungon suunnittelussa<\/li>\n<li>Sein\u00e4- ja kattopaneelien esteettinen ulkon\u00e4k\u00f6<\/li>\n<li>Materiaali on mukautettu ty\u00f6skentelem\u00e4\u00e4n rakennusty\u00f6maalla perusty\u00f6kaluilla<\/li>\n<li>Vuorauksen tyyppi voidaan mukauttaa vaatiiviin ymp\u00e4rist\u00f6olosuhteisiin<\/li>\n<li>Paneelit voidaan asentaa pysty- ja vaakasuunnassa<\/li>\n<li>Alhainen l\u00e4mm\u00f6nsiirtokerroin riippuu levyn paksuudesta<\/li>\n<li>Korroosionkest\u00e4vyys<\/li>\n<li>A2-s1, d0 palop\u00f6yd\u00e4t (palamattomat)<\/li>\n<li>KATTO- JA PAKKASTIIVISTE<\/li>\n<li>Nopea ja helppo asentaa j\u00e4rjestelm\u00e4liittimill\u00e4<\/li>\n<li>Korkea palonkest\u00e4vyys<\/li>\n<li>Korkea kest\u00e4vyys ja estetiikka<\/li>\n<li>Erinomainen \u00e4\u00e4nieristys<\/li>\n<\/ul>\n<p>&nbsp;<\/p>\n","protected":false},"excerpt":{"rendered":"<p>Sein\u00e4levy hyv\u00e4ll\u00e4 l\u00e4mp\u00f6eristyksell\u00e4.<\/p>\n<p>Ydin:<\/p>\n<p>Kova mineraalivilla tiheydell\u00e4 115 [kg \/ m3] tai\u00a0vaahdotettu polystyreeni FS 15.<\/p>\n<p>T\u00e4m\u00e4 on mallihinta 100 m paneelille.<\/p>\n<p>Meilt\u00e4 saat tarvittaessa my\u00f6s asennuksen \u2013 toimitetaan ja asennetaan valtakunnallisesti!<\/p>\n<p>L\u00e4het\u00e4 oma tarjouspyynt\u00f6: myynti@factory.sale<\/p>\n<p>Minimi tilaus 150 m2.<\/p>\n","protected":false},"featured_media":4097,"comment_status":"open","ping_status":"closed","template":"","meta":{"_acf_changed":false},"factory":[],"free-shipment":[],"product_brand":[],"product_cat":[476,478],"product_tag":[530],"class_list":{"0":"post-4095","1":"product","2":"type-product","3":"status-publish","4":"has-post-thumbnail","6":"product_cat-sandwich-panel-fi","7":"product_cat-villa","8":"product_tag-sandwich-panel-fi-2","10":"first","11":"instock","12":"sale","13":"taxable","14":"shipping-taxable","15":"purchasable","16":"product-type-simple"},"acf":[],"_links":{"self":[{"href":"https:\/\/factory.sale\/fi\/wp-json\/wp\/v2\/product\/4095","targetHints":{"allow":["GET"]}}],"collection":[{"href":"https:\/\/factory.sale\/fi\/wp-json\/wp\/v2\/product"}],"about":[{"href":"https:\/\/factory.sale\/fi\/wp-json\/wp\/v2\/types\/product"}],"replies":[{"embeddable":true,"href":"https:\/\/factory.sale\/fi\/wp-json\/wp\/v2\/comments?post=4095"}],"wp:featuredmedia":[{"embeddable":true,"href":"https:\/\/factory.sale\/fi\/wp-json\/wp\/v2\/media\/4097"}],"wp:attachment":[{"href":"https:\/\/factory.sale\/fi\/wp-json\/wp\/v2\/media?parent=4095"}],"wp:term":[{"taxonomy":"factory","embeddable":true,"href":"https:\/\/factory.sale\/fi\/wp-json\/wp\/v2\/factory?post=4095"},{"taxonomy":"free-shipment","embeddable":true,"href":"https:\/\/factory.sale\/fi\/wp-json\/wp\/v2\/free-shipment?post=4095"},{"taxonomy":"product_brand","embeddable":true,"href":"https:\/\/factory.sale\/fi\/wp-json\/wp\/v2\/product_brand?post=4095"},{"taxonomy":"product_cat","embeddable":true,"href":"https:\/\/factory.sale\/fi\/wp-json\/wp\/v2\/product_cat?post=4095"},{"taxonomy":"product_tag","embeddable":true,"href":"https:\/\/factory.sale\/fi\/wp-json\/wp\/v2\/product_tag?post=4095"}],"curies":[{"name":"wp","href":"https:\/\/api.w.org\/{rel}","templated":true}]}}