{"id":4092,"date":"2019-08-28T17:20:08","date_gmt":"2019-08-28T17:20:08","guid":{"rendered":"https:\/\/factory.sale\/product\/wall-panels-with-a-foam-core\/"},"modified":"2024-06-26T06:20:11","modified_gmt":"2024-06-26T06:20:11","slug":"vaahtomuoviydimella-seinapaneelit","status":"publish","type":"product","link":"https:\/\/factory.sale\/fi\/tuote\/vaahtomuoviydimella-seinapaneelit\/","title":{"rendered":"SEIN\u00c4PANEELIT VAAHTOMUOVIYTIMELL\u00c4"},"content":{"rendered":"<p>Sein\u00e4levy hyv\u00e4ll\u00e4 l\u00e4mp\u00f6eristyksell\u00e4<\/p>\n<p>Ydin:<\/p>\n<p>Kova mineraalivilla tiheydell\u00e4 115 [kg \/ m3] tai vaahdotettu polystyreeni FS 15<\/p>\n<p>Julkisivu:<\/p>\n<p>kaksipuolinen ruostumaton ter\u00e4slevy eri luokissa tai yksipuolisena<br \/>\nruostumaton ter\u00e4slevy ja galvanoitu ter\u00e4slevy, PE-p\u00e4\u00e4llystetty<\/p>\n<p>Modulaarinen leveys:<\/p>\n<p>1200 [mm]<\/p>\n<p>Paksuus:<\/p>\n<p>50, 60, 80, 100, 120, 150, 200, 250 [mm]<\/p>\n<p>Max. pituus:<\/p>\n<p>12 000 [mm]<\/p>\n","protected":false},"excerpt":{"rendered":"<p>Sein\u00e4levy, jolla on hyv\u00e4 l\u00e4mp\u00f6eristys. Kova mineraalivilla tiheydell\u00e4 115 [kg \/ m3] tai vaahdotettu polystyreeni FS 15.<\/p>\n<p>Kaksipuolinen ruostumaton ter\u00e4slevy eri luokissa tai yksipuolisena,<br \/>\nruostumaton ter\u00e4slevy ja galvanoitu ter\u00e4slevy, PE-p\u00e4\u00e4llystetty.<\/p>\n<p>T\u00e4m\u00e4 on mallihinta 100m paneelille.<\/p>\n<p>Meilt\u00e4 saat tarvittaessa my\u00f6s asennuksen \u2013 toimitetaan ja asennetaan valtakunnallisesti!<\/p>\n<p>L\u00e4het\u00e4 oma tarjouspyynt\u00f6: myynti@factory.sale<\/p>\n<p>Minimi tilaus 300m2.<\/p>\n","protected":false},"featured_media":4094,"comment_status":"open","ping_status":"closed","template":"","meta":{"_acf_changed":false},"factory":[],"free-shipment":[],"product_brand":[],"product_cat":[476,477],"product_tag":[530],"class_list":{"0":"post-4092","1":"product","2":"type-product","3":"status-publish","4":"has-post-thumbnail","6":"product_cat-sandwich-panel-fi","7":"product_cat-eps-fi-2","8":"product_tag-sandwich-panel-fi-2","10":"first","11":"instock","12":"sale","13":"taxable","14":"shipping-taxable","15":"purchasable","16":"product-type-simple"},"acf":[],"_links":{"self":[{"href":"https:\/\/factory.sale\/fi\/wp-json\/wp\/v2\/product\/4092","targetHints":{"allow":["GET"]}}],"collection":[{"href":"https:\/\/factory.sale\/fi\/wp-json\/wp\/v2\/product"}],"about":[{"href":"https:\/\/factory.sale\/fi\/wp-json\/wp\/v2\/types\/product"}],"replies":[{"embeddable":true,"href":"https:\/\/factory.sale\/fi\/wp-json\/wp\/v2\/comments?post=4092"}],"wp:featuredmedia":[{"embeddable":true,"href":"https:\/\/factory.sale\/fi\/wp-json\/wp\/v2\/media\/4094"}],"wp:attachment":[{"href":"https:\/\/factory.sale\/fi\/wp-json\/wp\/v2\/media?parent=4092"}],"wp:term":[{"taxonomy":"factory","embeddable":true,"href":"https:\/\/factory.sale\/fi\/wp-json\/wp\/v2\/factory?post=4092"},{"taxonomy":"free-shipment","embeddable":true,"href":"https:\/\/factory.sale\/fi\/wp-json\/wp\/v2\/free-shipment?post=4092"},{"taxonomy":"product_brand","embeddable":true,"href":"https:\/\/factory.sale\/fi\/wp-json\/wp\/v2\/product_brand?post=4092"},{"taxonomy":"product_cat","embeddable":true,"href":"https:\/\/factory.sale\/fi\/wp-json\/wp\/v2\/product_cat?post=4092"},{"taxonomy":"product_tag","embeddable":true,"href":"https:\/\/factory.sale\/fi\/wp-json\/wp\/v2\/product_tag?post=4092"}],"curies":[{"name":"wp","href":"https:\/\/api.w.org\/{rel}","templated":true}]}}