{"id":4089,"date":"2019-08-28T17:20:08","date_gmt":"2019-08-28T17:20:08","guid":{"rendered":"https:\/\/factory.sale\/product\/isofrozen-wall-panel\/"},"modified":"2024-06-25T11:38:34","modified_gmt":"2024-06-25T11:38:34","slug":"iso-jaahdytetty-seinapaneeli","status":"publish","type":"product","link":"https:\/\/factory.sale\/fi\/tuote\/iso-jaahdytetty-seinapaneeli\/","title":{"rendered":"ARPANEL CH PUR\/PIR ISOFROZEN SEIN\u00c4PANEELI"},"content":{"rendered":"<p><em>Minimi tilaus 300m2<\/em><\/p>\n<p>&nbsp;<\/p>\n<p>K\u00c4YTT\u00d6<\/p>\n<p>Isofrozen on SANDWICH -paneeli soveltuu parhaiten k\u00e4ytett\u00e4v\u00e4ksi viileiss\u00e4 olosuhteissa esim. <span class=\"HwtZe\" lang=\"fi\"><span class=\"jCAhz ChMk0b\"><span class=\"ryNqvb\">kylm\u00e4varastoissa, pakkashuoneissa, varastohuoneissa ja muissa kohteissa, koska se kest\u00e4\u00e4 hometta, sieni\u00e4 ja tuholaisia.<\/span><\/span><\/span> Siin\u00e4 on ns. labyrintin-sarana, jolla on n\u00e4kyv\u00e4 kiinnitys. Saumatyyppi on mahdollista valita tarvittavan l\u00e4mp\u00f6eristyksen ja ilmatiivisyyden perusteella.<\/p>\n<p>OMINAISUUDET<\/p>\n<ul>\n<li>Tuplakerroksinen paneeli, jossa mikrouurrettu viimeistely<\/li>\n<li>Polyuretaanieristys<\/li>\n<li>Mahdollisuus valita liitostyyppi vaadittavan l\u00e4mp\u00f6eristyksen ja ilmatiivisyyden perusteella<\/li>\n<li>Sarana jossa n\u00e4kyv\u00e4 kiinnitys<\/li>\n<li>Paneeli voidaan asentaa pystysuoraan tai vaakasuoraan<\/li>\n<\/ul>\n","protected":false},"excerpt":{"rendered":"<p>ISOFROZEN SEIN\u00c4PANEELI soveltuu parhaiten k\u00e4ytett\u00e4v\u00e4ksi viileiss\u00e4 olosuhteissa esim. <span class=\"HwtZe\" lang=\"fi\"><span class=\"jCAhz ChMk0b\"><span class=\"ryNqvb\">kylm\u00e4varastoissa, pakkashuoneissa, varastohuoneissa ja muissa kohteissa, koska se kest\u00e4\u00e4 hometta, sieni\u00e4 ja tuholaisia.<\/span><\/span><\/span><\/p>\n<p>T\u00e4m\u00e4 on mallihinta 100m paneelille.<\/p>\n<p>Meilt\u00e4 saat tarvittaessa my\u00f6s asennuksen \u2013 toimitetaan ja asennetaan valtakunnallisesti!<\/p>\n<p>L\u00e4het\u00e4 oma tarjouspyynt\u00f6: myynti@factory.sale<\/p>\n<p>Minimi tilaus 300m2.<\/p>\n","protected":false},"featured_media":4091,"comment_status":"open","ping_status":"closed","template":"","meta":{"_acf_changed":false},"factory":[],"free-shipment":[],"product_brand":[],"product_cat":[479],"product_tag":[596,530],"class_list":{"0":"post-4089","1":"product","2":"type-product","3":"status-publish","4":"has-post-thumbnail","6":"product_cat-pir-pur","7":"product_tag-sandwich-fi","8":"product_tag-sandwich-panel-fi-2","10":"first","11":"instock","12":"sale","13":"taxable","14":"shipping-taxable","15":"purchasable","16":"product-type-simple"},"acf":[],"_links":{"self":[{"href":"https:\/\/factory.sale\/fi\/wp-json\/wp\/v2\/product\/4089","targetHints":{"allow":["GET"]}}],"collection":[{"href":"https:\/\/factory.sale\/fi\/wp-json\/wp\/v2\/product"}],"about":[{"href":"https:\/\/factory.sale\/fi\/wp-json\/wp\/v2\/types\/product"}],"replies":[{"embeddable":true,"href":"https:\/\/factory.sale\/fi\/wp-json\/wp\/v2\/comments?post=4089"}],"wp:featuredmedia":[{"embeddable":true,"href":"https:\/\/factory.sale\/fi\/wp-json\/wp\/v2\/media\/4091"}],"wp:attachment":[{"href":"https:\/\/factory.sale\/fi\/wp-json\/wp\/v2\/media?parent=4089"}],"wp:term":[{"taxonomy":"factory","embeddable":true,"href":"https:\/\/factory.sale\/fi\/wp-json\/wp\/v2\/factory?post=4089"},{"taxonomy":"free-shipment","embeddable":true,"href":"https:\/\/factory.sale\/fi\/wp-json\/wp\/v2\/free-shipment?post=4089"},{"taxonomy":"product_brand","embeddable":true,"href":"https:\/\/factory.sale\/fi\/wp-json\/wp\/v2\/product_brand?post=4089"},{"taxonomy":"product_cat","embeddable":true,"href":"https:\/\/factory.sale\/fi\/wp-json\/wp\/v2\/product_cat?post=4089"},{"taxonomy":"product_tag","embeddable":true,"href":"https:\/\/factory.sale\/fi\/wp-json\/wp\/v2\/product_tag?post=4089"}],"curies":[{"name":"wp","href":"https:\/\/api.w.org\/{rel}","templated":true}]}}