{"id":4086,"date":"2019-08-28T17:20:08","date_gmt":"2019-08-28T17:20:08","guid":{"rendered":"https:\/\/factory.sale\/product\/roof-sandwich-panel-in-the-shape-of-a-trapezoidal-sheet\/"},"modified":"2025-03-20T20:45:24","modified_gmt":"2025-03-20T17:45:24","slug":"sandwich-paneeli-puolisuunnikkaan-arkkimuodoissa-katolle","status":"publish","type":"product","link":"https:\/\/factory.sale\/fi\/tuote\/sandwich-paneeli-puolisuunnikkaan-arkkimuodoissa-katolle\/","title":{"rendered":"SANDWICH-PANEELI PUOLISUUNNIKKAAN ARKKIMUODOISSA KATOLLE"},"content":{"rendered":"<p><em>Minimi tilaus 300m2<\/em><\/p>\n<p>Kattolevy sopii t\u00e4ydellisesti rakentamiseen<\/p>\n<p>Poldeck TD Europanels tarjoaa katto sandwich-paneelin, jossa on j\u00e4ykk\u00e4 polyuretaanivaahtoydin, joka on kiinnitetty tukirakenteeseen pistokkeella. Pistoke kulkee paneelin koko paksuuden l\u00e4pi.<\/p>\n<p>PolDeck TD on yleisluonteinen levy, joka soveltuu erilaisiin tarkoituksiin rakennuksissa, joiden kattokorkeus on v\u00e4hint\u00e4\u00e4n 4 \u00b0 (7%) jatkuville paneeleille ja 6 \u00b0 (10%) paneeleille, jotka on kytketty pitkitt\u00e4in kattoikkunoihin jne.<\/p>\n<p>Poldeck TD -katto sandwich-paneeli on saatavana seuraavissa vaihtoehdoissa:<\/p>\n<p>AGRO &#8211; levy, jossa on lis\u00e4kondensoitumisenestokerros, jonka tarkoituksena on ime\u00e4 kosteus rakennuksen sis\u00e4ll\u00e4 ja vapauttaa kosteus ilmaan vesih\u00f6yryn muodossa;<br \/>\nP\u00e4\u00e4llekk\u00e4in olevat l ja P sis\u00e4pinnat ovat 50-300 mm<br \/>\nOn eritt\u00e4in t\u00e4rke\u00e4\u00e4 mitata PolDck TD -levyjen asennus oikein, jotta v\u00e4ltet\u00e4\u00e4n paneelien tilaaminen liian pitkiksi (tarpeeton j\u00e4te) tai liian lyhyiksi (joka joskus est\u00e4\u00e4 asennuksen kokonaan). Paneelin pituudet tulisi m\u00e4\u00e4ritt\u00e4\u00e4 rakennusta suunniteltaessa. Ne voidaan mitata my\u00f6s valmiilla rakenteella. Asiakas vastaa mittauksesta.<\/p>\n<p>Kattokannatinrakenne poldeck TD-sandwich-paneelien kokoamiseksi voi olla ter\u00e4st\u00e4, puuta tai ter\u00e4sbetonia. Kaikentyyppisiin rakenteisiin k\u00e4ytet\u00e4\u00e4n erilaisia \u200b\u200beuropanelien toimittamia kiinnitysruuveja.<\/p>\n<p>Muista s\u00e4ilytt\u00e4\u00e4 nurkkien, niiden profiilin, pituuden ja leveyden v\u00e4linen et\u00e4isyys rakennusprojektin mukaan. Tukirakenne on kantava rakenne paneeleille, jotka kantavat siihen lunta, tuulta ja sadetta.<\/p>\n<p>Auringonvalon ja kattopinnan voimakkaan kuumennuksen takia suositellaan, ett\u00e4 kattopaneelit tehd\u00e4\u00e4n valkoisiksi (NT RAL9010), samoin kuin k\u00e4ytett\u00e4isiin paisuntasaumoja ja liitoslevyj\u00e4 koko pituudelta &#8211; &#8220;lyhent\u00e4m\u00e4ll\u00e4&#8221; yht\u00e4 paneeliosaa. T\u00e4ll\u00e4 tavoin sallitaan rakennuksen paneelien asianmukainen &#8220;ty\u00f6&#8221; ja julkisivun pituuden muutosten kompensointi.<\/p>\n<p>PolDeck TD sandwich-paneelin k\u00e4ytt\u00f6kohteet:<\/p>\n<p>Kaupalliset tilat<br \/>\nTeollisuuslaitokset<br \/>\nLogistiikkakeskus<br \/>\nVarasto<br \/>\nHallit<br \/>\nMaatalouslaitokset<br \/>\nHedelm\u00e4- ja oluthuoneet<br \/>\nMuut palvelut<\/p>\n","protected":false},"excerpt":{"rendered":"<p>Katon sandwich-paneeli, jossa j\u00e4ykk\u00e4 polyuretaanivaahtoydin, joka on kiinnitetty tukirakenteeseen pistokkeella, joka kulkee paneelin koko paksuuden l\u00e4pi. PolDeck TD on yleisluonteinen levy, joka soveltuu erilaisiin tarkoituksiin rakennuksissa, joiden kattokorkeus on v\u00e4hint\u00e4\u00e4n 4 \u00b0 (7%) jatkuville paneeleille ja 6 \u00b0 (10%) paneeleille, jotka on kytketty pitkitt\u00e4in kattoikkunoihin jne.<\/p>\n<p>T\u00e4m\u00e4 on mallihinta 100m paneelille.<\/p>\n<p>Meilt\u00e4 saat tarvittaessa my\u00f6s asennuksen \u2013 toimitetaan ja asennetaan valtakunnallisesti!<\/p>\n<p>L\u00e4het\u00e4 oma tarjouspyynt\u00f6: myynti@factory.sale<\/p>\n<p>Minimi tilaus 300m2.<\/p>\n","protected":false},"featured_media":4088,"comment_status":"open","ping_status":"closed","template":"","meta":{"_acf_changed":false},"factory":[],"free-shipment":[],"product_brand":[],"product_cat":[479,476],"product_tag":[596,530],"class_list":{"0":"post-4086","1":"product","2":"type-product","3":"status-publish","4":"has-post-thumbnail","6":"product_cat-pir-pur","7":"product_cat-sandwich-panel-fi","8":"product_tag-sandwich-fi","9":"product_tag-sandwich-panel-fi-2","11":"first","12":"instock","13":"sale","14":"taxable","15":"shipping-taxable","16":"purchasable","17":"product-type-simple"},"acf":[],"_links":{"self":[{"href":"https:\/\/factory.sale\/fi\/wp-json\/wp\/v2\/product\/4086","targetHints":{"allow":["GET"]}}],"collection":[{"href":"https:\/\/factory.sale\/fi\/wp-json\/wp\/v2\/product"}],"about":[{"href":"https:\/\/factory.sale\/fi\/wp-json\/wp\/v2\/types\/product"}],"replies":[{"embeddable":true,"href":"https:\/\/factory.sale\/fi\/wp-json\/wp\/v2\/comments?post=4086"}],"wp:featuredmedia":[{"embeddable":true,"href":"https:\/\/factory.sale\/fi\/wp-json\/wp\/v2\/media\/4088"}],"wp:attachment":[{"href":"https:\/\/factory.sale\/fi\/wp-json\/wp\/v2\/media?parent=4086"}],"wp:term":[{"taxonomy":"factory","embeddable":true,"href":"https:\/\/factory.sale\/fi\/wp-json\/wp\/v2\/factory?post=4086"},{"taxonomy":"free-shipment","embeddable":true,"href":"https:\/\/factory.sale\/fi\/wp-json\/wp\/v2\/free-shipment?post=4086"},{"taxonomy":"product_brand","embeddable":true,"href":"https:\/\/factory.sale\/fi\/wp-json\/wp\/v2\/product_brand?post=4086"},{"taxonomy":"product_cat","embeddable":true,"href":"https:\/\/factory.sale\/fi\/wp-json\/wp\/v2\/product_cat?post=4086"},{"taxonomy":"product_tag","embeddable":true,"href":"https:\/\/factory.sale\/fi\/wp-json\/wp\/v2\/product_tag?post=4086"}],"curies":[{"name":"wp","href":"https:\/\/api.w.org\/{rel}","templated":true}]}}