{"id":4083,"date":"2019-08-28T17:20:08","date_gmt":"2019-08-28T17:20:08","guid":{"rendered":"https:\/\/factory.sale\/product\/pir-sandwich-panel\/"},"modified":"2026-03-05T14:05:07","modified_gmt":"2026-03-05T11:05:07","slug":"arpanel-pir-sandwich-paneeli","status":"publish","type":"product","link":"https:\/\/factory.sale\/fi\/tuote\/arpanel-pir-sandwich-paneeli\/","title":{"rendered":"ARPANEL PIR SANDWICH PANEELI"},"content":{"rendered":"<p>Arpanel tarjoaa laajan valikoiman innovatiivisia monikerroksisia sein\u00e4-, katto- ja pakkas-paneele\u00e4, jotka on t\u00e4ytetty polyisosyanuraattivaahdolla (PIR). N\u00e4m\u00e4 levyt koostuvat kahdesta molemmilta puolilta galvanoidusta ter\u00e4slevyst\u00e4, jotka on p\u00e4\u00e4llystetty 25 \u00b5m orgaanisella polyesterilakalla ja rakenne- ja eristysytimell\u00e4, joka on valmistettu j\u00e4yk\u00e4st\u00e4 CFC-vapaasta itsest\u00e4\u00e4n sammuvasta materiaalista. L\u00e4mm\u00f6njohtavuuskerroin on \u03bb = 0,022 W \/ m * K. PIR-vaahdot kest\u00e4v\u00e4t eritt\u00e4in korkeita l\u00e4mp\u00f6tiloja, hajoavat yli 325\u00baC l\u00e4mp\u00f6tiloissa ja niiden karbonoituminen on n. 50%. Hiilivetykerros suojaa korkean l\u00e4mp\u00f6tilan tunkeutumiselta paneelin l\u00e4pi, mik\u00e4 johtaa tehokkaampaan palosuojaan. Erilaiset v\u00e4rit ja profiilit avaavat arkkitehdeille erilaisia mahdollisuuksia.<\/p>\n<p>Minimitilaus 150 m2<\/p>\n<p>&#8211; Profiloitu pelti antaa seinille esteettisen ilmeen<br \/>\n&#8211; Lukon suuri profilointis\u00e4de varmistaa peltikannen eheyden<br \/>\n&#8211; Kaksoislukko yhdist\u00e4\u00e4 kaksi paneelia, mik\u00e4 varmistaa korkean palonkest\u00e4vyyden<br \/>\n&#8211; Profiloidut reunat helpottavat asennusta ja parantavat l\u00e4mm\u00f6neristysominaisuuksia<br \/>\n&#8211; J\u00e4ykk\u00e4 polyuretaanivaahtoydin, jolla on eritt\u00e4in hyv\u00e4t l\u00e4mm\u00f6neristysominaisuudet<br \/>\n&#8211; Pysyv\u00e4 polyuretaanitiiviste, joka s\u00e4ilytt\u00e4\u00e4 korkean l\u00e4mm\u00f6neristyksen ja jota k\u00e4ytet\u00e4\u00e4n valmistusprosessissa<br \/>\n&#8211; Alumiinifolio suojaa polyisosyanuraattivaahtoa ytimen sis\u00e4\u00e4n tunkeutuvalta h\u00f6yrylt\u00e4<\/p>\n<h4 class=\"blue\">Vakiov\u00e4rit<\/h4>\n<div id=\"productTab-technical\" class=\"productsNavigationTabContent r-tabs-panel r-tabs-state-active\">\n<div class=\"tabTxt\"><img loading=\"lazy\" decoding=\"async\" class=\"alignnone size-full wp-image-130396\" src=\"https:\/\/factory.sale\/wp-content\/uploads\/2019\/08\/ColoursFull.bmp\" alt=\"\" width=\"1661\" height=\"893\" \/><\/div>\n<div><\/div>\n<p>1. Ytimen tyyppi: J\u00e4ykk\u00e4 polyisosyanuraattivaahto (PIR)<br \/>\n2. Ytimen tiheys [kg\/m3]: 40 (+\/-10 %)<br \/>\n3. Paksuus [mm]: 40, 60, 80, 100, 120.<br \/>\n4. Paino* [kg\/m2]: 8, 10, 12, 14, 16.<br \/>\n5. Maksimipituus [m]: 16,50<br \/>\n6. Kokonaisleveys [mm]: 1020 \/ 1160 (paksuuksille \u2265 60 mm ja profiilille L, M ja F).<br \/>\n7. J\u00e4rjestelm\u00e4n leveys [mm]: 1000 \/ 1140 (paksuuksille \u2265 60 mm ja profiloinneille L, M ja F)<br \/>\n8. Ulkovuorauksen profilointi: L \u2013 Lineaarinen, M \u2013 Mikroprofilointi, F \u2013 Aaltoileva, R \u2013 Uritettu<br \/>\n9. Sis\u00e4vuorauksen profilointi: L \u2013 Lineaarinen, G \u2013 Sile\u00e4<br \/>\n10. Ulkovuorauksen vakiov\u00e4rit**: RAL 9002, RAL 9006, RAL 9007, RAL 9010<br \/>\n11. Sis\u00e4vuorauksen vakiov\u00e4rit**: RAL 9002, RAL 9010<br \/>\n12. Kerroin Ud,S [W\/m2K] PIR-ydin: 0,58 0,37 0,28 0,22 0,18<br \/>\n13. Kerroin Ud,S [W\/m2K] PIR MAX -ydin: 0,58 0,38 0,28 0,20 0,17<br \/>\n14. Palonkest\u00e4vyysluokitus***: \u2014EI 20, EI 20, EI 30<br \/>\n15. Paloluokitus: B-s1,d0<br \/>\n16. Palon levi\u00e4minen: NRO<br \/>\n17. Sertifikaatit, hyv\u00e4ksynn\u00e4t, hyv\u00e4ksynt\u00e4merkinn\u00e4t: DWU CE standardin EN 14509 mukaisesti, hygieniatodistus, liiketoiminnan jatkuvuustodistus EN 14509, palonkest\u00e4vyysluokitus.<\/p>\n<\/div>\n","protected":false},"excerpt":{"rendered":"<p>Arpanel tarjoaa laajan valikoiman innovatiivisia monikerroksisia paneelej\u00e4 seiniin, kattoihin tai pakkastiloihin, jotka sis\u00e4lt\u00e4v\u00e4t polyisosyanuraattivaahtoytimen (PIR). N\u00e4m\u00e4 paneelit koostuvat kahdesta molemmilta puolilta galvanoidusta ter\u00e4slevyst\u00e4, jotka on p\u00e4\u00e4llystetty 25 \u00b5m orgaanisella polyesterilakalla ja rakenne- ja eristysytimell\u00e4, joka on valmistettu j\u00e4yk\u00e4st\u00e4 CFC-vapaasta itsest\u00e4\u00e4n sammuvasta materiaalista.<\/p>\n<p>T\u00e4m\u00e4 on mallihinta 100m paneelille.<\/p>\n<p>Meilt\u00e4 saat tarvittaessa my\u00f6s asennuksen \u2013 toimitetaan ja asennetaan valtakunnallisesti!<\/p>\n<p>L\u00e4het\u00e4 tarjouspyynt\u00f6si: myynti@factory.sale<\/p>\n<p>Minimi tilaus 150 m2.<\/p>\n","protected":false},"featured_media":4085,"comment_status":"open","ping_status":"closed","template":"","meta":{"_acf_changed":false},"factory":[],"free-shipment":[],"product_brand":[],"product_cat":[479,476],"product_tag":[596,530],"class_list":{"0":"post-4083","1":"product","2":"type-product","3":"status-publish","4":"has-post-thumbnail","6":"product_cat-pir-pur","7":"product_cat-sandwich-panel-fi","8":"product_tag-sandwich-fi","9":"product_tag-sandwich-panel-fi-2","11":"first","12":"instock","13":"sale","14":"taxable","15":"shipping-taxable","16":"purchasable","17":"product-type-simple"},"acf":[],"_links":{"self":[{"href":"https:\/\/factory.sale\/fi\/wp-json\/wp\/v2\/product\/4083","targetHints":{"allow":["GET"]}}],"collection":[{"href":"https:\/\/factory.sale\/fi\/wp-json\/wp\/v2\/product"}],"about":[{"href":"https:\/\/factory.sale\/fi\/wp-json\/wp\/v2\/types\/product"}],"replies":[{"embeddable":true,"href":"https:\/\/factory.sale\/fi\/wp-json\/wp\/v2\/comments?post=4083"}],"wp:featuredmedia":[{"embeddable":true,"href":"https:\/\/factory.sale\/fi\/wp-json\/wp\/v2\/media\/4085"}],"wp:attachment":[{"href":"https:\/\/factory.sale\/fi\/wp-json\/wp\/v2\/media?parent=4083"}],"wp:term":[{"taxonomy":"factory","embeddable":true,"href":"https:\/\/factory.sale\/fi\/wp-json\/wp\/v2\/factory?post=4083"},{"taxonomy":"free-shipment","embeddable":true,"href":"https:\/\/factory.sale\/fi\/wp-json\/wp\/v2\/free-shipment?post=4083"},{"taxonomy":"product_brand","embeddable":true,"href":"https:\/\/factory.sale\/fi\/wp-json\/wp\/v2\/product_brand?post=4083"},{"taxonomy":"product_cat","embeddable":true,"href":"https:\/\/factory.sale\/fi\/wp-json\/wp\/v2\/product_cat?post=4083"},{"taxonomy":"product_tag","embeddable":true,"href":"https:\/\/factory.sale\/fi\/wp-json\/wp\/v2\/product_tag?post=4083"}],"curies":[{"name":"wp","href":"https:\/\/api.w.org\/{rel}","templated":true}]}}