{"id":4080,"date":"2019-08-28T17:20:08","date_gmt":"2019-08-28T17:20:08","guid":{"rendered":"https:\/\/factory.sale\/product\/cap\/"},"modified":"2024-06-28T09:08:16","modified_gmt":"2024-06-28T09:08:16","slug":"vaahtomuoviydimella-kattopaneelit","status":"publish","type":"product","link":"https:\/\/factory.sale\/fi\/tuote\/vaahtomuoviydimella-kattopaneelit\/","title":{"rendered":"KATTOPANEELIT VAAHTOMUOVIYTIMELL\u00c4"},"content":{"rendered":"<p>K\u00e4ytt\u00f6tarkoitus:<\/p>\n<p>Kattolevy polystyreenivaahdoytimell\u00e4<\/p>\n<p>Ydin:<\/p>\n<p>Kova mineraalivilla tiheydell\u00e4 115 [kg \/ m3] tai vaahdotettu polystyreeni FS 15.<\/p>\n<p>Ulkop\u00e4\u00e4llyste:<\/p>\n<p>Sinkitty ter\u00e4slevy, lakattu, suojastandartti PE<\/p>\n<p>Sis\u00e4inen verhous:<\/p>\n<p>Sinkitty ter\u00e4slevy, lakattu, suojastandartti PE<\/p>\n<p>Modulaarinen leveys: 1000 [mm]<\/p>\n<p>Paksuus (Turi): 135, 185, 235, 285 [mm]<\/p>\n<p>Max. pituus: 12,500 [mm]<\/p>\n<p>Saatavilla olevat v\u00e4rit: RAL-paletin mukaan<\/p>\n<p>&nbsp;<\/p>\n<p><em>Minimi tilaus 300m2<\/em><\/p>\n<p>&nbsp;<\/p>\n<p>LIS\u00c4TIEDOT<\/p>\n<ul>\n<li>Paneelien saatavuus monissa RAL-v\u00e4reiss\u00e4<\/li>\n<li>Monien vuorausprofiilien saatavuus<\/li>\n<li>Vapaus arkkitehtuurin rungon suunnittelussa<\/li>\n<li>Sein\u00e4- ja kattopaneelien esteettinen ulkon\u00e4k\u00f6<\/li>\n<li>Materiaali on mukautettu jotta ty\u00f6skentely rakennusty\u00f6maalla onnistuu perusty\u00f6kaluilla<\/li>\n<li>Vuodetyyppi voidaan mukauttaa vaatiiviin ymp\u00e4rist\u00f6olosuhteisiin<\/li>\n<li>Paneelit voidaan asentaa pystysuoraan ja vaakasuuntaan.<\/li>\n<li>Alhainen l\u00e4mm\u00f6nsiirtokerroin riippuu levyn paksuudesta<\/li>\n<li>Matala l\u00e4mm\u00f6nsiirtokerroin riippuu levyn paksuudesta<\/li>\n<li>Korroosionkest\u00e4vyys A2-s1, d0 palop\u00f6yd\u00e4t (palamaton) A2-s1, d0 palop\u00f6yd\u00e4t (palamaton)<\/li>\n<li>Nopea ja helppo asennus j\u00e4rjestelm\u00e4liittimill\u00e4<\/li>\n<li>Korkea palonkest\u00e4vyys<\/li>\n<li>Korkea kest\u00e4vyys ja estetiikka<\/li>\n<li>Erinomainen \u00e4\u00e4nieristys<\/li>\n<\/ul>\n","protected":false},"excerpt":{"rendered":"<p>Kattolevy polystyreenivaahdoydimell\u00e4<\/p>\n<p>Ydin: Kova mineraalivilla tiheydell\u00e4 115 [kg \/ m3] tai vaahdotettu polystyreeni FS 15.<\/p>\n<p>T\u00e4m\u00e4 on mallihinta 100m paneelille.<\/p>\n<p>Meilt\u00e4 saat tarvittaessa my\u00f6s asennuksen \u2013 toimitetaan ja asennetaan valtakunnallisesti!<\/p>\n<p>L\u00e4het\u00e4 oma tarjouspyynt\u00f6: myynti@factory.sale<\/p>\n<p>Minimi tilaus 300m2.<\/p>\n","protected":false},"featured_media":4082,"comment_status":"open","ping_status":"closed","template":"","meta":{"_acf_changed":false},"factory":[],"free-shipment":[],"product_brand":[],"product_cat":[477,476],"product_tag":[],"class_list":{"0":"post-4080","1":"product","2":"type-product","3":"status-publish","4":"has-post-thumbnail","6":"product_cat-eps-fi-2","7":"product_cat-sandwich-panel-fi","9":"first","10":"instock","11":"sale","12":"taxable","13":"shipping-taxable","14":"purchasable","15":"product-type-simple"},"acf":[],"_links":{"self":[{"href":"https:\/\/factory.sale\/fi\/wp-json\/wp\/v2\/product\/4080","targetHints":{"allow":["GET"]}}],"collection":[{"href":"https:\/\/factory.sale\/fi\/wp-json\/wp\/v2\/product"}],"about":[{"href":"https:\/\/factory.sale\/fi\/wp-json\/wp\/v2\/types\/product"}],"replies":[{"embeddable":true,"href":"https:\/\/factory.sale\/fi\/wp-json\/wp\/v2\/comments?post=4080"}],"wp:featuredmedia":[{"embeddable":true,"href":"https:\/\/factory.sale\/fi\/wp-json\/wp\/v2\/media\/4082"}],"wp:attachment":[{"href":"https:\/\/factory.sale\/fi\/wp-json\/wp\/v2\/media?parent=4080"}],"wp:term":[{"taxonomy":"factory","embeddable":true,"href":"https:\/\/factory.sale\/fi\/wp-json\/wp\/v2\/factory?post=4080"},{"taxonomy":"free-shipment","embeddable":true,"href":"https:\/\/factory.sale\/fi\/wp-json\/wp\/v2\/free-shipment?post=4080"},{"taxonomy":"product_brand","embeddable":true,"href":"https:\/\/factory.sale\/fi\/wp-json\/wp\/v2\/product_brand?post=4080"},{"taxonomy":"product_cat","embeddable":true,"href":"https:\/\/factory.sale\/fi\/wp-json\/wp\/v2\/product_cat?post=4080"},{"taxonomy":"product_tag","embeddable":true,"href":"https:\/\/factory.sale\/fi\/wp-json\/wp\/v2\/product_tag?post=4080"}],"curies":[{"name":"wp","href":"https:\/\/api.w.org\/{rel}","templated":true}]}}