{"id":4077,"date":"2019-08-28T17:20:08","date_gmt":"2019-08-28T17:20:08","guid":{"rendered":"https:\/\/factory.sale\/product\/areco-spirit-panel-mw-wall-panels\/"},"modified":"2024-06-26T07:23:43","modified_gmt":"2024-06-26T07:23:43","slug":"arpanel-mw-seinapaneelit","status":"publish","type":"product","link":"https:\/\/factory.sale\/fi\/tuote\/arpanel-mw-seinapaneelit\/","title":{"rendered":"ARPANEL &#8211; MW SEIN\u00c4PANEELIT"},"content":{"rendered":"<p>Arpanel on laaja valikoima SANDWICH-paneeleja joko mineraalivillalla (MW) tai polyuretaanialla (PIR). Paneelij\u00e4rjestelm\u00e4 on tarkoitettu p\u00e4\u00e4asiassa ulkoiseen k\u00e4ytt\u00f6\u00f6n sein\u00e4- ja kattorakenteissa, mutta sit\u00e4 voidaan k\u00e4ytt\u00e4\u00e4 my\u00f6s sisustusmateriaalina. Laaja valikoima erilaisia \u200b\u200bprofiileja ja v\u00e4rej\u00e4 mahdollistaa eri mahdollisuuksia.<\/p>\n<p><em>Minimi tilaus 150 m2<\/em><\/p>\n<ul>\n<li>Mineraalivillaydin, A2-s1, d0<\/li>\n<li>Korkea palokest\u00e4vyys EI240<\/li>\n<li>Erinomainen l\u00e4mp\u00f6-ja \u00e4\u00e4nieristys<\/li>\n<li>Pituudet: 910-12 000 mm<\/li>\n<li>Kannen leveys: 1150, 1100, 1000 mm<\/li>\n<li>Paksuus: 100-300mm<\/li>\n<li>Suojausluokan 2 mukainen tunkeutumissuojaus<\/li>\n<li>Nopeat toimitukset<\/li>\n<li>Tekninen tuki koko rakennusjakson aikana<\/li>\n<\/ul>\n","protected":false},"excerpt":{"rendered":"<p>Arpanel on laaja valikoima SANDWICH-paneeleja joko mineraalivillalla (MW) tai polyuretaanialla (PIR). Paneelij\u00e4rjestelm\u00e4 on tarkoitettu p\u00e4\u00e4asiassa ulkoiseen k\u00e4ytt\u00f6\u00f6n sein\u00e4- ja kattorakenteissa, mutta sit\u00e4 voidaan k\u00e4ytt\u00e4\u00e4 my\u00f6s sisustusmateriaalina. Laaja valikoima erilaisia \u200b\u200bprofiileja ja v\u00e4rej\u00e4 mahdollistaa erilaisia \u200b\u200bmahdollisuuksia.<\/p>\n<p>T\u00e4m\u00e4 on mallihinta 100m paneelille.<\/p>\n<p>Meilt\u00e4 saat tarvittaessa my\u00f6s asennuksen \u2013 toimitetaan ja asennetaan valtakunnallisesti!<\/p>\n<p>L\u00e4het\u00e4 oma tarjouspyynt\u00f6: myynti@factory.sale<\/p>\n<p>Minimi tilaus 150 m2.<\/p>\n","protected":false},"featured_media":4079,"comment_status":"open","ping_status":"closed","template":"","meta":{"_acf_changed":false},"factory":[],"free-shipment":[],"product_brand":[],"product_cat":[476,478],"product_tag":[530],"class_list":{"0":"post-4077","1":"product","2":"type-product","3":"status-publish","4":"has-post-thumbnail","6":"product_cat-sandwich-panel-fi","7":"product_cat-villa","8":"product_tag-sandwich-panel-fi-2","10":"first","11":"instock","12":"sale","13":"taxable","14":"shipping-taxable","15":"purchasable","16":"product-type-simple"},"acf":[],"_links":{"self":[{"href":"https:\/\/factory.sale\/fi\/wp-json\/wp\/v2\/product\/4077","targetHints":{"allow":["GET"]}}],"collection":[{"href":"https:\/\/factory.sale\/fi\/wp-json\/wp\/v2\/product"}],"about":[{"href":"https:\/\/factory.sale\/fi\/wp-json\/wp\/v2\/types\/product"}],"replies":[{"embeddable":true,"href":"https:\/\/factory.sale\/fi\/wp-json\/wp\/v2\/comments?post=4077"}],"wp:featuredmedia":[{"embeddable":true,"href":"https:\/\/factory.sale\/fi\/wp-json\/wp\/v2\/media\/4079"}],"wp:attachment":[{"href":"https:\/\/factory.sale\/fi\/wp-json\/wp\/v2\/media?parent=4077"}],"wp:term":[{"taxonomy":"factory","embeddable":true,"href":"https:\/\/factory.sale\/fi\/wp-json\/wp\/v2\/factory?post=4077"},{"taxonomy":"free-shipment","embeddable":true,"href":"https:\/\/factory.sale\/fi\/wp-json\/wp\/v2\/free-shipment?post=4077"},{"taxonomy":"product_brand","embeddable":true,"href":"https:\/\/factory.sale\/fi\/wp-json\/wp\/v2\/product_brand?post=4077"},{"taxonomy":"product_cat","embeddable":true,"href":"https:\/\/factory.sale\/fi\/wp-json\/wp\/v2\/product_cat?post=4077"},{"taxonomy":"product_tag","embeddable":true,"href":"https:\/\/factory.sale\/fi\/wp-json\/wp\/v2\/product_tag?post=4077"}],"curies":[{"name":"wp","href":"https:\/\/api.w.org\/{rel}","templated":true}]}}