{"id":4074,"date":"2019-08-28T17:20:08","date_gmt":"2019-08-28T17:20:08","guid":{"rendered":"https:\/\/factory.sale\/product\/aluminium-sandwich-systems\/"},"modified":"2024-06-25T12:03:05","modified_gmt":"2024-06-25T12:03:05","slug":"sandwich-systeemit-alumiinista","status":"publish","type":"product","link":"https:\/\/factory.sale\/fi\/tuote\/sandwich-systeemit-alumiinista\/","title":{"rendered":"SANDWICH ELEMENTIT ALUMIINISTA"},"content":{"rendered":"<p>ALUTHERM \u00ae -elementit ovat kevyit\u00e4 Alu \/ Alu SANDWICH -elementtej\u00e4, joissa on tukevaa polyuretaanivaahtoa, jota k\u00e4ytet\u00e4\u00e4n tukisyd\u00e4men rakentamisessa. ALUTHERM \u00ae -elementit ovat standardin DIN 4102 mukaisia \u200b\u200bja ne luokitellaan ryhm\u00e4\u00e4n B1 palonestoaineiksi. Alumiini sandwich-elementit ovat monipuolisia ja energiatehokkaita.<\/p>\n<p>Sandwich-elementeiss\u00e4 yhdistyv\u00e4t korroosionkest\u00e4vyys, alumiinin pieni paino ja trapetsimuotoisten profiilien kantokyky sek\u00e4 j\u00e4yk\u00e4n polyuretaanivaahdon erinomainen l\u00e4mm\u00f6neristyskyky.<\/p>\n<p><em>Minimi tilaus 300m2<\/em><\/p>\n<p>&nbsp;<\/p>\n<p>&nbsp;<\/p>\n<p><strong>Etuja:<\/strong><\/p>\n<ul>\n<li>eritt\u00e4in kevyt ja helppo asentaa<\/li>\n<li>ei viiltoja tai korroosiota tuotannon aikana<\/li>\n<li>pitk\u00e4 k\u00e4ytt\u00f6ik\u00e4 johtuen korroosionkest\u00e4v\u00e4n alumiinin k\u00e4yt\u00f6st\u00e4<\/li>\n<li>voidaan asentaa s\u00e4\u00e4olosuhteista riippumatta<\/li>\n<\/ul>\n","protected":false},"excerpt":{"rendered":"<p>ALUTHERM \u00ae elementit ovat kevyit\u00e4 Alu \/ Alu SANDWICH -elementtej\u00e4, joissa on tukevaa polyuretaanivaahtoa, jota k\u00e4ytet\u00e4\u00e4n tukisyd\u00e4men rakentamisessa. ALUTHERM \u00ae -elementit ovat standardin DIN 4102 mukaisia ja ne luokitellaan ryhm\u00e4n B1 tulenkest\u00e4viin rakennusmateriaaleihin. Alumiinileip\u00e4elementit ovat monipuolisia ja energiatehokkaita.<\/p>\n<p>T\u00e4m\u00e4 on mallihinta 100m paneelille.<\/p>\n<p>Meilt\u00e4 saat tarvittaessa my\u00f6s asennuksen \u2013 toimitetaan ja asennetaan valtakunnallisesti!<\/p>\n<p>L\u00e4het\u00e4 oma tarjouspyynt\u00f6: myynti@factory.sale<\/p>\n<p>Minimi tilaus 300m2.<\/p>\n","protected":false},"featured_media":4076,"comment_status":"open","ping_status":"closed","template":"","meta":{"_acf_changed":false},"factory":[],"free-shipment":[],"product_brand":[],"product_cat":[479,476],"product_tag":[530],"class_list":{"0":"post-4074","1":"product","2":"type-product","3":"status-publish","4":"has-post-thumbnail","6":"product_cat-pir-pur","7":"product_cat-sandwich-panel-fi","8":"product_tag-sandwich-panel-fi-2","10":"first","11":"instock","12":"sale","13":"taxable","14":"shipping-taxable","15":"purchasable","16":"product-type-simple"},"acf":[],"_links":{"self":[{"href":"https:\/\/factory.sale\/fi\/wp-json\/wp\/v2\/product\/4074","targetHints":{"allow":["GET"]}}],"collection":[{"href":"https:\/\/factory.sale\/fi\/wp-json\/wp\/v2\/product"}],"about":[{"href":"https:\/\/factory.sale\/fi\/wp-json\/wp\/v2\/types\/product"}],"replies":[{"embeddable":true,"href":"https:\/\/factory.sale\/fi\/wp-json\/wp\/v2\/comments?post=4074"}],"wp:featuredmedia":[{"embeddable":true,"href":"https:\/\/factory.sale\/fi\/wp-json\/wp\/v2\/media\/4076"}],"wp:attachment":[{"href":"https:\/\/factory.sale\/fi\/wp-json\/wp\/v2\/media?parent=4074"}],"wp:term":[{"taxonomy":"factory","embeddable":true,"href":"https:\/\/factory.sale\/fi\/wp-json\/wp\/v2\/factory?post=4074"},{"taxonomy":"free-shipment","embeddable":true,"href":"https:\/\/factory.sale\/fi\/wp-json\/wp\/v2\/free-shipment?post=4074"},{"taxonomy":"product_brand","embeddable":true,"href":"https:\/\/factory.sale\/fi\/wp-json\/wp\/v2\/product_brand?post=4074"},{"taxonomy":"product_cat","embeddable":true,"href":"https:\/\/factory.sale\/fi\/wp-json\/wp\/v2\/product_cat?post=4074"},{"taxonomy":"product_tag","embeddable":true,"href":"https:\/\/factory.sale\/fi\/wp-json\/wp\/v2\/product_tag?post=4074"}],"curies":[{"name":"wp","href":"https:\/\/api.w.org\/{rel}","templated":true}]}}