{"id":4071,"date":"2019-08-28T17:20:09","date_gmt":"2019-08-28T17:20:09","guid":{"rendered":"https:\/\/factory.sale\/product\/fortelock-industry\/"},"modified":"2024-06-27T11:28:01","modified_gmt":"2024-06-27T11:28:01","slug":"fortelock-teollisuus","status":"publish","type":"product","link":"https:\/\/factory.sale\/fi\/tuote\/fortelock-teollisuus\/","title":{"rendered":"FORTELOCK TEOLLISUUS"},"content":{"rendered":"<p>T\u00e4m\u00e4n tyyppisten laattojen k\u00e4ytt\u00f6\u00e4 suositellaan alueille, joille on ominaista korkea rasitus, kest\u00e4vyyden tarve sek\u00e4 korkealaatuinen ja nopea asennus ja kunnostus. Niit\u00e4 k\u00e4ytet\u00e4\u00e4n erityisesti teollisuudessa hyvin usein, kone-tai l\u00e4\u00e4keteollisuudessa, varastoissa ja kuljetuksessa.<\/p>\n<p>Fortelock teollisuuslevy on tuote raskaimpiin kuormiin. Siksi se on valmistettu eritt\u00e4in kest\u00e4v\u00e4st\u00e4 100% PVC:st\u00e4 homogeenisesta materiaalista. Siin\u00e4 on t\u00e4ysi alapuoli, mik\u00e4 tekee siit\u00e4 sopivan korkeapisteisille ja dynaamisille kuormitusalueille. N\u00e4m\u00e4 ovat p\u00e4\u00e4asiassa raskaiden k\u00e4sittelylaitteiden (erityisesti haarukkatrukkien tai s\u00e4hk\u00f6k\u00e4ytt\u00f6isten haarukkatrukkien) k\u00e4ytt\u00f6\u00e4.<\/p>\n<p>PVC-lattia erottuu edukseen erityisesti vedenpit\u00e4vyydest\u00e4\u00e4n ja luistamattomuudestaan, \u00e4\u00e4nenvaimennuksensa ja kemikaalien kest\u00e4vyydest\u00e4\u00e4n.<\/p>\n<p><strong>Fortelock ECO<\/strong><\/p>\n<p>PVC-laatoissa Fortelock ECO on samat eritt\u00e4in vahvat ominaisuudet kuin Fortelock Industryss\u00e4. Ero n\u00e4iden kahden levyjen v\u00e4lill\u00e4 on materiaalin koostumus. Ensisijaisen PVC:n lis\u00e4ksi ECO-levyt sis\u00e4lt\u00e4v\u00e4t my\u00f6s s\u00e4hk\u00f6eristyksest\u00e4 valmistettua PVC-seosta, jota on t\u00e4ydennetty lis\u00e4aineilla. T\u00e4m\u00e4 seos parantaa laattojen toimivuutta. Fortelock \u00d6KO on suunniteltu raskaille kuormille teollisuudessa, varastoissa tai autotalleissa<\/p>\n<p><strong>V\u00e4rit: musta, harmaa<\/strong><\/p>\n","protected":false},"excerpt":{"rendered":"<p>T\u00e4m\u00e4n tyyppisten laattojen k\u00e4ytt\u00f6\u00e4 suositellaan alueille, joille on ominaista korkea rasitus, kest\u00e4vyyden tarve sek\u00e4 korkealaatuinen ja nopea asennus ja kunnostus. Niit\u00e4 k\u00e4ytet\u00e4\u00e4n erityisesti teollisuudessa hyvin usein, kone-tai l\u00e4\u00e4keteollisuudessa, varastoissa ja kuljetuksessa.<\/p>\n","protected":false},"featured_media":4073,"comment_status":"open","ping_status":"closed","template":"","meta":{"_acf_changed":false},"factory":[],"free-shipment":[],"product_brand":[],"product_cat":[36,446,105,448],"product_tag":[37,504],"class_list":{"0":"post-4071","1":"product","2":"type-product","3":"status-publish","4":"has-post-thumbnail","6":"product_cat-floor","7":"product_cat-lattiat","8":"product_cat-fortelock","10":"product_tag-floor","11":"product_tag-floor-fi","13":"first","14":"instock","15":"sale","16":"taxable","17":"shipping-taxable","18":"purchasable","19":"product-type-simple"},"acf":[],"_links":{"self":[{"href":"https:\/\/factory.sale\/fi\/wp-json\/wp\/v2\/product\/4071","targetHints":{"allow":["GET"]}}],"collection":[{"href":"https:\/\/factory.sale\/fi\/wp-json\/wp\/v2\/product"}],"about":[{"href":"https:\/\/factory.sale\/fi\/wp-json\/wp\/v2\/types\/product"}],"replies":[{"embeddable":true,"href":"https:\/\/factory.sale\/fi\/wp-json\/wp\/v2\/comments?post=4071"}],"wp:featuredmedia":[{"embeddable":true,"href":"https:\/\/factory.sale\/fi\/wp-json\/wp\/v2\/media\/4073"}],"wp:attachment":[{"href":"https:\/\/factory.sale\/fi\/wp-json\/wp\/v2\/media?parent=4071"}],"wp:term":[{"taxonomy":"factory","embeddable":true,"href":"https:\/\/factory.sale\/fi\/wp-json\/wp\/v2\/factory?post=4071"},{"taxonomy":"free-shipment","embeddable":true,"href":"https:\/\/factory.sale\/fi\/wp-json\/wp\/v2\/free-shipment?post=4071"},{"taxonomy":"product_brand","embeddable":true,"href":"https:\/\/factory.sale\/fi\/wp-json\/wp\/v2\/product_brand?post=4071"},{"taxonomy":"product_cat","embeddable":true,"href":"https:\/\/factory.sale\/fi\/wp-json\/wp\/v2\/product_cat?post=4071"},{"taxonomy":"product_tag","embeddable":true,"href":"https:\/\/factory.sale\/fi\/wp-json\/wp\/v2\/product_tag?post=4071"}],"curies":[{"name":"wp","href":"https:\/\/api.w.org\/{rel}","templated":true}]}}