{"id":4068,"date":"2019-08-28T17:20:09","date_gmt":"2019-08-28T17:20:09","guid":{"rendered":"https:\/\/factory.sale\/product\/t-shirt-with-logo\/"},"modified":"2025-10-24T15:42:37","modified_gmt":"2025-10-24T12:42:37","slug":"pu-seina-sandwich-paneeli","status":"publish","type":"product","link":"https:\/\/factory.sale\/fi\/tuote\/pu-seina-sandwich-paneeli\/","title":{"rendered":"PU SEIN\u00c4 SANDWICH PANEELI"},"content":{"rendered":"<p>PolTherma DS on sein\u00e4 sandwich-paneeli, jossa j\u00e4ykk\u00e4 PU-vaahtoydin on kiinnitetty tukiosuuteen n\u00e4kyv\u00e4sti (ns. piilotettu liitin). Levyn reunan sopiva muotoilu sallii kiinnitysruuvilukon piilottamisen erityisesti profiloidussa osassa, joka peitt\u00e4\u00e4 viereisen levyn. T\u00e4ll\u00e4 tavoin rakennuksen julkisivusta puuttuvat kaikki n\u00e4kyv\u00e4t kiinnitykset, jotka muodostavat yhten\u00e4isen paneelin tyylikk\u00e4ksi reliefiksi.<\/p>\n<p>Sein\u00e4 sandwich-paneelien koristeellinen linja on ainutlaatuinen tarjous rakennusmarkkinoilla.<\/p>\n<p>PolTherma DS -sein\u00e4levy on saatavana seuraavissa profiileissa:<\/p>\n<p>vino profilointi-Polterma DS S<br \/>\nmikrokasettiprofiilit 500-Polterma DS MK500<\/p>\n<p>Polterma DS saadavalla oleva valikoima:<\/p>\n<p>FLEXI &#8211; on galvanoidusta ter\u00e4ksest\u00e4 valmistetulla levy sis\u00e4vuorella, joka on t\u00e4ydellinen sek\u00e4 rakennusten kunnostamiseen (julkisivun kunnostaminen) ett\u00e4 l\u00e4mp\u00f6modernisointiin (rakennuksen eristys). Koskee paksuuksia 60, 80, 100, 120.<\/p>\n<p>Polterma DS on esimerkki nykyaikaisimmasta tekniikasta, joka on nyky\u00e4\u00e4n saatavana sandwich-paneeleissa maailmanlaajuisesti, sek\u00e4 polyuretaaniydimen muodostumisen alalla ett\u00e4 edistyneisiin julkisivuprofiilien prosesseihin liittyv\u00e4ss\u00e4 teollisuussuunnitteluratkaisussa.<\/p>\n<p>Ainutlaatuinen Polterma DS -sein\u00e4paneelij\u00e4rjestelm\u00e4 on voittanut arvostetun kultamitalin Pozna\u0144in kansainv\u00e4lisill\u00e4 messuilla ja AGROTECH Kielce -messuilla.<\/p>\n<p><em>Minimi tilaus 300m2<\/em><\/p>\n<p><img loading=\"lazy\" decoding=\"async\" class=\"alignnone size-full wp-image-130396\" src=\"https:\/\/factory.sale\/wp-content\/uploads\/2019\/08\/ColoursFull.bmp\" alt=\"\" width=\"1661\" height=\"893\" \/><\/p>\n","protected":false},"excerpt":{"rendered":"<p>Sein\u00e4 sandwich-paneeli, jossa j\u00e4ykk\u00e4 PU-vaahtoydin on kiinnitetty tukiosuuteen n\u00e4kyv\u00e4sti (ns. piilotettu liitin). Levyn reunan sopiva muotoilu sallii kiinnitysruuvilukon piilottamisen erityisesti profiloidussa osassa, joka peitt\u00e4\u00e4 viereisen levyn. T\u00e4ll\u00e4 tavoin rakennuksen julkisivusta puuttuvat kaikki n\u00e4kyv\u00e4t kiinnitykset, jotka muodostavat yhten\u00e4isen paneelin tyylikk\u00e4ksi reliefiksi.<\/p>\n<p>T\u00e4m\u00e4 on mallihinta 100m paneelille.<\/p>\n<p>Meilt\u00e4 saat tarvittaessa my\u00f6s asennuksen \u2013 toimitetaan ja asennetaan valtakunnallisesti!<\/p>\n<p>L\u00e4het\u00e4 oma tarjouspyynt\u00f6: myynti@factory.sale<\/p>\n<p>Minimi tilaus 300m2.<\/p>\n","protected":false},"featured_media":4070,"comment_status":"open","ping_status":"closed","template":"","meta":{"_acf_changed":false},"factory":[],"free-shipment":[],"product_brand":[],"product_cat":[476,479],"product_tag":[530,531],"class_list":{"0":"post-4068","1":"product","2":"type-product","3":"status-publish","4":"has-post-thumbnail","6":"product_cat-sandwich-panel-fi","7":"product_cat-pir-pur","8":"product_tag-sandwich-panel-fi-2","9":"product_tag-sandwish-fi","11":"first","12":"instock","13":"sale","14":"taxable","15":"shipping-taxable","16":"purchasable","17":"product-type-simple"},"acf":[],"_links":{"self":[{"href":"https:\/\/factory.sale\/fi\/wp-json\/wp\/v2\/product\/4068","targetHints":{"allow":["GET"]}}],"collection":[{"href":"https:\/\/factory.sale\/fi\/wp-json\/wp\/v2\/product"}],"about":[{"href":"https:\/\/factory.sale\/fi\/wp-json\/wp\/v2\/types\/product"}],"replies":[{"embeddable":true,"href":"https:\/\/factory.sale\/fi\/wp-json\/wp\/v2\/comments?post=4068"}],"wp:featuredmedia":[{"embeddable":true,"href":"https:\/\/factory.sale\/fi\/wp-json\/wp\/v2\/media\/4070"}],"wp:attachment":[{"href":"https:\/\/factory.sale\/fi\/wp-json\/wp\/v2\/media?parent=4068"}],"wp:term":[{"taxonomy":"factory","embeddable":true,"href":"https:\/\/factory.sale\/fi\/wp-json\/wp\/v2\/factory?post=4068"},{"taxonomy":"free-shipment","embeddable":true,"href":"https:\/\/factory.sale\/fi\/wp-json\/wp\/v2\/free-shipment?post=4068"},{"taxonomy":"product_brand","embeddable":true,"href":"https:\/\/factory.sale\/fi\/wp-json\/wp\/v2\/product_brand?post=4068"},{"taxonomy":"product_cat","embeddable":true,"href":"https:\/\/factory.sale\/fi\/wp-json\/wp\/v2\/product_cat?post=4068"},{"taxonomy":"product_tag","embeddable":true,"href":"https:\/\/factory.sale\/fi\/wp-json\/wp\/v2\/product_tag?post=4068"}],"curies":[{"name":"wp","href":"https:\/\/api.w.org\/{rel}","templated":true}]}}