{"id":4065,"date":"2019-08-28T17:20:09","date_gmt":"2019-08-28T17:20:09","guid":{"rendered":"https:\/\/factory.sale\/product\/poltherma-cs-cold-store\/"},"modified":"2024-06-26T12:08:47","modified_gmt":"2024-06-26T12:08:47","slug":"poltherma-cs-kylmavarasto","status":"publish","type":"product","link":"https:\/\/factory.sale\/fi\/tuote\/poltherma-cs-kylmavarasto\/","title":{"rendered":"POLTHERMA CS KYLM\u00c4VARASTO"},"content":{"rendered":"<section id=\"productHeader\" class=\"row\">\n<div id=\"productDescription\" class=\"col-md-12\">\n<p>Polterma CS on erityinen sein\u00e4paneeli, jossa on polyuretaaniydin. Se on tarkoitettu kylm\u00e4varastointi-rakennuksiin. Kiinnitys on n\u00e4kyviss\u00e4 (ruuvi on koko paneelin pituudelta). Kylm\u00e4varastojen lis\u00e4ksi CS-sarja sopii kaikkiin rakennuksiin, joissa sein\u00e4n l\u00e4mp\u00f6ominaisuudet ovat kaikista t\u00e4rkeimm\u00e4t.<\/p>\n<p>PolTherma CS: t\u00e4 suositellaan my\u00f6s hedelmien ja vihannesten varastointiin erikoistuneisiin maatilarakennuksiin.<\/p>\n<p>Parempi kest\u00e4vyys termilliselle muodonmuutokselle uutta profiilin varten:<\/p>\n<p>MicroCoffer mk 550-Polterma CS MK550<br \/>\nSaatavana my\u00f6s vakioprofiileissa:<\/p>\n<p>Linear-Polterma CS L<br \/>\nMikro-Polterma CS M<br \/>\nSoonik-Polterma CS R<br \/>\nSuositukset: Butyyliktiivisteen k\u00e4ytt\u00f6 paneeliliitoksessa (koko paneelin pituudelta) on pakollista kattoissa. Valinnainen seiniin.<\/p>\n<\/div>\n<p><em>Minimi tilaus 300m2<\/em><\/p>\n<\/section>\n<section id=\"productData\">\n<div class=\"tab-content\"><\/div>\n<\/section>\n","protected":false},"excerpt":{"rendered":"<p>ERINOMAINEN ERISTYS (L\u00c4MP\u00d6) TYYLIKK\u00c4ILL\u00c4 PROFIILEILL\u00c4<\/p>\n<p>Polterma CS on erityinen sein\u00e4paneeli, jossa on polyuretaaniydin. Se on tarkoitettu kylm\u00e4varastointi-rakennuksiin. Kiinnitys on n\u00e4kyviss\u00e4 (ruuvi on koko paneelin pituudelta). Kylm\u00e4varastojen lis\u00e4ksi CS-sarja sopii kaikkiin rakennuksiin, joissa sein\u00e4n l\u00e4mp\u00f6ominaisuudet ovat kaikista t\u00e4rkeimm\u00e4t.<\/p>\n<p>T\u00e4m\u00e4 on mallihinta 100m paneelille.<\/p>\n<p>Meilt\u00e4 saat tarvittaessa my\u00f6s asennuksen \u2013 toimitetaan ja asennetaan valtakunnallisesti!<\/p>\n<p>L\u00e4het\u00e4 oma tarjouspyynt\u00f6: myynti@factory.sale<\/p>\n<p>Minimi tilaus 300m2.<\/p>\n","protected":false},"featured_media":4067,"comment_status":"open","ping_status":"closed","template":"","meta":{"_acf_changed":false},"factory":[],"free-shipment":[],"product_brand":[],"product_cat":[476,479],"product_tag":[521,522,531],"class_list":{"0":"post-4065","1":"product","2":"type-product","3":"status-publish","4":"has-post-thumbnail","6":"product_cat-sandwich-panel-fi","7":"product_cat-pir-pur","8":"product_tag-panel-fi","9":"product_tag-polytherma-fi","10":"product_tag-sandwish-fi","12":"first","13":"onbackorder","14":"sale","15":"taxable","16":"shipping-taxable","17":"purchasable","18":"product-type-simple"},"acf":[],"_links":{"self":[{"href":"https:\/\/factory.sale\/fi\/wp-json\/wp\/v2\/product\/4065","targetHints":{"allow":["GET"]}}],"collection":[{"href":"https:\/\/factory.sale\/fi\/wp-json\/wp\/v2\/product"}],"about":[{"href":"https:\/\/factory.sale\/fi\/wp-json\/wp\/v2\/types\/product"}],"replies":[{"embeddable":true,"href":"https:\/\/factory.sale\/fi\/wp-json\/wp\/v2\/comments?post=4065"}],"wp:featuredmedia":[{"embeddable":true,"href":"https:\/\/factory.sale\/fi\/wp-json\/wp\/v2\/media\/4067"}],"wp:attachment":[{"href":"https:\/\/factory.sale\/fi\/wp-json\/wp\/v2\/media?parent=4065"}],"wp:term":[{"taxonomy":"factory","embeddable":true,"href":"https:\/\/factory.sale\/fi\/wp-json\/wp\/v2\/factory?post=4065"},{"taxonomy":"free-shipment","embeddable":true,"href":"https:\/\/factory.sale\/fi\/wp-json\/wp\/v2\/free-shipment?post=4065"},{"taxonomy":"product_brand","embeddable":true,"href":"https:\/\/factory.sale\/fi\/wp-json\/wp\/v2\/product_brand?post=4065"},{"taxonomy":"product_cat","embeddable":true,"href":"https:\/\/factory.sale\/fi\/wp-json\/wp\/v2\/product_cat?post=4065"},{"taxonomy":"product_tag","embeddable":true,"href":"https:\/\/factory.sale\/fi\/wp-json\/wp\/v2\/product_tag?post=4065"}],"curies":[{"name":"wp","href":"https:\/\/api.w.org\/{rel}","templated":true}]}}