{"id":4061,"date":"2019-08-28T17:20:09","date_gmt":"2019-08-28T17:20:09","guid":{"rendered":"https:\/\/factory.sale\/product\/fortelock\/"},"modified":"2025-03-27T01:14:58","modified_gmt":"2025-03-26T22:14:58","slug":"fortelock","status":"publish","type":"product","link":"https:\/\/factory.sale\/fi\/tuote\/fortelock\/","title":{"rendered":"Fortelock"},"content":{"rendered":"<p>Lattian valinta on yksi keskeisist\u00e4 kohdista, joka m\u00e4\u00e4r\u00e4\u00e4 jokaisen sisustuksen suunnittelun. Ajan my\u00f6t\u00e4 PVC Fortelock -kiinnityslaatat tulivat laajalti suosituiksi niiden ominaisuuksien erityisyhdistelm\u00e4n vuoksi, kuten sen soveltuvuus k\u00e4yt\u00e4nn\u00f6llisesti katsoen kaikkiin tiloihin, alhainen huoltotarve, korkea joustavuus tai t\u00e4ydellinen ulkon\u00e4k\u00f6.<\/p>\n<p>Parametrien suhteen suositellaan erilaisia \u200b\u200blattiatyyppej\u00e4, jotta se tarjoaa parhaan toiminnallisuuden tietyss\u00e4 tilassa ja vastaa siten juuri sinun odotuksiasi. Valitse itsellesi paras.<\/p>\n<p><strong>Fortelock Industry<\/strong><\/p>\n<p>Luotettavat korkealaatuiset PVC-laatat. Niit\u00e4 arvostetaan erityisesti alueilla, joilla on suuri ty\u00f6m\u00e4\u00e4r\u00e4 ja jatkuvaa ty\u00f6t\u00e4. T\u00e4m\u00e4 lattia sopii teollisuudelle, tuotantolaitoksille, varastoihin tai liiketiloihin.<\/p>\n<p><strong>Fortelock Light<\/strong><\/p>\n<p>T\u00e4m\u00e4ntyyppiset laatat soveltuvat hyvin esim. kellareihin, talon teknisiin tiloihin tai autotalleihin. Lattia ei ole niin kova, mutta silti eritt\u00e4in kest\u00e4v\u00e4.<\/p>\n<p><strong>Fortelock Invisible<\/strong><\/p>\n<p>Homogeeninen p\u00e4\u00e4llyste piilotetulla lukolla sopii kaupalliseen, yhteiskunnalliseen, asuin- ja varastotilaan.<\/p>\n<p><strong>Fortelocki Decor<\/strong><\/p>\n<p>Uusi ja ainutlaatuinen Fortelock &#8211; tuotelinja. Suunniteltu huolellisesti sopimaan jokaisen kodin lis\u00e4ksi my\u00f6s hotelleihin, toimistoihin ja kouluihin.<\/p>\n<p><strong>Lattiarampit ja kulmat<\/strong><\/p>\n<p>T\u00e4ydellinen lattian viimeistely helpompaan ja sujuvampaan auto- tai kuorma-ajomatkaan ja parempaan esteettiseen ulkon\u00e4k\u00f6\u00f6n.<\/p>\n<p>Fortelock PVC -lattialaatat ovat ainutlaatuinen lattiaratkaisu, jossa yhdistyv\u00e4t yksinkertaisuus ja kest\u00e4vyys. Siksi haluamme kiinnitt\u00e4\u00e4 t\u00e4h\u00e4n huomiota. Lue tarkemmat tiedot tuotteesta, sen valmistuksesta tai yleisest\u00e4 k\u00e4yt\u00f6st\u00e4.<\/p>\n","protected":false},"excerpt":{"rendered":"<p>Lattian valinta on yksi keskeisist\u00e4 kohdista, joka m\u00e4\u00e4r\u00e4\u00e4 jokaisen sisustuksen suunnittelun. Ajan my\u00f6t\u00e4 PVC Fortelock -kiinnityslaatat tulivat laajalti suosituiksi niiden ominaisuuksien erityisyhdistelm\u00e4n vuoksi, kuten sen soveltuvuus k\u00e4yt\u00e4nn\u00f6llisesti katsoen kaikkiin tiloihin, alhainen huoltotarve, korkea joustavuus tai t\u00e4ydellinen ulkon\u00e4k\u00f6.<\/p>\n","protected":false},"featured_media":5197,"comment_status":"open","ping_status":"closed","template":"","meta":{"_acf_changed":false},"factory":[],"free-shipment":[],"product_brand":[],"product_cat":[446,448],"product_tag":[504],"class_list":{"0":"post-4061","1":"product","2":"type-product","3":"status-publish","4":"has-post-thumbnail","6":"product_cat-lattiat","7":"product_cat-fortelock","8":"product_tag-floor-fi","10":"first","11":"onbackorder","12":"sale","13":"virtual","14":"taxable","15":"purchasable","16":"product-type-simple"},"acf":[],"_links":{"self":[{"href":"https:\/\/factory.sale\/fi\/wp-json\/wp\/v2\/product\/4061","targetHints":{"allow":["GET"]}}],"collection":[{"href":"https:\/\/factory.sale\/fi\/wp-json\/wp\/v2\/product"}],"about":[{"href":"https:\/\/factory.sale\/fi\/wp-json\/wp\/v2\/types\/product"}],"replies":[{"embeddable":true,"href":"https:\/\/factory.sale\/fi\/wp-json\/wp\/v2\/comments?post=4061"}],"wp:featuredmedia":[{"embeddable":true,"href":"https:\/\/factory.sale\/fi\/wp-json\/wp\/v2\/media\/5197"}],"wp:attachment":[{"href":"https:\/\/factory.sale\/fi\/wp-json\/wp\/v2\/media?parent=4061"}],"wp:term":[{"taxonomy":"factory","embeddable":true,"href":"https:\/\/factory.sale\/fi\/wp-json\/wp\/v2\/factory?post=4061"},{"taxonomy":"free-shipment","embeddable":true,"href":"https:\/\/factory.sale\/fi\/wp-json\/wp\/v2\/free-shipment?post=4061"},{"taxonomy":"product_brand","embeddable":true,"href":"https:\/\/factory.sale\/fi\/wp-json\/wp\/v2\/product_brand?post=4061"},{"taxonomy":"product_cat","embeddable":true,"href":"https:\/\/factory.sale\/fi\/wp-json\/wp\/v2\/product_cat?post=4061"},{"taxonomy":"product_tag","embeddable":true,"href":"https:\/\/factory.sale\/fi\/wp-json\/wp\/v2\/product_tag?post=4061"}],"curies":[{"name":"wp","href":"https:\/\/api.w.org\/{rel}","templated":true}]}}