{"id":4059,"date":"2019-11-02T10:22:46","date_gmt":"2019-11-02T10:22:46","guid":{"rendered":"https:\/\/factory.sale\/product\/fortelock-invisible\/"},"modified":"2024-06-28T09:56:45","modified_gmt":"2024-06-28T09:56:45","slug":"fortelock-nakymaton","status":"publish","type":"product","link":"https:\/\/factory.sale\/fi\/tuote\/fortelock-nakymaton\/","title":{"rendered":"FORTELOCK N\u00c4KYM\u00c4T\u00d6N"},"content":{"rendered":"<p>Uusi Fortelock-n\u00e4kym\u00e4t\u00f6n PVC-lattia on suunniteltu vastaamaan k\u00e4ytt\u00e4j\u00e4n vaativimpia vaatimuksia. Voit valita n\u00e4m\u00e4 homogeeniset laatat, joissa on piilotetut lukot, kaupallisiin, siviili- ja asuinvarastoihin.<\/p>\n<p>Lattiaa kehitett\u00e4ess\u00e4 kiinnitettiin erityist\u00e4 huomiota tehokkaaseen ja mukavaan k\u00e4ytt\u00f6\u00f6n sek\u00e4 asennuksen helppouteen.<\/p>\n<p>Korkea materiaalikuormitus, luistamaton pinta, t\u00e4ydellinen lukitusj\u00e4rjestelm\u00e4, joka pit\u00e4\u00e4 laatat tiukasti yhdess\u00e4, kemiallinen kest\u00e4vyys, erityisesti suunniteltu kulutuspinta, joka tekee puhdistamisesta helppoa ja lopuksi ilmavirtauskanavat, jotka est\u00e4v\u00e4t veden kertymisen lattian alle ja pit\u00e4v\u00e4t sen tuuletettavana. N\u00e4m\u00e4 ovat vain joitain etuja, joita voit odottaa asennettuaasi Fortelock Invisible PVC -lattiatiilet.<\/p>\n<p>Piilotetut lukot ja aukot yhdess\u00e4 riviss\u00e4 lis\u00e4\u00e4v\u00e4t harmonisesti lattioiden tasaisuutta.<br \/>\nV\u00e4rivalinta: punainen, vihre\u00e4, sininen, harmaa, grafiitti ja musta t\u00e4m\u00e4ntyyppisille lattiap\u00e4\u00e4llysteille.<\/p>\n<p>Laattojen kulutuspinta on valmistettu k\u00e4\u00e4rmeennahasta, jonka avulla lattiapinta todella n\u00e4ytt\u00e4\u00e4 k\u00e4\u00e4rmeennahalta. N\u00e4in saat valoisan huoneen, joka her\u00e4tt\u00e4\u00e4 lattiassa animaatiota ja mielikuvitusta, mutta ennen kaikkea tekee sen yll\u00e4pidosta helppoa, koska yksitt\u00e4iset ep\u00e4puhtaudet eiv\u00e4t j\u00e4\u00e4 kuvioon.<\/p>\n<p><strong>Miksi Fortelock N\u00e4kym\u00e4t\u00f6n?<\/strong><\/p>\n<ul>\n<li>Helppo asennus<\/li>\n<li>Helppo huoltaa ja puhdistaa<\/li>\n<li>Levyj\u00e4 ei tarvitse liimata<\/li>\n<li>Yksitt\u00e4iset osat voidaan vaihtaa tai koko lattia siirt\u00e4\u00e4 toiseen paikkaan<\/li>\n<li>Erinomainen kest\u00e4vyys ja luistamattomat ominaisuudet<\/li>\n<li>Turvallinen lattia kuorma-autojen liikkumiseen ja kuljettamiseen<\/li>\n<li>Kanavaj\u00e4rjestelm\u00e4 lattian tuuletusta varten<\/li>\n<\/ul>\n<p><strong>Helppo asennus<\/strong><\/p>\n<ul>\n<li>Asennuksen nopeus ja yksinkertaisuus<\/li>\n<li>Alustasta riippumaton<\/li>\n<li>Asennus joustavalle alustalle<\/li>\n<\/ul>\n<p><strong>Korkealaatuinen ja kest\u00e4v\u00e4 materiaali<\/strong><\/p>\n<ul>\n<li>Eritt\u00e4in kest\u00e4v\u00e4 lukitusj\u00e4rjestelm\u00e4<\/li>\n<li>Kest\u00e4vyys py\u00f6r\u00e4tuolien vaikutuksille<\/li>\n<li>\u00c4\u00e4nen-, l\u00e4mm\u00f6n- ja t\u00e4rin\u00e4n eristys &#8211; t\u00e4ydellinen ty\u00f6ymp\u00e4rist\u00f6ihin, joissa vaaditaan isompaa keskitymist\u00e4<\/li>\n<li>Pitk\u00e4aikainen kest\u00e4vyys ja vakaus \u2013 takuu jopa 12 vuotta<\/li>\n<li>Ilmanvirtausj\u00e4rjestelm\u00e4 kosteuden est\u00e4miseksi &#8211;\u00a0 lattioissa tai seiniss\u00e4 ei ole hometta<\/li>\n<li>Kest\u00e4\u00e4 veden ja kahvin tahroja, helpottaa huoltoa<\/li>\n<li>Laaja valikoima kuvioita ja v\u00e4rej\u00e4<\/li>\n<li>Yhdistett\u00e4v\u00e4t malli<\/li>\n<li>Luo k\u00e4yt\u00e4vi\u00e4, opasteita, teit\u00e4<\/li>\n<\/ul>\n<p>&nbsp;<\/p>\n<ul>\n<li>Ei tarvitse liimata &#8211; s\u00e4\u00e4st\u00e4t aikaa ja kustannuksia jopa 10%.<\/li>\n<li>Minimaalinen tarve korjata alkuper\u00e4inen pinta &#8211; s\u00e4\u00e4st\u00e4 aikaa jopa 20%<\/li>\n<li>Koko kerrosta ei tarvitse kunnostaa; vain valitut alueet riitt\u00e4v\u00e4t<\/li>\n<li>Lattia on heti k\u00e4ytett\u00e4viss\u00e4 &#8211; ei liiketoiminnan menetyst\u00e4<\/li>\n<li>Taloudellisesti hy\u00f6dyllinen jakautuneille alueille<\/li>\n<\/ul>\n<p>&nbsp;<\/p>\n<ul>\n<li>Ei raskasta metallia<\/li>\n<li>Ymp\u00e4rist\u00f6yst\u00e4v\u00e4llinen tuote<\/li>\n<li>100% kierr\u00e4tett\u00e4v\u00e4<\/li>\n<li>Ei vahaa tai kiillotusaineita<\/li>\n<\/ul>\n","protected":false},"excerpt":{"rendered":"<p>Uusi Fortelock-n\u00e4kym\u00e4t\u00f6n PVC-lattia on suunniteltu vastaamaan k\u00e4ytt\u00e4j\u00e4n vaativimpia vaatimuksia. Voit valita n\u00e4m\u00e4 homogeeniset laatat, joissa on piilotetut lukot, kaupallisiin, siviili- ja asuinvarastoihin.<\/p>\n<p>Lattiaa kehitett\u00e4ess\u00e4 kiinnitettiin erityist\u00e4 huomiota tehokkaaseen ja mukavaan k\u00e4ytt\u00f6\u00f6n sek\u00e4 asennuksen helppouteen.<\/p>\n<p>Korkea materiaalikuormitus, luistamaton pinta, t\u00e4ydellinen lukitusj\u00e4rjestelm\u00e4, joka pit\u00e4\u00e4 laatat tiukasti yhdess\u00e4, kemiallinen kest\u00e4vyys, erityisesti suunniteltu kulutuspinta, joka tekee puhdistamisesta helppoa ja lopuksi ilmavirtauskanavat, jotka est\u00e4v\u00e4t veden kertymisen lattian alle ja pit\u00e4v\u00e4t sen tuuletettavana. N\u00e4m\u00e4 ovat vain joitain etuja, joita voit odottaa asennettuaasi Fortelock Invisible PVC -lattiatiilet.<\/p>\n","protected":false},"featured_media":4060,"comment_status":"open","ping_status":"closed","template":"","meta":{"_acf_changed":false},"factory":[],"free-shipment":[],"product_brand":[],"product_cat":[448,446],"product_tag":[504],"class_list":{"0":"post-4059","1":"product","2":"type-product","3":"status-publish","4":"has-post-thumbnail","6":"product_cat-fortelock","7":"product_cat-lattiat","8":"product_tag-floor-fi","10":"first","11":"instock","12":"sale","13":"taxable","14":"shipping-taxable","15":"purchasable","16":"product-type-simple"},"acf":[],"_links":{"self":[{"href":"https:\/\/factory.sale\/fi\/wp-json\/wp\/v2\/product\/4059","targetHints":{"allow":["GET"]}}],"collection":[{"href":"https:\/\/factory.sale\/fi\/wp-json\/wp\/v2\/product"}],"about":[{"href":"https:\/\/factory.sale\/fi\/wp-json\/wp\/v2\/types\/product"}],"replies":[{"embeddable":true,"href":"https:\/\/factory.sale\/fi\/wp-json\/wp\/v2\/comments?post=4059"}],"wp:featuredmedia":[{"embeddable":true,"href":"https:\/\/factory.sale\/fi\/wp-json\/wp\/v2\/media\/4060"}],"wp:attachment":[{"href":"https:\/\/factory.sale\/fi\/wp-json\/wp\/v2\/media?parent=4059"}],"wp:term":[{"taxonomy":"factory","embeddable":true,"href":"https:\/\/factory.sale\/fi\/wp-json\/wp\/v2\/factory?post=4059"},{"taxonomy":"free-shipment","embeddable":true,"href":"https:\/\/factory.sale\/fi\/wp-json\/wp\/v2\/free-shipment?post=4059"},{"taxonomy":"product_brand","embeddable":true,"href":"https:\/\/factory.sale\/fi\/wp-json\/wp\/v2\/product_brand?post=4059"},{"taxonomy":"product_cat","embeddable":true,"href":"https:\/\/factory.sale\/fi\/wp-json\/wp\/v2\/product_cat?post=4059"},{"taxonomy":"product_tag","embeddable":true,"href":"https:\/\/factory.sale\/fi\/wp-json\/wp\/v2\/product_tag?post=4059"}],"curies":[{"name":"wp","href":"https:\/\/api.w.org\/{rel}","templated":true}]}}