{"id":4057,"date":"2019-11-02T11:12:00","date_gmt":"2019-11-02T11:12:00","guid":{"rendered":"https:\/\/factory.sale\/product\/justyr-eps-100-038-roof-floor\/"},"modified":"2024-06-28T13:07:21","modified_gmt":"2024-06-28T13:07:21","slug":"justyr-eps-100-038-katto-lattia","status":"publish","type":"product","link":"https:\/\/factory.sale\/fi\/tuote\/justyr-eps-100-038-katto-lattia\/","title":{"rendered":"JUSTYR EPS 100-038 KATTO \/ LATTIA"},"content":{"rendered":"<p>JUSTYR EPS 100-038 katto \/ lattia eristyslevyt, joita k\u00e4ytet\u00e4\u00e4n paikoissa, joissa on suurempi kuormitus<\/p>\n<p><strong>K\u00e4ytt\u00f6<\/strong><\/p>\n<p>&#8211; terassien ja kattojen eristys<br \/>\n&#8211; lattian eristys<br \/>\n&#8211; kattoeristys<br \/>\n&#8211; l\u00e4mm\u00f6neristys lattial\u00e4mmitysj\u00e4rjestelm\u00e4ss\u00e4<br \/>\n&#8211; autotallien lattioiden eristys<\/p>\n<p><img loading=\"lazy\" decoding=\"async\" class=\"alignnone size-large wp-image-475\" src=\"https:\/\/factory.sale\/wp-content\/uploads\/2019\/11\/factory-sale-client-technical-data-1024x682.jpg\" alt=\"\" width=\"1024\" height=\"682\" srcset=\"https:\/\/factory.sale\/wp-content\/uploads\/2019\/11\/factory-sale-client-technical-data-1024x682.jpg 1024w, https:\/\/factory.sale\/wp-content\/uploads\/2019\/11\/factory-sale-client-technical-data-150x100.jpg 150w, https:\/\/factory.sale\/wp-content\/uploads\/2019\/11\/factory-sale-client-technical-data-300x200.jpg 300w, https:\/\/factory.sale\/wp-content\/uploads\/2019\/11\/factory-sale-client-technical-data-600x399.jpg 600w, https:\/\/factory.sale\/wp-content\/uploads\/2019\/11\/factory-sale-client-technical-data.jpg 1190w\" sizes=\"auto, (max-width: 1024px) 100vw, 1024px\" \/><\/p>\n","protected":false},"excerpt":{"rendered":"<p>JUSTYR EPS 100-038 katto \/ lattia eristyslevyt, joita k\u00e4ytet\u00e4\u00e4n paikoissa, joissa on suurempi kuormitus<\/p>\n<p><strong>K\u00e4ytt\u00f6<\/strong><\/p>\n<p>&#8211; terassien ja kattojen eristys<br \/>\n&#8211; lattian eristys<br \/>\n&#8211; kattoeristys<br \/>\n&#8211; l\u00e4mm\u00f6neristys lattial\u00e4mmitysj\u00e4rjestelm\u00e4ss\u00e4<br \/>\n&#8211; autotallien lattioiden eristys<\/p>\n","protected":false},"featured_media":4058,"comment_status":"open","ping_status":"closed","template":"","meta":{"_acf_changed":false},"factory":[],"free-shipment":[],"product_brand":[],"product_cat":[457,456],"product_tag":[577],"class_list":{"0":"post-4057","1":"product","2":"type-product","3":"status-publish","4":"has-post-thumbnail","6":"product_cat-eps-fi","7":"product_cat-insulation-fi","8":"product_tag-insulation-fi","10":"first","11":"instock","12":"sale","13":"taxable","14":"shipping-taxable","15":"purchasable","16":"product-type-simple"},"acf":[],"_links":{"self":[{"href":"https:\/\/factory.sale\/fi\/wp-json\/wp\/v2\/product\/4057","targetHints":{"allow":["GET"]}}],"collection":[{"href":"https:\/\/factory.sale\/fi\/wp-json\/wp\/v2\/product"}],"about":[{"href":"https:\/\/factory.sale\/fi\/wp-json\/wp\/v2\/types\/product"}],"replies":[{"embeddable":true,"href":"https:\/\/factory.sale\/fi\/wp-json\/wp\/v2\/comments?post=4057"}],"wp:featuredmedia":[{"embeddable":true,"href":"https:\/\/factory.sale\/fi\/wp-json\/wp\/v2\/media\/4058"}],"wp:attachment":[{"href":"https:\/\/factory.sale\/fi\/wp-json\/wp\/v2\/media?parent=4057"}],"wp:term":[{"taxonomy":"factory","embeddable":true,"href":"https:\/\/factory.sale\/fi\/wp-json\/wp\/v2\/factory?post=4057"},{"taxonomy":"free-shipment","embeddable":true,"href":"https:\/\/factory.sale\/fi\/wp-json\/wp\/v2\/free-shipment?post=4057"},{"taxonomy":"product_brand","embeddable":true,"href":"https:\/\/factory.sale\/fi\/wp-json\/wp\/v2\/product_brand?post=4057"},{"taxonomy":"product_cat","embeddable":true,"href":"https:\/\/factory.sale\/fi\/wp-json\/wp\/v2\/product_cat?post=4057"},{"taxonomy":"product_tag","embeddable":true,"href":"https:\/\/factory.sale\/fi\/wp-json\/wp\/v2\/product_tag?post=4057"}],"curies":[{"name":"wp","href":"https:\/\/api.w.org\/{rel}","templated":true}]}}