{"id":4055,"date":"2019-11-02T11:17:51","date_gmt":"2019-11-02T11:17:51","guid":{"rendered":"https:\/\/factory.sale\/product\/justyr-fasada-solid-styrofoam\/"},"modified":"2024-07-03T21:17:11","modified_gmt":"2024-07-03T21:17:11","slug":"justyr-fasada-sold-vaahtopolystyreenilevy","status":"publish","type":"product","link":"https:\/\/factory.sale\/fi\/tuote\/justyr-fasada-sold-vaahtopolystyreenilevy\/","title":{"rendered":"JUSTYR FASADA SOLD VAAHTOPOLYSTYREENILEVY"},"content":{"rendered":"<p>JUSTYR FASADA SOLD polystyreenilevyj\u00e4, joita k\u00e4ytet\u00e4\u00e4n paikoissa, joissa on matala mekaaninen rasitus<\/p>\n<p><strong>K\u00e4ytt\u00f6<\/strong><\/p>\n<p>&#8211; ulkoinen l\u00e4mp\u00f6eristys suoritetaan \u201dlight wet\u201d (BSO) &#8211; menetelm\u00e4ll\u00e4<br \/>\n&#8211; puukattojen eristys<br \/>\n&#8211; muurausseinien kerrosten eristys<br \/>\n&#8211; ikkunoiden l\u00e4mm\u00f6neristys<br \/>\n&#8211; eristys parvekkeilla<br \/>\n&#8211; rungon seinien l\u00e4mp\u00f6eristys<br \/>\n&#8211; t\u00e4ytt\u00f6laakereiden t\u00e4ytt\u00f6<br \/>\n&#8211; l\u00e4mp\u00f6eristys suljetun kolmikerroksisen sein\u00e4n raossa<\/p>\n<p><img loading=\"lazy\" decoding=\"async\" class=\"alignnone size-full wp-image-469\" src=\"https:\/\/factory.sale\/wp-content\/uploads\/2019\/11\/Technical-data.jpg\" alt=\"\" width=\"1190\" height=\"792\" srcset=\"https:\/\/factory.sale\/wp-content\/uploads\/2019\/11\/Technical-data.jpg 1190w, https:\/\/factory.sale\/wp-content\/uploads\/2019\/11\/Technical-data-150x100.jpg 150w, https:\/\/factory.sale\/wp-content\/uploads\/2019\/11\/Technical-data-300x200.jpg 300w, https:\/\/factory.sale\/wp-content\/uploads\/2019\/11\/Technical-data-1024x682.jpg 1024w, https:\/\/factory.sale\/wp-content\/uploads\/2019\/11\/Technical-data-600x399.jpg 600w\" sizes=\"auto, (max-width: 1190px) 100vw, 1190px\" \/><\/p>\n","protected":false},"excerpt":{"rendered":"<p>JUSTYR FASADA SOLD polystyreenilevyj\u00e4, joita k\u00e4ytet\u00e4\u00e4n paikoissa, joissa on matala mekaaninen rasitus<\/p>\n<p><strong>K\u00e4ytt\u00f6<\/strong><\/p>\n<p>&#8211; ulkoinen l\u00e4mp\u00f6eristys suoritetaan \u201dlight wet\u201d (BSO) &#8211; menetelm\u00e4ll\u00e4<br \/>\n&#8211; puukattojen eristys<br \/>\n&#8211; muurausseinien kerrosten eristys<br \/>\n&#8211; ikkunoiden l\u00e4mm\u00f6neristys<br \/>\n&#8211; eristys parvekkeilla<br \/>\n&#8211; rungon seinien l\u00e4mp\u00f6eristys<br \/>\n&#8211; t\u00e4ytt\u00f6laakereiden t\u00e4ytt\u00f6<br \/>\n&#8211; l\u00e4mp\u00f6eristys suljetun kolmikerroksisen sein\u00e4n raossa<\/p>\n","protected":false},"featured_media":4056,"comment_status":"open","ping_status":"closed","template":"","meta":{"_acf_changed":false},"factory":[],"free-shipment":[],"product_brand":[],"product_cat":[456,457],"product_tag":[],"class_list":{"0":"post-4055","1":"product","2":"type-product","3":"status-publish","4":"has-post-thumbnail","6":"product_cat-insulation-fi","7":"product_cat-eps-fi","9":"first","10":"instock","11":"sale","12":"taxable","13":"shipping-taxable","14":"purchasable","15":"product-type-simple"},"acf":[],"_links":{"self":[{"href":"https:\/\/factory.sale\/fi\/wp-json\/wp\/v2\/product\/4055","targetHints":{"allow":["GET"]}}],"collection":[{"href":"https:\/\/factory.sale\/fi\/wp-json\/wp\/v2\/product"}],"about":[{"href":"https:\/\/factory.sale\/fi\/wp-json\/wp\/v2\/types\/product"}],"replies":[{"embeddable":true,"href":"https:\/\/factory.sale\/fi\/wp-json\/wp\/v2\/comments?post=4055"}],"wp:featuredmedia":[{"embeddable":true,"href":"https:\/\/factory.sale\/fi\/wp-json\/wp\/v2\/media\/4056"}],"wp:attachment":[{"href":"https:\/\/factory.sale\/fi\/wp-json\/wp\/v2\/media?parent=4055"}],"wp:term":[{"taxonomy":"factory","embeddable":true,"href":"https:\/\/factory.sale\/fi\/wp-json\/wp\/v2\/factory?post=4055"},{"taxonomy":"free-shipment","embeddable":true,"href":"https:\/\/factory.sale\/fi\/wp-json\/wp\/v2\/free-shipment?post=4055"},{"taxonomy":"product_brand","embeddable":true,"href":"https:\/\/factory.sale\/fi\/wp-json\/wp\/v2\/product_brand?post=4055"},{"taxonomy":"product_cat","embeddable":true,"href":"https:\/\/factory.sale\/fi\/wp-json\/wp\/v2\/product_cat?post=4055"},{"taxonomy":"product_tag","embeddable":true,"href":"https:\/\/factory.sale\/fi\/wp-json\/wp\/v2\/product_tag?post=4055"}],"curies":[{"name":"wp","href":"https:\/\/api.w.org\/{rel}","templated":true}]}}