{"id":4052,"date":"2019-11-02T11:23:46","date_gmt":"2019-11-02T11:23:46","guid":{"rendered":"https:\/\/factory.sale\/product\/izovat-40-izovat-45\/"},"modified":"2024-06-25T16:42:59","modified_gmt":"2024-06-25T16:42:59","slug":"izovat-villa-eristys","status":"publish","type":"product","link":"https:\/\/factory.sale\/fi\/tuote\/izovat-villa-eristys\/","title":{"rendered":"IZOVAT VILLA-ERISTYS"},"content":{"rendered":"<p>Runkorakenteiden \u00e4\u00e4nieristys ja l\u00e4mm\u00f6neristys, kun eristyslevyll\u00e4 ei ole ulkoista vaikutusta. Izovat-levyt asennetaan runkoelementtien v\u00e4liin. Paras ratkaisu v\u00e4liseinille on suorittaa tehokas \u00e4\u00e4nieristys Izovat-l\u00e4mp\u00f6eristyslevyjen avulla.<\/p>\n<p>Eristysmateriaalin merkki (tyyppi) otetaan:<\/p>\n<p>\u0430) riippuen rakenteista, joissa sit\u00e4 k\u00e4ytet\u00e4\u00e4n (katto, sein\u00e4t, lattiat ja katot)<\/p>\n<p>b) riippuen kuormituksista, toimii n\u00e4iss\u00e4 rakenteissa ja tunnistaa lujuuslaskelmat<\/p>\n<p>c) eristyksen paksuuden on t\u00e4ytett\u00e4v\u00e4 alueen s\u00e4\u00e4ntelyasiakirjojen vaatimukset ja se m\u00e4\u00e4ritet\u00e4\u00e4n lujuuslaskelmilla.<\/p>\n<p>Rakennusvaipan on t\u00e4ytett\u00e4v\u00e4 seuraavat:<\/p>\n<ul>\n<li>l\u00e4mm\u00f6nsiirtokest\u00e4vyys<\/li>\n<li>ilmanl\u00e4p\u00e4isevyys<\/li>\n<li>l\u00e4mm\u00f6nkest\u00e4vyys<\/li>\n<li>l\u00e4mp\u00f6tila-kosteus-tila (ei kosteuden ker\u00e4\u00e4ntymist\u00e4 ja tiivistymist\u00e4)<\/li>\n<\/ul>\n<p>Ennen eristyksen asennuksen alkamista seuraavat tulisi suorittaa loppuun:<\/p>\n<ul>\n<li>kaikki rakennuksen kehikon asennukset ja muuraamiset<\/li>\n<li>ikkunoiden ja ovien asennus, liitosten tiivist\u00e4minen rakennuskotelon seiniin<\/li>\n<li>terassien ja parvekkeiden vedeneristys<\/li>\n<\/ul>\n<p>Ennen eristysmateriaalien asentamista rakennuksen kehikon tekniset olosuhteet on tarkistettava. Rakennuspintojen pinta tulee puhdistaa ja tasoittaa tarvittaessa. H\u00f6yrysulku on asennettava. Merkinn\u00e4n asennuspaikkojen eristyslevyj\u00e4, joissa k\u00e4ytet\u00e4\u00e4n nauhoja, vedenkorkeutta tulee k\u00e4ytt\u00e4\u00e4. L\u00e4mm\u00f6neristys tulee sijoittaa rakennusten ulkoseiniin. Kunkin seuraavan kerroksen poikittaisliitosten tulee olla nopeita aiemmin muodostettua kerrosta vasten 0,3 &#8211; 0,5 levyn pituudesta. Laudat tulee painaa tiukasti toisiinsa kiinni &#8211; rakoja ei saa olla. Asennetut eristyslevyt on suojattava kosteudelta (maan tai ilmakeh\u00e4n kosteudelta).<\/p>\n","protected":false},"excerpt":{"rendered":"<p>Runkorakenteiden \u00e4\u00e4nieristys ja l\u00e4mm\u00f6neristys, kun eristyslevyll\u00e4 ei ole ulkoista vaikutusta. Izovat-levyt asennetaan runkoelementtien v\u00e4liin. Paras ratkaisu v\u00e4liseinille on suorittaa tehokas \u00e4\u00e4nieristys Izovat-l\u00e4mp\u00f6eristyslevyjen avulla.<\/p>\n","protected":false},"featured_media":4054,"comment_status":"open","ping_status":"closed","template":"","meta":{"_acf_changed":false},"factory":[],"free-shipment":[],"product_brand":[],"product_cat":[456,45,461,48],"product_tag":[49,620],"class_list":{"0":"post-4052","1":"product","2":"type-product","3":"status-publish","4":"has-post-thumbnail","6":"product_cat-insulation-fi","7":"product_cat-insulation","8":"product_cat-wool-fi","9":"product_cat-wool","10":"product_tag-wool","11":"product_tag-wool-fi","13":"first","14":"instock","15":"sale","16":"taxable","17":"shipping-taxable","18":"purchasable","19":"product-type-simple"},"acf":[],"_links":{"self":[{"href":"https:\/\/factory.sale\/fi\/wp-json\/wp\/v2\/product\/4052","targetHints":{"allow":["GET"]}}],"collection":[{"href":"https:\/\/factory.sale\/fi\/wp-json\/wp\/v2\/product"}],"about":[{"href":"https:\/\/factory.sale\/fi\/wp-json\/wp\/v2\/types\/product"}],"replies":[{"embeddable":true,"href":"https:\/\/factory.sale\/fi\/wp-json\/wp\/v2\/comments?post=4052"}],"wp:featuredmedia":[{"embeddable":true,"href":"https:\/\/factory.sale\/fi\/wp-json\/wp\/v2\/media\/4054"}],"wp:attachment":[{"href":"https:\/\/factory.sale\/fi\/wp-json\/wp\/v2\/media?parent=4052"}],"wp:term":[{"taxonomy":"factory","embeddable":true,"href":"https:\/\/factory.sale\/fi\/wp-json\/wp\/v2\/factory?post=4052"},{"taxonomy":"free-shipment","embeddable":true,"href":"https:\/\/factory.sale\/fi\/wp-json\/wp\/v2\/free-shipment?post=4052"},{"taxonomy":"product_brand","embeddable":true,"href":"https:\/\/factory.sale\/fi\/wp-json\/wp\/v2\/product_brand?post=4052"},{"taxonomy":"product_cat","embeddable":true,"href":"https:\/\/factory.sale\/fi\/wp-json\/wp\/v2\/product_cat?post=4052"},{"taxonomy":"product_tag","embeddable":true,"href":"https:\/\/factory.sale\/fi\/wp-json\/wp\/v2\/product_tag?post=4052"}],"curies":[{"name":"wp","href":"https:\/\/api.w.org\/{rel}","templated":true}]}}