{"id":4050,"date":"2019-11-02T11:46:47","date_gmt":"2019-11-02T11:46:47","guid":{"rendered":"https:\/\/factory.sale\/product\/areco-tp-128-high-profile\/"},"modified":"2024-06-26T09:19:35","modified_gmt":"2024-06-26T09:19:35","slug":"areco-tp-128-korkea-profiili","status":"publish","type":"product","link":"https:\/\/factory.sale\/fi\/tuote\/areco-tp-128-korkea-profiili\/","title":{"rendered":"ARECO TP 128 KORKEA PROFIILI"},"content":{"rendered":"<p>\u2022 TP128 on nykyajan kattosuunnittelussa vakioelementti ja sit\u00e4 voidaan k\u00e4ytt\u00e4\u00e4 useimmissa laakeroivien kattorakenteiden tyypeiss\u00e4.<\/p>\n<p>\u2022 Profiilia voidaan k\u00e4ytt\u00e4\u00e4 eristyksen yhteydess\u00e4 ja my\u00f6s ulkoisen peltikaton p\u00e4\u00e4ll\u00e4.<\/p>\n<p>\u2022 Itsekannatus jopa 10 metriin asti.<\/p>\n<p>\u2022 Suuri peittoleveys suhteessa kelluvuuteen, mik\u00e4 antaa hyv\u00e4n kokonaistaloudellisuuden.<\/p>\n<p>\u2022 Areco TP128 on saatavana joko alusinkkisen\u00e4 tai kevyen\u00e4 sis\u00e4polyesterin\u00e4.<\/p>\n<p>\u2022 Tarjoamme profiilin my\u00f6s mustasta ulkopolyesterist\u00e4, kun se toimii ulkoisena katona.<\/p>\n<p>\u2022 TP128 on saatavana my\u00f6s rei&#8217;ityksell\u00e4, jos melun vaimennusta halutaan.<\/p>\n<p>\u2022 Profiililla on pieni paino, mik\u00e4 tekee asennuksesta yksinkertaista.<\/p>\n<table border=\"0\" width=\"100%\">\n<tbody>\n<tr>\n<td bgcolor=\"#f1f1f1\" width=\"30%\"><strong>Paksuus<\/strong><\/td>\n<td bgcolor=\"#f1f1f1\" width=\"70%\">0,70 &#8211; 1,50 mm<\/td>\n<\/tr>\n<tr>\n<td width=\"30%\"><strong>Paino<\/strong><\/td>\n<td width=\"70%\">ca 8,5 &#8211; 15 kg\/m2<\/td>\n<\/tr>\n<tr>\n<td bgcolor=\"#f1f1f1\" width=\"30%\"><strong>Pituus<\/strong><\/td>\n<td bgcolor=\"#f1f1f1\" width=\"70%\">400 &#8211; 18 000 mm<\/td>\n<\/tr>\n<tr>\n<td width=\"30%\"><strong>Peiteleveys\u00a0<\/strong><\/td>\n<td width=\"70%\">930 mm<\/td>\n<\/tr>\n<tr>\n<td width=\"30%\"><strong>Ruuvien m\u00e4\u00e4r\u00e4\/m2<\/strong><\/td>\n<td width=\"70%\">7 kpl 35 mm itseporautuvat ruuvit<\/td>\n<\/tr>\n<tr>\n<td width=\"30%\"><\/td>\n<td width=\"70%\">2 kpl 23 mm p\u00e4\u00e4llekk\u00e4iset ruuvit<\/td>\n<\/tr>\n<tr>\n<td bgcolor=\"#f1f1f1\" width=\"30%\"><strong>Valinnainen<\/strong><\/td>\n<td bgcolor=\"#f1f1f1\" width=\"70%\">Rei&#8217;itys<\/td>\n<\/tr>\n<\/tbody>\n<\/table>\n<h4>Saatavilla olevat v\u00e4rit.<\/h4>\n<p><img loading=\"lazy\" decoding=\"async\" class=\"alignnone size-full wp-image-481\" src=\"https:\/\/factory.sale\/wp-content\/uploads\/2019\/11\/Colors.png\" alt=\"\" width=\"931\" height=\"804\" srcset=\"https:\/\/factory.sale\/wp-content\/uploads\/2019\/11\/Colors.png 931w, https:\/\/factory.sale\/wp-content\/uploads\/2019\/11\/Colors-150x130.png 150w, https:\/\/factory.sale\/wp-content\/uploads\/2019\/11\/Colors-300x259.png 300w, https:\/\/factory.sale\/wp-content\/uploads\/2019\/11\/Colors-600x518.png 600w\" sizes=\"auto, (max-width: 931px) 100vw, 931px\" \/><\/p>\n","protected":false},"excerpt":{"rendered":"<p>TP128 on nykyajan kattosuunnittelussa vakioelementti ja sit\u00e4 voidaan k\u00e4ytt\u00e4\u00e4 useimmissa laakeroivien kattorakenteiden tyypeiss\u00e4. Profiilia voidaan k\u00e4ytt\u00e4\u00e4 eristyksen kanssa ja my\u00f6s ulkoisen peltikaton p\u00e4\u00e4ll\u00e4. Itsekannatus jopa 10 metriin asti. Sill\u00e4 on uuri peittoleveys suhteessa kelluvuuteen, mik\u00e4 antaa hyv\u00e4n kokonaistaloudellisuuden. Areco TP128 on saatavana joko alusinkkisen\u00e4 tai kevyen\u00e4 sis\u00e4polyesterin\u00e4. Tarjoamme profiilin my\u00f6s mustasta ulkopolyesterist\u00e4, kun se toimii ulkoisena katona. TP128 on saatavana my\u00f6s rei&#8217;ityksell\u00e4, jos melun vaimennus vaaditaan. Profiililla on pieni paino, mik\u00e4 tekee asennuksesta yksinkertaisen.<\/p>\n<p>Minimitilaus 300 m2.<\/p>\n","protected":false},"featured_media":4051,"comment_status":"open","ping_status":"closed","template":"","meta":{"_acf_changed":false},"factory":[],"free-shipment":[],"product_brand":[],"product_cat":[468,467],"product_tag":[588],"class_list":{"0":"post-4050","1":"product","2":"type-product","3":"status-publish","4":"has-post-thumbnail","6":"product_cat-katto","7":"product_cat-profile-fi","8":"product_tag-metal-profile-fi","10":"first","11":"instock","12":"sale","13":"taxable","14":"shipping-taxable","15":"purchasable","16":"product-type-simple"},"acf":[],"_links":{"self":[{"href":"https:\/\/factory.sale\/fi\/wp-json\/wp\/v2\/product\/4050","targetHints":{"allow":["GET"]}}],"collection":[{"href":"https:\/\/factory.sale\/fi\/wp-json\/wp\/v2\/product"}],"about":[{"href":"https:\/\/factory.sale\/fi\/wp-json\/wp\/v2\/types\/product"}],"replies":[{"embeddable":true,"href":"https:\/\/factory.sale\/fi\/wp-json\/wp\/v2\/comments?post=4050"}],"wp:featuredmedia":[{"embeddable":true,"href":"https:\/\/factory.sale\/fi\/wp-json\/wp\/v2\/media\/4051"}],"wp:attachment":[{"href":"https:\/\/factory.sale\/fi\/wp-json\/wp\/v2\/media?parent=4050"}],"wp:term":[{"taxonomy":"factory","embeddable":true,"href":"https:\/\/factory.sale\/fi\/wp-json\/wp\/v2\/factory?post=4050"},{"taxonomy":"free-shipment","embeddable":true,"href":"https:\/\/factory.sale\/fi\/wp-json\/wp\/v2\/free-shipment?post=4050"},{"taxonomy":"product_brand","embeddable":true,"href":"https:\/\/factory.sale\/fi\/wp-json\/wp\/v2\/product_brand?post=4050"},{"taxonomy":"product_cat","embeddable":true,"href":"https:\/\/factory.sale\/fi\/wp-json\/wp\/v2\/product_cat?post=4050"},{"taxonomy":"product_tag","embeddable":true,"href":"https:\/\/factory.sale\/fi\/wp-json\/wp\/v2\/product_tag?post=4050"}],"curies":[{"name":"wp","href":"https:\/\/api.w.org\/{rel}","templated":true}]}}