{"id":4048,"date":"2019-11-02T11:56:00","date_gmt":"2019-11-02T11:56:00","guid":{"rendered":"https:\/\/factory.sale\/product\/areco-tp35-roof\/"},"modified":"2024-06-25T11:57:30","modified_gmt":"2024-06-25T11:57:30","slug":"areco-tp35-katto","status":"publish","type":"product","link":"https:\/\/factory.sale\/fi\/tuote\/areco-tp35-katto\/","title":{"rendered":"ARECO TP35 KATTO"},"content":{"rendered":"<p>\u2022 Areco TP35 on keskiprofiili, jossa yhdistyv\u00e4t tyylik\u00e4s muotoilu ja hyv\u00e4 peiteleveys.<\/p>\n<p>\u2022 T\u00e4m\u00e4 on vieh\u00e4tt\u00e4v\u00e4 profiili, jolla on pieni tila kolon pohjassa (katso profiilipiirros)<\/p>\n<p>\u2022 Profiili voidaan valmistaa jopa 11,5 m pituiseksi.<\/p>\n<table border=\"0\" width=\"100%\">\n<tbody>\n<tr>\n<td bgcolor=\"#f1f1f1\" width=\"30%\"><strong>Paksuus<\/strong><\/td>\n<td bgcolor=\"#f1f1f1\" width=\"70%\">0,50 &#8211; 0,65 mm<\/td>\n<\/tr>\n<tr>\n<td width=\"30%\"><strong>Paino<\/strong><\/td>\n<td width=\"70%\">ca 4,5 &#8211; 7,0 kg\/m2<\/td>\n<\/tr>\n<tr>\n<td bgcolor=\"#f1f1f1\" width=\"30%\"><strong>Pituus<\/strong><\/td>\n<td bgcolor=\"#f1f1f1\" width=\"70%\">400 &#8211; 11 500 mm<\/td>\n<\/tr>\n<tr>\n<td width=\"30%\"><strong>Peiteleveys<\/strong><\/td>\n<td width=\"70%\">1 000 mm<\/td>\n<\/tr>\n<tr>\n<td bgcolor=\"#f1f1f1\" width=\"30%\"><strong>Ruuvien m\u00e4\u00e4r\u00e4\/m2<\/strong><\/td>\n<td bgcolor=\"#f1f1f1\" width=\"70%\">7 kpl 35 mm itseporautuvat ruuvit<\/td>\n<\/tr>\n<tr>\n<td width=\"30%\"><\/td>\n<td width=\"70%\">2 kpl 23 mm p\u00e4\u00e4llekk\u00e4iset ruuvit<\/td>\n<\/tr>\n<tr>\n<td bgcolor=\"#f1f1f1\" width=\"30%\"><strong>Valinnainen<\/strong><\/td>\n<td bgcolor=\"#f1f1f1\" width=\"70%\">Arcond -kondensaatiosuoja<\/td>\n<\/tr>\n<\/tbody>\n<\/table>\n<h4>\u00a0 Saatavilla olevat v\u00e4rit.<\/h4>\n<p><img loading=\"lazy\" decoding=\"async\" class=\"alignnone size-full wp-image-481\" src=\"https:\/\/factory.sale\/wp-content\/uploads\/2019\/11\/Colors.png\" alt=\"\" width=\"931\" height=\"804\" srcset=\"https:\/\/factory.sale\/wp-content\/uploads\/2019\/11\/Colors.png 931w, https:\/\/factory.sale\/wp-content\/uploads\/2019\/11\/Colors-150x130.png 150w, https:\/\/factory.sale\/wp-content\/uploads\/2019\/11\/Colors-300x259.png 300w, https:\/\/factory.sale\/wp-content\/uploads\/2019\/11\/Colors-600x518.png 600w\" sizes=\"auto, (max-width: 931px) 100vw, 931px\" \/><\/p>\n","protected":false},"excerpt":{"rendered":"<p>Areco TP35 on keskiprofiili, jossa yhdistyv\u00e4t tyylik\u00e4s muotoilu ja hyv\u00e4 peiteleveys.<br \/>\nT\u00e4m\u00e4 on vieh\u00e4tt\u00e4v\u00e4 profiili, jolla on pieni tila kolon pohjassa (katso profiili piirros)<br \/>\nProfiili voidaan valmistaa jopa 11,5 m pituiseksi.<\/p>\n<p>Minimitilaus 300 m2.<\/p>\n","protected":false},"featured_media":4049,"comment_status":"open","ping_status":"closed","template":"","meta":{"_acf_changed":false},"factory":[],"free-shipment":[],"product_brand":[],"product_cat":[467,468],"product_tag":[],"class_list":{"0":"post-4048","1":"product","2":"type-product","3":"status-publish","4":"has-post-thumbnail","6":"product_cat-profile-fi","7":"product_cat-katto","9":"first","10":"instock","11":"sale","12":"taxable","13":"shipping-taxable","14":"purchasable","15":"product-type-simple"},"acf":[],"_links":{"self":[{"href":"https:\/\/factory.sale\/fi\/wp-json\/wp\/v2\/product\/4048","targetHints":{"allow":["GET"]}}],"collection":[{"href":"https:\/\/factory.sale\/fi\/wp-json\/wp\/v2\/product"}],"about":[{"href":"https:\/\/factory.sale\/fi\/wp-json\/wp\/v2\/types\/product"}],"replies":[{"embeddable":true,"href":"https:\/\/factory.sale\/fi\/wp-json\/wp\/v2\/comments?post=4048"}],"wp:featuredmedia":[{"embeddable":true,"href":"https:\/\/factory.sale\/fi\/wp-json\/wp\/v2\/media\/4049"}],"wp:attachment":[{"href":"https:\/\/factory.sale\/fi\/wp-json\/wp\/v2\/media?parent=4048"}],"wp:term":[{"taxonomy":"factory","embeddable":true,"href":"https:\/\/factory.sale\/fi\/wp-json\/wp\/v2\/factory?post=4048"},{"taxonomy":"free-shipment","embeddable":true,"href":"https:\/\/factory.sale\/fi\/wp-json\/wp\/v2\/free-shipment?post=4048"},{"taxonomy":"product_brand","embeddable":true,"href":"https:\/\/factory.sale\/fi\/wp-json\/wp\/v2\/product_brand?post=4048"},{"taxonomy":"product_cat","embeddable":true,"href":"https:\/\/factory.sale\/fi\/wp-json\/wp\/v2\/product_cat?post=4048"},{"taxonomy":"product_tag","embeddable":true,"href":"https:\/\/factory.sale\/fi\/wp-json\/wp\/v2\/product_tag?post=4048"}],"curies":[{"name":"wp","href":"https:\/\/api.w.org\/{rel}","templated":true}]}}