{"id":4046,"date":"2019-11-02T12:14:57","date_gmt":"2019-11-02T12:14:57","guid":{"rendered":"https:\/\/factory.sale\/product\/areco-tp45-roof\/"},"modified":"2024-06-29T12:43:35","modified_gmt":"2024-06-29T12:43:35","slug":"areco-tp45-katto","status":"publish","type":"product","link":"https:\/\/factory.sale\/fi\/tuote\/areco-tp45-katto\/","title":{"rendered":"ARECO TP45 KATTO"},"content":{"rendered":"<p>\u2022 Areco TP45 on perinteinen profiili, jota k\u00e4ytet\u00e4\u00e4n varastoissa.<\/p>\n<p>\u2022 Siin\u00e4 yhdistyv\u00e4t laaja peitevalikoima ja suuri kantavuus.<\/p>\n<p>\u2022 T\u00e4m\u00e4n profiilin suunnittelusta johtuen 2 mm:n liitoset\u00e4isyys voidaan saavuttaa jo 0,5 mm levyn paksuudella.<\/p>\n<p>\u2022 Tuotantolaitoksessamme voimme valmistaa arkin Arcond-tiivistymishuovalla.<\/p>\n<p>\u2022 Areco TP45 voidaan valmistaa jopa 11,5 metrin pituiseksi.<\/p>\n<table border=\"0\" width=\"100%\">\n<tbody>\n<tr>\n<td bgcolor=\"#f1f1f1\" width=\"30%\"><strong>Paksuus<\/strong><\/td>\n<td bgcolor=\"#f1f1f1\" width=\"70%\">0,50 &#8211; 0,65 mm<\/td>\n<\/tr>\n<tr>\n<td width=\"30%\"><strong>Paino<\/strong><\/td>\n<td width=\"70%\">ca 4,5 &#8211; 7,0 kg\/m2<\/td>\n<\/tr>\n<tr>\n<td bgcolor=\"#f1f1f1\" width=\"30%\"><strong>Leveys\u00a0<\/strong><\/td>\n<td bgcolor=\"#f1f1f1\" width=\"70%\">400 &#8211; 11 500 mm<\/td>\n<\/tr>\n<tr>\n<td width=\"30%\"><strong>Peiteleveys<\/strong><\/td>\n<td width=\"70%\">900 mm<\/td>\n<\/tr>\n<tr>\n<td bgcolor=\"#f1f1f1\" width=\"30%\"><strong>Ruuvien m\u00e4\u00e4r\u00e4\/m2<\/strong><\/td>\n<td bgcolor=\"#f1f1f1\" width=\"70%\">5 kpl 35mm itseporautuvat ruuvit<\/td>\n<\/tr>\n<tr>\n<td width=\"30%\"><\/td>\n<td width=\"70%\">2 tkpl 23 mm p\u00e4\u00e4llek\u00e4iset ruuvit<\/td>\n<\/tr>\n<tr>\n<td bgcolor=\"#f1f1f1\" width=\"30%\"><strong>Valinnainen<\/strong><\/td>\n<td bgcolor=\"#f1f1f1\" width=\"70%\">Arconden tiivistyssuojaus<\/td>\n<\/tr>\n<\/tbody>\n<\/table>\n<h3><strong>Saatavilla olevat v\u00e4rit.<\/strong><\/h3>\n<p><img loading=\"lazy\" decoding=\"async\" class=\"alignnone size-full wp-image-481\" src=\"https:\/\/factory.sale\/wp-content\/uploads\/2019\/11\/Colors.png\" alt=\"\" width=\"931\" height=\"804\" srcset=\"https:\/\/factory.sale\/wp-content\/uploads\/2019\/11\/Colors.png 931w, https:\/\/factory.sale\/wp-content\/uploads\/2019\/11\/Colors-150x130.png 150w, https:\/\/factory.sale\/wp-content\/uploads\/2019\/11\/Colors-300x259.png 300w, https:\/\/factory.sale\/wp-content\/uploads\/2019\/11\/Colors-600x518.png 600w\" sizes=\"auto, (max-width: 931px) 100vw, 931px\" \/><\/p>\n","protected":false},"excerpt":{"rendered":"<p>Areco TP45 on perinteinen profiili, jota k\u00e4ytet\u00e4\u00e4n varastoissa.<br \/>\nSiin\u00e4 yhdistyv\u00e4t laaja peitevalikoima ja suuri kantavuus.<br \/>\nT\u00e4m\u00e4n profiilin suunnittelusta johtuen 2 mm: n liitoset\u00e4isyys voidaan saavuttaa jo 0,5 mm levyn paksuudella.<br \/>\nTuotantolaitoksessamme voimme valmistaa arkin Arcond-tiivistymishuovalla.<br \/>\nAreco TP45 voidaan valmistaa jopa 11,5 metrin pituiseksi.<\/p>\n<p>Minimitilaus\u00a0300 m2.<\/p>\n","protected":false},"featured_media":4047,"comment_status":"open","ping_status":"closed","template":"","meta":{"_acf_changed":false},"factory":[],"free-shipment":[],"product_brand":[],"product_cat":[468,467],"product_tag":[588],"class_list":{"0":"post-4046","1":"product","2":"type-product","3":"status-publish","4":"has-post-thumbnail","6":"product_cat-katto","7":"product_cat-profile-fi","8":"product_tag-metal-profile-fi","10":"first","11":"instock","12":"sale","13":"taxable","14":"shipping-taxable","15":"purchasable","16":"product-type-simple"},"acf":[],"_links":{"self":[{"href":"https:\/\/factory.sale\/fi\/wp-json\/wp\/v2\/product\/4046","targetHints":{"allow":["GET"]}}],"collection":[{"href":"https:\/\/factory.sale\/fi\/wp-json\/wp\/v2\/product"}],"about":[{"href":"https:\/\/factory.sale\/fi\/wp-json\/wp\/v2\/types\/product"}],"replies":[{"embeddable":true,"href":"https:\/\/factory.sale\/fi\/wp-json\/wp\/v2\/comments?post=4046"}],"wp:featuredmedia":[{"embeddable":true,"href":"https:\/\/factory.sale\/fi\/wp-json\/wp\/v2\/media\/4047"}],"wp:attachment":[{"href":"https:\/\/factory.sale\/fi\/wp-json\/wp\/v2\/media?parent=4046"}],"wp:term":[{"taxonomy":"factory","embeddable":true,"href":"https:\/\/factory.sale\/fi\/wp-json\/wp\/v2\/factory?post=4046"},{"taxonomy":"free-shipment","embeddable":true,"href":"https:\/\/factory.sale\/fi\/wp-json\/wp\/v2\/free-shipment?post=4046"},{"taxonomy":"product_brand","embeddable":true,"href":"https:\/\/factory.sale\/fi\/wp-json\/wp\/v2\/product_brand?post=4046"},{"taxonomy":"product_cat","embeddable":true,"href":"https:\/\/factory.sale\/fi\/wp-json\/wp\/v2\/product_cat?post=4046"},{"taxonomy":"product_tag","embeddable":true,"href":"https:\/\/factory.sale\/fi\/wp-json\/wp\/v2\/product_tag?post=4046"}],"curies":[{"name":"wp","href":"https:\/\/api.w.org\/{rel}","templated":true}]}}