{"id":4044,"date":"2019-11-02T12:19:58","date_gmt":"2019-11-02T12:19:58","guid":{"rendered":"https:\/\/factory.sale\/product\/areco-sinus-45-wall\/"},"modified":"2024-06-29T12:18:06","modified_gmt":"2024-06-29T12:18:06","slug":"areco-sinus-45-seina","status":"publish","type":"product","link":"https:\/\/factory.sale\/fi\/tuote\/areco-sinus-45-seina\/","title":{"rendered":"ARECO SINUS 45 SEIN\u00c4"},"content":{"rendered":"<ul>\n<li>Klassinen, tyylik\u00e4s profiili, jolla hyv\u00e4 peiteleveys<\/li>\n<li>Profiili voidaan asentaa joko pystysuoraan tai vaakasuoraan.<\/li>\n<li>Areco Sinus 45 voidaan valmistaa jopa 11,5 metrin pituiseksi.<\/li>\n<\/ul>\n<table border=\"0\" width=\"100%\">\n<tbody>\n<tr>\n<td bgcolor=\"#f1f1f1\" width=\"30%\"><strong>Paksuus<\/strong><\/td>\n<td bgcolor=\"#f1f1f1\" width=\"70%\">0,60 &#8211; 0,65 mm<\/td>\n<\/tr>\n<tr>\n<td width=\"30%\"><strong>Paino<\/strong><\/td>\n<td width=\"70%\">ca 4,5 &#8211; 7,0 kg\/m2<\/td>\n<\/tr>\n<tr>\n<td bgcolor=\"#f1f1f1\" width=\"30%\"><strong>Pituus<\/strong><\/td>\n<td bgcolor=\"#f1f1f1\" width=\"70%\">400 &#8211; 11 500 mm<\/td>\n<\/tr>\n<tr>\n<td width=\"30%\"><strong>Peiteleveys<\/strong><\/td>\n<td width=\"70%\">900 mm<\/td>\n<\/tr>\n<tr>\n<td bgcolor=\"#f1f1f1\" width=\"30%\"><strong>Ruuvien m\u00e4\u00e4r\u00e4\/m2<\/strong><\/td>\n<td bgcolor=\"#f1f1f1\" width=\"70%\">7 kpl 35 mm itseporautuvat ruuvit<\/td>\n<\/tr>\n<tr>\n<td width=\"30%\"><\/td>\n<td width=\"70%\">2 kpl 23 mm p\u00e4\u00e4llekk\u00e4iset ruuvit<\/td>\n<\/tr>\n<\/tbody>\n<\/table>\n<h3><strong>Saatavilla olevat v\u00e4rit.<\/strong><\/h3>\n<p><img loading=\"lazy\" decoding=\"async\" class=\"alignnone size-full wp-image-481\" src=\"https:\/\/factory.sale\/wp-content\/uploads\/2019\/11\/Colors.png\" alt=\"\" width=\"931\" height=\"804\" srcset=\"https:\/\/factory.sale\/wp-content\/uploads\/2019\/11\/Colors.png 931w, https:\/\/factory.sale\/wp-content\/uploads\/2019\/11\/Colors-150x130.png 150w, https:\/\/factory.sale\/wp-content\/uploads\/2019\/11\/Colors-300x259.png 300w, https:\/\/factory.sale\/wp-content\/uploads\/2019\/11\/Colors-600x518.png 600w\" sizes=\"auto, (max-width: 931px) 100vw, 931px\" \/><\/p>\n","protected":false},"excerpt":{"rendered":"<p>Klassinen, tyylik\u00e4s profiili, jolla hyv\u00e4 peiteleveys.<br \/>\nProfiili voidaan asentaa joko pystysuoraan tai vaakasuoraan.<br \/>\nAreco Sinus 45 voidaan valmistaa jopa 11,5 metrin pituiseksi.<\/p>\n<p>Minimitilaus 300 m2.<\/p>\n","protected":false},"featured_media":4045,"comment_status":"open","ping_status":"closed","template":"","meta":{"_acf_changed":false},"factory":[],"free-shipment":[],"product_brand":[],"product_cat":[467,469],"product_tag":[613],"class_list":{"0":"post-4044","1":"product","2":"type-product","3":"status-publish","4":"has-post-thumbnail","6":"product_cat-profile-fi","7":"product_cat-seinaprofiilit","8":"product_tag-wall-profile-fi","10":"first","11":"instock","12":"sale","13":"taxable","14":"shipping-taxable","15":"purchasable","16":"product-type-simple"},"acf":[],"_links":{"self":[{"href":"https:\/\/factory.sale\/fi\/wp-json\/wp\/v2\/product\/4044","targetHints":{"allow":["GET"]}}],"collection":[{"href":"https:\/\/factory.sale\/fi\/wp-json\/wp\/v2\/product"}],"about":[{"href":"https:\/\/factory.sale\/fi\/wp-json\/wp\/v2\/types\/product"}],"replies":[{"embeddable":true,"href":"https:\/\/factory.sale\/fi\/wp-json\/wp\/v2\/comments?post=4044"}],"wp:featuredmedia":[{"embeddable":true,"href":"https:\/\/factory.sale\/fi\/wp-json\/wp\/v2\/media\/4045"}],"wp:attachment":[{"href":"https:\/\/factory.sale\/fi\/wp-json\/wp\/v2\/media?parent=4044"}],"wp:term":[{"taxonomy":"factory","embeddable":true,"href":"https:\/\/factory.sale\/fi\/wp-json\/wp\/v2\/factory?post=4044"},{"taxonomy":"free-shipment","embeddable":true,"href":"https:\/\/factory.sale\/fi\/wp-json\/wp\/v2\/free-shipment?post=4044"},{"taxonomy":"product_brand","embeddable":true,"href":"https:\/\/factory.sale\/fi\/wp-json\/wp\/v2\/product_brand?post=4044"},{"taxonomy":"product_cat","embeddable":true,"href":"https:\/\/factory.sale\/fi\/wp-json\/wp\/v2\/product_cat?post=4044"},{"taxonomy":"product_tag","embeddable":true,"href":"https:\/\/factory.sale\/fi\/wp-json\/wp\/v2\/product_tag?post=4044"}],"curies":[{"name":"wp","href":"https:\/\/api.w.org\/{rel}","templated":true}]}}