{"id":4042,"date":"2019-11-07T16:34:46","date_gmt":"2019-11-07T16:34:46","guid":{"rendered":"https:\/\/factory.sale\/product\/styromat-system-of-heat-insulated-clinker-boards\/"},"modified":"2024-06-29T10:42:27","modified_gmt":"2024-06-29T10:42:27","slug":"lampoeristetty-klinkkerilevy-styromat-jarjestelma","status":"publish","type":"product","link":"https:\/\/factory.sale\/fi\/tuote\/lampoeristetty-klinkkerilevy-styromat-jarjestelma\/","title":{"rendered":"L\u00c4MP\u00d6ERISTETTY KLINKKERILEVY &#8211; STYROMAT J\u00c4RJESTELM\u00c4"},"content":{"rendered":"<div class=\"row\">\n<div class=\"col-md-8\">\n<p>L\u00e4mp\u00f6eristetyss\u00e4 klinkkerilaattaj\u00e4rjestelm\u00e4ss\u00e4 yhdistyv\u00e4t klinkkerivalmistajien 126-vuoden perinne ja uusimmat tiedot rakennuskemiasta. Innovatiivinen tekniikka klinkkerilevyjen liitt\u00e4miseksi polystyreeniin ja esivalmistettuihin elementteihin on johtanut j\u00e4rjestelm\u00e4n luomiseen, joka ei vaadi liimojen tai sementtilaastien k\u00e4ytt\u00f6\u00e4 miss\u00e4\u00e4n tuotanto- tai kokoamisvaiheessa. Klinkkerilevyist\u00e4 valmistettu ns. &#8220;kyyhkyn h\u00e4nt\u00e4&#8221; mahdollistaa kest\u00e4v\u00e4n ja luotettavan yhteyden korkean tiheyden polystyreenikerrokseen.<\/p>\n<\/div>\n<div class=\"col-md-4\">\n<p><img loading=\"lazy\" decoding=\"async\" class=\"\" src=\"https:\/\/styromat.com.pl\/images\/design\/mocowanie-plytki-250x188.jpg\" alt=\"mounting\" width=\"250\" height=\"188\" \/><\/p>\n<\/div>\n<\/div>\n<div class=\"row\">\n<div class=\"col-md-8\">\n<p>L\u00e4mp\u00f6eristetyt klinkkerilevyt asennetaan k\u00e4ytt\u00e4m\u00e4ll\u00e4 sertifioituja liittimi\u00e4, jotka on sijoitettu eristyskerrokseen upotettuihin polykarbonaattiholkkeihin. J\u00e4rjestelm\u00e4n kaikki elementit yhdistyv\u00e4t toisiinsa kirjanmerkill\u00e4, joka est\u00e4\u00e4 ns. l\u00e4mp\u00f6siltojen muodostumisen ja helpottaa merkitt\u00e4v\u00e4sti ty\u00f6t\u00e4. J\u00e4rjestelm\u00e4 on niin helppo asentaa, ett\u00e4 ammattitaitoiselle tekij\u00e4lle ei ole ongelma luoda se itse. Siin\u00e4 k\u00e4ytetty korkealaatuinen klinkkeri tekee siit\u00e4 investoinnin monien vuosien ajan.<\/p>\n<\/div>\n<div class=\"col-md-4\">\n<p><img loading=\"lazy\" decoding=\"async\" class=\"\" src=\"https:\/\/styromat.com.pl\/images\/design\/laczenie-plytki-z-warstwa-izolacyjna-250x250.jpg\" alt=\"connection\" width=\"250\" height=\"250\" \/><\/p>\n<\/div>\n<\/div>\n<div class=\"row\">\n<div class=\"col-md-12\">\n<p>T\u00e4llaisen laajan julkisivutuotevalikoiman avulla on usein perusteltua suuremmat taloudelliset menot ja materiaalien k\u00e4ytt\u00f6, joiden avulla rakennuksen julkisivu pysyy samana laadulla vuosien varrella.<\/p>\n<p>Kannustamme arkkitehtej\u00e4 ja suunnittelijoita yhteisty\u00f6h\u00f6n.<br \/>\nYrityksen ty\u00f6ntekij\u00e4t vastaavat mielell\u00e4\u00e4n kaikkiin kysymyksiin.<\/p>\n<p>Klinkkerilaatoista ja kipsist\u00e4 tehtyjen julkisivujen k\u00e4ytt\u00f6ominaisuuksien vertailu.<\/p>\n<p>&nbsp;<\/p>\n<table class=\"table table-striped\" border=\"1px\" cellpadding=\"10\">\n<tbody>\n<tr>\n<td rowspan=\"2\"><strong>Operational features<\/strong><\/td>\n<td colspan=\"2\"><strong>Type of material<\/strong><\/td>\n<\/tr>\n<tr>\n<td><strong>Clinker tile<\/strong><\/td>\n<td><strong>Plaster<\/strong><\/td>\n<\/tr>\n<tr>\n<td><strong>Colorfastness<\/strong><\/td>\n<td>Durable and fade resistant &#8211; the same in the whole section.\u00a0The color is obtained by using different types of clay, which naturally burn into different colors, without adding dyes.<\/td>\n<td>Impermanent and not resistant to fading &#8211; only white is natural.\u00a0Other colors are obtained by adding coloring pigments (e.g. iron oxide)<\/td>\n<\/tr>\n<tr>\n<td><strong>Dirt resistance<\/strong><\/td>\n<td>Resistant &#8211; the ceramic tile structure guarantees complete washability (tile absorbability in the range of 3-4.5%).\u00a0Even graffiti can be washed off the clinker facade.<\/td>\n<td>Not resistant or hardly resistant &#8211; due to coarseness and porous structure.\u00a0Only silicone and silicate plasters show minimal dirt resistance.\u00a0The dirty surface should be re-painted.<\/td>\n<\/tr>\n<tr>\n<td><strong>Resistance to mechanical damage<\/strong><\/td>\n<td>Very high &#8211; protects the remaining layers against external factors.<\/td>\n<td>Small or none &#8211; not resistant due to the small thickness (1-3mm).<\/td>\n<\/tr>\n<tr>\n<td><strong>Fire resistance<\/strong><\/td>\n<td>Non-flammable<\/td>\n<td>Non-flammable \/ Flammable &#8211; depending on the type.<\/td>\n<\/tr>\n<tr>\n<td><strong>Weak acid resistance<\/strong><\/td>\n<td>Resistant &#8211; after firing, clay becomes unreactive and resistant to acids (e.g. acid rain) and other corrosive substances.<\/td>\n<td>Not resistant &#8211; resistance can be obtained after coating the plaster with agents based on epoxy resins.<\/td>\n<\/tr>\n<tr>\n<td><strong>Maintenance, necessity of renewal, ease of care.<\/strong><\/td>\n<td>It does not require renewal after impregnation.<\/td>\n<td>Periodic painting required.<\/td>\n<\/tr>\n<\/tbody>\n<\/table>\n<\/div>\n<\/div>\n","protected":false},"excerpt":{"rendered":"<p>L\u00e4mp\u00f6eristetyss\u00e4 klinkkerilaattaj\u00e4rjestelm\u00e4ss\u00e4 yhdistyv\u00e4t klinkkerivalmistajien 126-vuoden perinne ja uusimmat tiedot rakennuskemiasta. Innovatiivinen tekniikka klinkkerilevyjen liitt\u00e4miseksi polystyreeniin ja esivalmistettuihin elementteihin on johtanut j\u00e4rjestelm\u00e4n luomiseen, joka ei vaadi liimojen tai sementtilaastien k\u00e4ytt\u00f6\u00e4 miss\u00e4\u00e4n tuotanto- tai kokoamisvaiheessa. Klinkkerilevyist\u00e4 valmistettu ns. &#8220;kyyhkyn h\u00e4nt\u00e4&#8221; mahdollistaa kest\u00e4v\u00e4n ja luotettavan yhteyden korkean tiheyden polystyreenikerrokseen.<\/p>\n","protected":false},"featured_media":4043,"comment_status":"open","ping_status":"closed","template":"","meta":{"_acf_changed":false},"factory":[],"free-shipment":[],"product_brand":[],"product_cat":[444,443,711],"product_tag":[554],"class_list":{"0":"post-4042","1":"product","2":"type-product","3":"status-publish","4":"has-post-thumbnail","6":"product_cat-clinker","7":"product_cat-facade-fi","8":"product_cat-kobil-fi","9":"product_tag-clinker-fi","11":"first","12":"instock","13":"sale","14":"taxable","15":"shipping-taxable","16":"purchasable","17":"product-type-simple"},"acf":[],"_links":{"self":[{"href":"https:\/\/factory.sale\/fi\/wp-json\/wp\/v2\/product\/4042","targetHints":{"allow":["GET"]}}],"collection":[{"href":"https:\/\/factory.sale\/fi\/wp-json\/wp\/v2\/product"}],"about":[{"href":"https:\/\/factory.sale\/fi\/wp-json\/wp\/v2\/types\/product"}],"replies":[{"embeddable":true,"href":"https:\/\/factory.sale\/fi\/wp-json\/wp\/v2\/comments?post=4042"}],"wp:featuredmedia":[{"embeddable":true,"href":"https:\/\/factory.sale\/fi\/wp-json\/wp\/v2\/media\/4043"}],"wp:attachment":[{"href":"https:\/\/factory.sale\/fi\/wp-json\/wp\/v2\/media?parent=4042"}],"wp:term":[{"taxonomy":"factory","embeddable":true,"href":"https:\/\/factory.sale\/fi\/wp-json\/wp\/v2\/factory?post=4042"},{"taxonomy":"free-shipment","embeddable":true,"href":"https:\/\/factory.sale\/fi\/wp-json\/wp\/v2\/free-shipment?post=4042"},{"taxonomy":"product_brand","embeddable":true,"href":"https:\/\/factory.sale\/fi\/wp-json\/wp\/v2\/product_brand?post=4042"},{"taxonomy":"product_cat","embeddable":true,"href":"https:\/\/factory.sale\/fi\/wp-json\/wp\/v2\/product_cat?post=4042"},{"taxonomy":"product_tag","embeddable":true,"href":"https:\/\/factory.sale\/fi\/wp-json\/wp\/v2\/product_tag?post=4042"}],"curies":[{"name":"wp","href":"https:\/\/api.w.org\/{rel}","templated":true}]}}