{"id":4039,"date":"2019-11-07T16:48:44","date_gmt":"2019-11-07T16:48:44","guid":{"rendered":"https:\/\/factory.sale\/product\/mat-system\/"},"modified":"2024-07-07T00:13:49","modified_gmt":"2024-07-07T00:13:49","slug":"mat-jarjestelma","status":"publish","type":"product","link":"https:\/\/factory.sale\/fi\/tuote\/mat-jarjestelma\/","title":{"rendered":"MAT-J\u00c4RJESTELM\u00c4"},"content":{"rendered":"<p>Helposti asennettava MAT-j\u00e4rjestelm\u00e4, joka on kehitetty maanp\u00e4\u00e4llisen l\u00e4mmitysverkon tehokkaaseen erist\u00e4miseen. MAT-j\u00e4rjestelm\u00e4 on putkistojen l\u00e4mm\u00f6neristys, joka saadaan erityisest\u00e4 j\u00e4yk\u00e4st\u00e4 polyuretaanivaahdosta, jolla on optimaaliset parametrit l\u00e4mmitys-, j\u00e4\u00e4hdytys- ja ilmastointiputkien erist\u00e4miseksi, sek\u00e4 l\u00e4mmityslaitteet, esim. l\u00e4mm\u00f6nvaihtimet, vedenl\u00e4mmittimet, suodatinkirkasteet ja tarvikkeet.<\/p>\n<p>MAT-j\u00e4rjestelm\u00e4st\u00e4<\/p>\n<p>Nykyaikainen SYSTEM MAT &#8211; putkilinjan eristys on tarkoitettu putkilinjoille, joiden halkaisija on v\u00e4lill\u00e4 DN25 &#8211; DN1000 ja joiden paksuus on F14-B-02421: 2000. Putkistoihin k\u00e4ytett\u00e4v\u00e4t pinnoitteet erottuvat erityisell\u00e4 lieri\u00f6m\u00e4isell\u00e4 muodolla ja yksinkertaistettua kokoamista varten ne koostuvat kahdesta puoliskosta, jotka on peitetty suojavaipalla.<\/p>\n<p>Suojap\u00e4\u00e4llysteiden tyypit:<\/p>\n<ul>\n<li>galvanoitu ter\u00e4slevy<\/li>\n<li>lakattu galvanoitu ter\u00e4slevy (saatavana erilaisia v\u00e4rej\u00e4)<\/li>\n<li>alumiinilevy<\/li>\n<li>kuumasaumattava kattohuopa<\/li>\n<li>PVC-kalvo<\/li>\n<\/ul>\n<p>Eristysominaisuudet ja sen edut:<\/p>\n<ul>\n<li>eristystehokkuus,<\/li>\n<li>matala \u03bb-kerroin (&lt;0,0263 W \/ MK 40 \u00b0 C: ssa),<\/li>\n<li>n\u00e4enn\u00e4istiheys (40 &#8211; 60 kg \/ m3),<\/li>\n<li>veden imeytyminen<\/li>\n<li>eritt\u00e4in pieni (noin 3%),<\/li>\n<li>kemikaaliresistanssi<\/li>\n<li>eritt\u00e4in hyv\u00e4 (kest\u00e4vyys liuottimille,<\/li>\n<li>\u00f6ljymateriaalit, laimennetut hapot ja em\u00e4kset sek\u00e4 m\u00e4t\u00e4\u00e4 ja rappeutumista),<\/li>\n<li>paloluokituksen luokittelu &#8211; luokka E PN-EN 13501-1 + A: 2010 mukaan,<\/li>\n<li>Luomu,<\/li>\n<li>kemiallisesti ja biologisesti inertti,<\/li>\n<li>helppo asentaa,<\/li>\n<li>eritt\u00e4in hyv\u00e4, kest\u00e4vyys &#8211; takuu 5 vuotta.<\/li>\n<\/ul>\n<p>K\u00e4ytt\u00f6rajoitukset:<\/p>\n<p>-40 \u00b0 C &#8211; + 140 \u00b0 C.<\/p>\n","protected":false},"excerpt":{"rendered":"<p>MAT-j\u00e4rjestelm\u00e4 on putkistojen l\u00e4mm\u00f6neristys, joka saadaan erityisest\u00e4 j\u00e4yk\u00e4st\u00e4 polyuretaanivaahdosta, jolla on optimaaliset parametrit l\u00e4mmitys-, j\u00e4\u00e4hdytys- ja ilmastointiputkien erist\u00e4miseksi, sek\u00e4 l\u00e4mmityslaitteet, esim. l\u00e4mm\u00f6nvaihtimet, vedenl\u00e4mmittimet, suodatinkirkasteet ja tarvikkeet.<\/p>\n","protected":false},"featured_media":4041,"comment_status":"open","ping_status":"closed","template":"","meta":{"_acf_changed":false},"factory":[],"free-shipment":[],"product_brand":[],"product_cat":[456,45,58,460],"product_tag":[59,608],"class_list":{"0":"post-4039","1":"product","2":"type-product","3":"status-publish","4":"has-post-thumbnail","6":"product_cat-insulation-fi","7":"product_cat-insulation","8":"product_cat-thermal-insulation","9":"product_cat-thermal","10":"product_tag-thermal","11":"product_tag-thermal-fi","13":"first","14":"instock","15":"sale","16":"taxable","17":"shipping-taxable","18":"purchasable","19":"product-type-simple"},"acf":[],"_links":{"self":[{"href":"https:\/\/factory.sale\/fi\/wp-json\/wp\/v2\/product\/4039","targetHints":{"allow":["GET"]}}],"collection":[{"href":"https:\/\/factory.sale\/fi\/wp-json\/wp\/v2\/product"}],"about":[{"href":"https:\/\/factory.sale\/fi\/wp-json\/wp\/v2\/types\/product"}],"replies":[{"embeddable":true,"href":"https:\/\/factory.sale\/fi\/wp-json\/wp\/v2\/comments?post=4039"}],"wp:featuredmedia":[{"embeddable":true,"href":"https:\/\/factory.sale\/fi\/wp-json\/wp\/v2\/media\/4041"}],"wp:attachment":[{"href":"https:\/\/factory.sale\/fi\/wp-json\/wp\/v2\/media?parent=4039"}],"wp:term":[{"taxonomy":"factory","embeddable":true,"href":"https:\/\/factory.sale\/fi\/wp-json\/wp\/v2\/factory?post=4039"},{"taxonomy":"free-shipment","embeddable":true,"href":"https:\/\/factory.sale\/fi\/wp-json\/wp\/v2\/free-shipment?post=4039"},{"taxonomy":"product_brand","embeddable":true,"href":"https:\/\/factory.sale\/fi\/wp-json\/wp\/v2\/product_brand?post=4039"},{"taxonomy":"product_cat","embeddable":true,"href":"https:\/\/factory.sale\/fi\/wp-json\/wp\/v2\/product_cat?post=4039"},{"taxonomy":"product_tag","embeddable":true,"href":"https:\/\/factory.sale\/fi\/wp-json\/wp\/v2\/product_tag?post=4039"}],"curies":[{"name":"wp","href":"https:\/\/api.w.org\/{rel}","templated":true}]}}