{"id":4037,"date":"2019-11-07T16:57:43","date_gmt":"2019-11-07T16:57:43","guid":{"rendered":"https:\/\/factory.sale\/product\/mathermic-system\/"},"modified":"2024-06-27T14:39:58","modified_gmt":"2024-06-27T14:39:58","slug":"mathermic-jarjestelma","status":"publish","type":"product","link":"https:\/\/factory.sale\/fi\/tuote\/mathermic-jarjestelma\/","title":{"rendered":"Mathermic\u00ae j\u00e4rjestelm\u00e4"},"content":{"rendered":"<div>\n<p>Ajattelemme asiakkaidemme tarpeita kokonaisvaltaisesti. Siksi tarjouksemme sis\u00e4lt\u00e4\u00e4 Mathermic \u00ae &#8211; sein\u00e4eristysj\u00e4rjestelm\u00e4n, jossa k\u00e4ytet\u00e4\u00e4n valmiita moduuleita, joissa on j\u00e4yk\u00e4st\u00e4 polyuretaanivaahdosta valmistettu l\u00e4mp\u00f6erist\u00e4v\u00e4 ydin, jossa klinkkerimaisia \u200b\u200bjulkisivulaattoja on upotettu tiileen.<br \/>\nKorkean esteettisen tasonsa ansiosta Mathermic \u00ae sopii sek\u00e4 ulko- ett\u00e4 sis\u00e4k\u00e4ytt\u00f6\u00f6n.<\/p>\n<\/div>\n<div>\u00a0 \u00a0 \u00a0 \u00a0 \u00a0 \u00a0 \u00a0 \u00a0 \u00a0 \u00a0 \u00a0 \u00a0 \u00a0 \u00a0 \u00a0 \u00a0 \u00a0 \u00a0 \u00a0 \u00a0 \u00a0 \u00a0 \u00a0 \u00a0 \u00a0 \u00a0 \u00a0 \u00a0 \u00a0 \u00a0 \u00a0 \u00a0 \u00a0 \u00a0 \u00a0 \u00a0 \u00a0 \u00a0 \u00a0 \u00a0 \u00a0 \u00a0 \u00a0 \u00a0 \u00a0 \u00a0 \u00a0 \u00a0 \u00a0 \u00a0 \u00a0 \u00a0 \u00a0 \u00a0 \u00a0 \u00a0 \u00a0 \u00a0 \u00a0 \u00a0 \u00a0 \u00a0 \u00a0 \u00a0 \u00a0 \u00a0 \u00a0 \u00a0 \u00a0 \u00a0 \u00a0 \u00a0 \u00a0 \u00a0 \u00a0 \u00a0 \u00a0 \u00a0 \u00a0 \u00a0 \u00a0 \u00a0 \u00a0 \u00a0 \u00a0 \u00a0 \u00a0 \u00a0 \u00a0 \u00a0 \u00a0 \u00a0 \u00a0 \u00a0 \u00a0 \u00a0 \u00a0 \u00a0 \u00a0 \u00a0 \u00a0 \u00a0 \u00a0 \u00a0 \u00a0 \u00a0 \u00a0 \u00a0 \u00a0 \u00a0 \u00a0 \u00a0 \u00a0 \u00a0 \u00a0 \u00a0 \u00a0 \u00a0 \u00a0 \u00a0 \u00a0 \u00a0 \u00a0 \u00a0 \u00a0 \u00a0 \u00a0 \u00a0 .<\/div>\n<div><\/div>\n<div><\/div>\n<div><img loading=\"lazy\" decoding=\"async\" class=\"alignnone size-full wp-image-526\" src=\"https:\/\/factory.sale\/wp-content\/uploads\/2019\/11\/mathermic-clinker-system.jpg\" alt=\"\" width=\"1766\" height=\"933\" srcset=\"https:\/\/factory.sale\/wp-content\/uploads\/2019\/11\/mathermic-clinker-system.jpg 1766w, https:\/\/factory.sale\/wp-content\/uploads\/2019\/11\/mathermic-clinker-system-150x79.jpg 150w, https:\/\/factory.sale\/wp-content\/uploads\/2019\/11\/mathermic-clinker-system-300x158.jpg 300w, https:\/\/factory.sale\/wp-content\/uploads\/2019\/11\/mathermic-clinker-system-1024x541.jpg 1024w, https:\/\/factory.sale\/wp-content\/uploads\/2019\/11\/mathermic-clinker-system-600x317.jpg 600w\" sizes=\"auto, (max-width: 1766px) 100vw, 1766px\" \/><\/div>\n","protected":false},"excerpt":{"rendered":"<p>Ajattelemme asiakkaidemme tarpeita kokonaisvaltaisesti. Siksi tarjouksemme sis\u00e4lt\u00e4\u00e4 Mathermic \u00ae &#8211; sein\u00e4eristysj\u00e4rjestelm\u00e4n, jossa k\u00e4ytet\u00e4\u00e4n valmiita moduuleita, joissa on j\u00e4yk\u00e4st\u00e4 polyuretaanivaahdosta valmistettu l\u00e4mp\u00f6erist\u00e4v\u00e4 ydin, jossa klinkkerimaisia \u200b\u200bjulkisivulaattoja on upotettu tiileen.<br \/>\nKorkean esteettisen tasonsa ansiosta Mathermic \u00ae sopii sek\u00e4 ulko- ett\u00e4 sis\u00e4k\u00e4ytt\u00f6\u00f6n.<\/p>\n","protected":false},"featured_media":4038,"comment_status":"open","ping_status":"closed","template":"","meta":{"_acf_changed":false},"factory":[],"free-shipment":[],"product_brand":[],"product_cat":[55,443,56,444],"product_tag":[57,554],"class_list":{"0":"post-4037","1":"product","2":"type-product","3":"status-publish","4":"has-post-thumbnail","6":"product_cat-facade","7":"product_cat-facade-fi","8":"product_cat-clinker-facade","9":"product_cat-clinker","10":"product_tag-clinker","11":"product_tag-clinker-fi","13":"first","14":"instock","15":"sale","16":"taxable","17":"shipping-taxable","18":"purchasable","19":"product-type-simple"},"acf":[],"_links":{"self":[{"href":"https:\/\/factory.sale\/fi\/wp-json\/wp\/v2\/product\/4037","targetHints":{"allow":["GET"]}}],"collection":[{"href":"https:\/\/factory.sale\/fi\/wp-json\/wp\/v2\/product"}],"about":[{"href":"https:\/\/factory.sale\/fi\/wp-json\/wp\/v2\/types\/product"}],"replies":[{"embeddable":true,"href":"https:\/\/factory.sale\/fi\/wp-json\/wp\/v2\/comments?post=4037"}],"wp:featuredmedia":[{"embeddable":true,"href":"https:\/\/factory.sale\/fi\/wp-json\/wp\/v2\/media\/4038"}],"wp:attachment":[{"href":"https:\/\/factory.sale\/fi\/wp-json\/wp\/v2\/media?parent=4037"}],"wp:term":[{"taxonomy":"factory","embeddable":true,"href":"https:\/\/factory.sale\/fi\/wp-json\/wp\/v2\/factory?post=4037"},{"taxonomy":"free-shipment","embeddable":true,"href":"https:\/\/factory.sale\/fi\/wp-json\/wp\/v2\/free-shipment?post=4037"},{"taxonomy":"product_brand","embeddable":true,"href":"https:\/\/factory.sale\/fi\/wp-json\/wp\/v2\/product_brand?post=4037"},{"taxonomy":"product_cat","embeddable":true,"href":"https:\/\/factory.sale\/fi\/wp-json\/wp\/v2\/product_cat?post=4037"},{"taxonomy":"product_tag","embeddable":true,"href":"https:\/\/factory.sale\/fi\/wp-json\/wp\/v2\/product_tag?post=4037"}],"curies":[{"name":"wp","href":"https:\/\/api.w.org\/{rel}","templated":true}]}}