{"id":4035,"date":"2019-11-07T17:10:39","date_gmt":"2019-11-07T17:10:39","guid":{"rendered":"https:\/\/factory.sale\/product\/polyurethane-blocks-and-plates\/"},"modified":"2024-06-27T22:59:36","modified_gmt":"2024-06-27T22:59:36","slug":"polyuretaanipalikkaat-ja-levyt","status":"publish","type":"product","link":"https:\/\/factory.sale\/fi\/tuote\/polyuretaanipalikkaat-ja-levyt\/","title":{"rendered":"POLYURETAANIPALIKAT JA -LEVYT"},"content":{"rendered":"<p>MAT tarjoaa korkealaatuisia palikoista leikattuja polyuretaanilevyj\u00e4. Polyuretaanivaahtoeristyst\u00e4 k\u00e4ytet\u00e4\u00e4n laajalti rakennusteollisuudessa, mukaan lukien l\u00e4mm\u00f6neristys:<\/p>\n<p>rakennusten sein\u00e4t ja lattiat (\u00e4\u00e4nenvaimennus, keveys), erityyppiset katot, l\u00e4mp\u00f6sillat, seppeleet ja sillat.<br \/>\nPolyuretaanivaahtolevyj\u00e4 voidaan k\u00e4ytt\u00e4\u00e4 my\u00f6s sein\u00e4komponenteiksi taitekammioiden j\u00e4\u00e4hdytyslaitteissa.<\/p>\n<p><strong>Polyuretaanilevyjen edut:<\/strong><\/p>\n<ul>\n<li>alhainen l\u00e4mm\u00f6njohtavuus eritt\u00e4in hyv\u00e4ll\u00e4 parametrilla \u03bb \u22640,030 W \/ mK, jonka ansiosta polyuretaanivaahdosta tehdyll\u00e4 l\u00e4mm\u00f6neristyksell\u00e4 on ohut kerros<\/li>\n<li>veden imeytyminen PN-C-89084: n mukaan: 993 &lt;3%<\/li>\n<li>kest\u00e4vyys liuoksille (hapot ja em\u00e4kset)<\/li>\n<li>monisoluinen rakenne, jopa suljettujen solujen ollessa yli 30%<\/li>\n<li>eritt\u00e4in hyv\u00e4t mekaaniset ominaisuudet (puristuslujuus 180 kPa: sta &#8211; PN-EN 826 mukaan) pienell\u00e4 painolla<\/li>\n<li>voidaan yhdist\u00e4\u00e4 muihin rakennusmateriaaleihin (sementti, kivi, betoni, rappaus)<\/li>\n<\/ul>\n<p>Yrityksess\u00e4mme valmistamme levyj\u00e4, joiden tiheys on 40 &#8211; 100 kg \/ m3, my\u00f6s erikoistilauksia.<\/p>\n<p><strong>Polyuretaanipalikoiden ortopedia<\/strong><\/p>\n<p>Suuritiheyksisi\u00e4 polyuretaanilohkoja k\u00e4ytet\u00e4\u00e4n my\u00f6s ortopediassa.<br \/>\nNe on tarkoitettu jalostettavaksi tietokoneohjatuilla koneilla, joista malleja ortopedisten tuotteiden valmistukseen, esim. proteesit, luodaan.<br \/>\nMAT-valikoimassamme on monentyyppisi\u00e4 lohkoja, joiden vaahtotiheys on ~ 100 kg \/ m3.<br \/>\nTarjoamme erimuotoisia lohkoja asiakaskohtaisista tarpeista riippuen.<\/p>\n<p>Oikealla olevassa piirustuksessa on esitetty k\u00e4sittelem\u00e4t\u00f6n raaka lohko ja leikattu malli, joka n\u00e4ytt\u00e4\u00e4 korsetin asettelun.<\/p>\n","protected":false},"excerpt":{"rendered":"<p>MAT tarjoaa korkealaatuisia palikoista leikattuja polyuretaanilevyj\u00e4. Polyuretaanivaahtoeristyst\u00e4 k\u00e4ytet\u00e4\u00e4n laajalti rakennusteollisuudessa, mukaan lukien l\u00e4mm\u00f6neristys: Rakennusten sein\u00e4t ja lattiat (\u00e4\u00e4nenvaimennus, keveys), erityyppiset katot, l\u00e4mp\u00f6sillat, seppeleet ja ristikot.<\/p>\n","protected":false},"featured_media":4036,"comment_status":"open","ping_status":"closed","template":"","meta":{"_acf_changed":false},"factory":[],"free-shipment":[],"product_brand":[],"product_cat":[459],"product_tag":[560],"class_list":{"0":"post-4035","1":"product","2":"type-product","3":"status-publish","4":"has-post-thumbnail","6":"product_cat-pir-fi","7":"product_tag-eps-fi","9":"first","10":"instock","11":"sale","12":"taxable","13":"shipping-taxable","14":"purchasable","15":"product-type-simple"},"acf":[],"_links":{"self":[{"href":"https:\/\/factory.sale\/fi\/wp-json\/wp\/v2\/product\/4035","targetHints":{"allow":["GET"]}}],"collection":[{"href":"https:\/\/factory.sale\/fi\/wp-json\/wp\/v2\/product"}],"about":[{"href":"https:\/\/factory.sale\/fi\/wp-json\/wp\/v2\/types\/product"}],"replies":[{"embeddable":true,"href":"https:\/\/factory.sale\/fi\/wp-json\/wp\/v2\/comments?post=4035"}],"wp:featuredmedia":[{"embeddable":true,"href":"https:\/\/factory.sale\/fi\/wp-json\/wp\/v2\/media\/4036"}],"wp:attachment":[{"href":"https:\/\/factory.sale\/fi\/wp-json\/wp\/v2\/media?parent=4035"}],"wp:term":[{"taxonomy":"factory","embeddable":true,"href":"https:\/\/factory.sale\/fi\/wp-json\/wp\/v2\/factory?post=4035"},{"taxonomy":"free-shipment","embeddable":true,"href":"https:\/\/factory.sale\/fi\/wp-json\/wp\/v2\/free-shipment?post=4035"},{"taxonomy":"product_brand","embeddable":true,"href":"https:\/\/factory.sale\/fi\/wp-json\/wp\/v2\/product_brand?post=4035"},{"taxonomy":"product_cat","embeddable":true,"href":"https:\/\/factory.sale\/fi\/wp-json\/wp\/v2\/product_cat?post=4035"},{"taxonomy":"product_tag","embeddable":true,"href":"https:\/\/factory.sale\/fi\/wp-json\/wp\/v2\/product_tag?post=4035"}],"curies":[{"name":"wp","href":"https:\/\/api.w.org\/{rel}","templated":true}]}}