{"id":4033,"date":"2019-11-07T17:35:54","date_gmt":"2019-11-07T17:35:54","guid":{"rendered":"https:\/\/factory.sale\/product\/infatec-p-thermal-insulation-boards\/"},"modified":"2024-06-27T23:29:28","modified_gmt":"2024-06-27T23:29:28","slug":"infatec-p-lammoneristyslevyt","status":"publish","type":"product","link":"https:\/\/factory.sale\/fi\/tuote\/infatec-p-lammoneristyslevyt\/","title":{"rendered":"INFATEC\u00ae P L\u00c4MM\u00d6NERISTYSLEVYT"},"content":{"rendered":"<p>The INFATEC \u00ae P -eristyslevy on innovatiivinen tuote, jonka erikoisuus on:<\/p>\n<ul>\n<li>Varusteiden mitoihin sovitetut muotoillut vaakasuorat asennusohjeet helpottavat klinkkeriosien liimausta ja varmistavat esteettisen ulkon\u00e4\u00f6n.<\/li>\n<li>Kaskadin muotoiset keh\u00e4tasot mahdollistavat paneelien yhdist\u00e4misen, yksinkertaistavat kokoonpanoa ja est\u00e4v\u00e4t l\u00e4mp\u00f6siltojen muodostumisen kosketusreunoihin.<\/li>\n<li>Paneelin takana oleva uritettu keh\u00e4j\u00e4rjestelm\u00e4 lis\u00e4\u00e4 paneelin sein\u00e4\u00e4n kiinnitt\u00e4v\u00e4\u00e4 pintaa ja vie kosteuden pois.<\/li>\n<li>Levyn etupuolella oleva uritettu timanttij\u00e4rjestelm\u00e4 lis\u00e4\u00e4 klinkkeriosien liimapintaa.<\/li>\n<li>Muotoillut syvennykset mekaanisille liittimille helpottavat liittimien asennusta ja eliminoivat klinkkeriliittimien siirtymisen.<\/li>\n<\/ul>\n<p>INFATEC\u00ae P -l\u00e4mm\u00f6neristyslevyt valmistetaan automaattisella muovauksella.<br \/>\nT\u00e4m\u00e4n tuotteen erityispiirteet ovat:<\/p>\n<ul>\n<li>Raaka-ainerakeiden korkea koheesio ja tiheys<\/li>\n<li>Erityinen hydrofobinen orvaskesi<\/li>\n<li>Korkea ulottuvuusvakaus<\/li>\n<li>Korkea l\u00e4mm\u00f6neristys<\/li>\n<li>Korkea mekaaninen lujuus<\/li>\n<\/ul>\n<p style=\"text-align: left;\">PAKSUUS<\/p>\n<p>50 mm<\/p>\n<p style=\"text-align: left;\">60 mm<\/p>\n<p>80 mm<\/p>\n<p>90 mm<\/p>\n<p>100 mm<\/p>\n<p>120 mm<\/p>\n<p>140 mm<\/p>\n<p>150 mm<\/p>\n<p>160 mm<\/p>\n<p>180 mm<\/p>\n<p>200 mm<\/p>\n<p>Muut paksuudet toivomuksien mukaisesti.<\/p>\n","protected":false},"excerpt":{"rendered":"<p>INFATEC\u00ae P -eristyslevy on innovatiivinen tuote. Varusteiden mittoihin sovitetut muotoillut vaakasuorat asennusohjeet helpottavat klinkkeriosien liimausta ja varmistavat esteettisen ulkon\u00e4\u00f6n. Kaskadin muotoiset keh\u00e4tasot mahdollistavat paneelien yhdist\u00e4misen, yksinkertaistavat kokoonpanon ja est\u00e4v\u00e4t l\u00e4mp\u00f6siltojen muodostumisen kosketusreunoihin. Paneelin takana oleva uritettu keh\u00e4j\u00e4rjestelm\u00e4 lis\u00e4\u00e4 paneelin sein\u00e4\u00e4n kiinnittyv\u00e4\u00e4 pintaa ja vie kosteuden pois. Levyn etupuolella oleva uritettu timanttij\u00e4rjestelm\u00e4 lis\u00e4\u00e4 klinkkeriosien liimapintaa. Muotoillut syvennykset mekaanisille liittimille helpottavat liittimien asennusta ja eliminoivat klinkkeriliittimien siirtymisen.<\/p>\n","protected":false},"featured_media":4034,"comment_status":"open","ping_status":"closed","template":"","meta":{"_acf_changed":false},"factory":[],"free-shipment":[],"product_brand":[],"product_cat":[456,458],"product_tag":[509],"class_list":{"0":"post-4033","1":"product","2":"type-product","3":"status-publish","4":"has-post-thumbnail","6":"product_cat-insulation-fi","7":"product_cat-infatec","8":"product_tag-infatec-fi","10":"first","11":"instock","12":"sale","13":"taxable","14":"shipping-taxable","15":"purchasable","16":"product-type-simple"},"acf":[],"_links":{"self":[{"href":"https:\/\/factory.sale\/fi\/wp-json\/wp\/v2\/product\/4033","targetHints":{"allow":["GET"]}}],"collection":[{"href":"https:\/\/factory.sale\/fi\/wp-json\/wp\/v2\/product"}],"about":[{"href":"https:\/\/factory.sale\/fi\/wp-json\/wp\/v2\/types\/product"}],"replies":[{"embeddable":true,"href":"https:\/\/factory.sale\/fi\/wp-json\/wp\/v2\/comments?post=4033"}],"wp:featuredmedia":[{"embeddable":true,"href":"https:\/\/factory.sale\/fi\/wp-json\/wp\/v2\/media\/4034"}],"wp:attachment":[{"href":"https:\/\/factory.sale\/fi\/wp-json\/wp\/v2\/media?parent=4033"}],"wp:term":[{"taxonomy":"factory","embeddable":true,"href":"https:\/\/factory.sale\/fi\/wp-json\/wp\/v2\/factory?post=4033"},{"taxonomy":"free-shipment","embeddable":true,"href":"https:\/\/factory.sale\/fi\/wp-json\/wp\/v2\/free-shipment?post=4033"},{"taxonomy":"product_brand","embeddable":true,"href":"https:\/\/factory.sale\/fi\/wp-json\/wp\/v2\/product_brand?post=4033"},{"taxonomy":"product_cat","embeddable":true,"href":"https:\/\/factory.sale\/fi\/wp-json\/wp\/v2\/product_cat?post=4033"},{"taxonomy":"product_tag","embeddable":true,"href":"https:\/\/factory.sale\/fi\/wp-json\/wp\/v2\/product_tag?post=4033"}],"curies":[{"name":"wp","href":"https:\/\/api.w.org\/{rel}","templated":true}]}}