{"id":4030,"date":"2019-11-07T18:28:30","date_gmt":"2019-11-07T18:28:30","guid":{"rendered":"https:\/\/factory.sale\/product\/the-infatec-clinker\/"},"modified":"2024-06-26T15:36:17","modified_gmt":"2024-06-26T15:36:17","slug":"the-infatec-innovatiivinen-seina-eritysjarjestelma-sylinterilla","status":"publish","type":"product","link":"https:\/\/factory.sale\/fi\/tuote\/the-infatec-innovatiivinen-seina-eritysjarjestelma-sylinterilla\/","title":{"rendered":"THE INFATEC \u00ae INNOVATIIVINEN SEIN ERITYSJ\u00c4RJESTELM\u00c4 SYLINTERILL\u00c4"},"content":{"rendered":"<p>The INFATEC \u00ae &#8211; j\u00e4rjestelm\u00e4 on innovatiivinen klinkkeriseinien eristysj\u00e4rjestelm\u00e4. Laadukkaimman klinkkerin ja modernin tekniikan yhdistelm\u00e4 varmistaa julkisivun kest\u00e4vyyden ja minimoi sen k\u00e4ytt\u00f6kustannukset. Klinkkeriprofiilin ainutlaatuiset ominaisuudet takaavat julkisivun kest\u00e4vyyden. Katso vain ymp\u00e4rillesi ja n\u00e4et, kuinka hyv\u00e4lt\u00e4 klinkkeritiilitalo n\u00e4ytti 100 vuotta sitten.<\/p>\n<p>Nopeasti kehittyv\u00e4 tekniikka ja muutokset l\u00e4mm\u00f6neristyksen alalla ja rakennusten ulkoseinien l\u00e4mp\u00f6modernisoinnissa kannustavat valmistajia jatkuvasti parantamaan ja kehitt\u00e4m\u00e4\u00e4n tuotteitaan. Viimeinen vaihe t\u00e4ss\u00e4 prosessissa on johdonmukaisen ja integroidun j\u00e4rjestelm\u00e4n luominen. J\u00e4rjestelm\u00e4l\u00e4hestymistavan ydin on tietoisuus siit\u00e4, ett\u00e4 &#8220;kaikki riippuu kaikesta&#8221;, mik\u00e4 tarkoittaa, ett\u00e4 j\u00e4rjestelm\u00e4n asianmukainen toiminta edellytt\u00e4\u00e4, ett\u00e4 jokainen sen osa on hienostunut pienimpiin yksityiskohtiin ja ett\u00e4 se t\u00e4ytt\u00e4\u00e4 korkeimmat laatustandardit.<\/p>\n<p>Klinkkerijulkisivut ovat aina olleet yhteydess\u00e4 eurooppalaisen arkkitehtuurin perinteisiin. Klinkkerist\u00e4 tulee Puolassa yh\u00e4 suositumpi joka vuosi. Nykyaikaiset tuotantomenetelm\u00e4t ovat muuttaneet nykyaikaiset klinkkerimuodot eri s\u00e4vyiksi valon kulmasta ja voimakkuudesta riippuen. Ep\u00e4tavalliset tavat yhdist\u00e4\u00e4 erilaisia \u200b\u200bv\u00e4rej\u00e4 ja kasvoja antavat sinulle uuden ja alkuper\u00e4isen visuaalisen efektin.<\/p>\n<p>Muodon, toimivuuden ja tyylikkyyden johdonmukaisuus antaa sen yhdist\u00e4\u00e4 t\u00e4ydellisesti muihin rakennusmateriaaleihin. Klinkkeritiili\u00e4 on hyv\u00e4 k\u00e4ytt\u00e4\u00e4 kiinteist\u00f6n viimeistelyyn. Klinkkerijulkisivu tarjoaa suojan ilmakeh\u00e4n tekij\u00f6iden kielteisilt\u00e4 vaikutuksilta. Julkisivun valmistukseen k\u00e4ytetty klinkkerilaite on kest\u00e4v\u00e4, biologisen korroosion, tulen ja kylm\u00e4n kest\u00e4v\u00e4. Klinkkeri on yksi rakennusmateriaaleista, joka on kest\u00e4vin ulkoilmaolosuhteissa, mik\u00e4 \u200b\u200btarkoittaa useiden vuosien rakennussuojausta. Klinkkerijulkisivu pysyy kauniina useita vuosia eik\u00e4 vaadi kunnossapitoa. Polttoprosessin aikana muodostunut klinkkerin kest\u00e4v\u00e4 pinta est\u00e4\u00e4 ep\u00e4puhtauksien tunkeutumisen. T\u00e4st\u00e4 johtuen klinkkeri on eritt\u00e4in kest\u00e4v\u00e4. V\u00e4ri pysyy yht\u00e4 kest\u00e4v\u00e4n\u00e4 kuin itse muovattu klinkkeri. Lis\u00e4ksi luonnollinen materiaali varmistaa oikean mikroilmaston ja lis\u00e4\u00e4 rakennuksen l\u00e4mm\u00f6neristysominaisuuksia. Klinkkerijulkisivujen tiili on my\u00f6s eritt\u00e4in koristeellinen, jonka ansiosta rakennuksen sein\u00e4 n\u00e4ytt\u00e4\u00e4 vaikuttavalta. Klinkkerin moderni muoto tarjoaa t\u00e4m\u00e4n materiaalin perinteiset ominaisuudet uusilla sovelluksilla. T\u00e4m\u00e4 on klinkkerilaatta. Klinkkeri uudessa muodossa, jota k\u00e4ytet\u00e4\u00e4n INFATEC\u00ae -eristysj\u00e4rjestelm\u00e4ss\u00e4 ja tarjoaa rajattomat mahdollisuudet.<\/p>\n<p align=\"center\">\n","protected":false},"excerpt":{"rendered":"<p>The INFATEC \u00ae &#8211; j\u00e4rjestelm\u00e4 on innovatiivinen klinkkeriseinien eristysj\u00e4rjestelm\u00e4. Laadukkaimman klinkkerin ja modernin tekniikan yhdistelm\u00e4 varmistaa julkisivun kest\u00e4vyyden ja minimoi sen k\u00e4ytt\u00f6kustannukset. Klinkkeriprofiilin ainutlaatuiset ominaisuudet takaavat julkisivun kest\u00e4vyyden. Katso vain ymp\u00e4rillesi ja n\u00e4et, kuinka hyv\u00e4lt\u00e4 klinkkeritiilitalo n\u00e4ytti 100 vuotta sitten.<\/p>\n","protected":false},"featured_media":4032,"comment_status":"open","ping_status":"closed","template":"","meta":{"_acf_changed":false},"factory":[],"free-shipment":[],"product_brand":[],"product_cat":[444,443],"product_tag":[554],"class_list":{"0":"post-4030","1":"product","2":"type-product","3":"status-publish","4":"has-post-thumbnail","6":"product_cat-clinker","7":"product_cat-facade-fi","8":"product_tag-clinker-fi","10":"first","11":"instock","12":"sale","13":"taxable","14":"shipping-taxable","15":"purchasable","16":"product-type-simple"},"acf":[],"_links":{"self":[{"href":"https:\/\/factory.sale\/fi\/wp-json\/wp\/v2\/product\/4030","targetHints":{"allow":["GET"]}}],"collection":[{"href":"https:\/\/factory.sale\/fi\/wp-json\/wp\/v2\/product"}],"about":[{"href":"https:\/\/factory.sale\/fi\/wp-json\/wp\/v2\/types\/product"}],"replies":[{"embeddable":true,"href":"https:\/\/factory.sale\/fi\/wp-json\/wp\/v2\/comments?post=4030"}],"wp:featuredmedia":[{"embeddable":true,"href":"https:\/\/factory.sale\/fi\/wp-json\/wp\/v2\/media\/4032"}],"wp:attachment":[{"href":"https:\/\/factory.sale\/fi\/wp-json\/wp\/v2\/media?parent=4030"}],"wp:term":[{"taxonomy":"factory","embeddable":true,"href":"https:\/\/factory.sale\/fi\/wp-json\/wp\/v2\/factory?post=4030"},{"taxonomy":"free-shipment","embeddable":true,"href":"https:\/\/factory.sale\/fi\/wp-json\/wp\/v2\/free-shipment?post=4030"},{"taxonomy":"product_brand","embeddable":true,"href":"https:\/\/factory.sale\/fi\/wp-json\/wp\/v2\/product_brand?post=4030"},{"taxonomy":"product_cat","embeddable":true,"href":"https:\/\/factory.sale\/fi\/wp-json\/wp\/v2\/product_cat?post=4030"},{"taxonomy":"product_tag","embeddable":true,"href":"https:\/\/factory.sale\/fi\/wp-json\/wp\/v2\/product_tag?post=4030"}],"curies":[{"name":"wp","href":"https:\/\/api.w.org\/{rel}","templated":true}]}}