{"id":4027,"date":"2019-11-07T18:50:22","date_gmt":"2019-11-07T18:50:22","guid":{"rendered":"https:\/\/factory.sale\/product\/silpac-silicone\/"},"modified":"2024-06-26T16:27:52","modified_gmt":"2024-06-26T16:27:52","slug":"silpac-silikooni","status":"publish","type":"product","link":"https:\/\/factory.sale\/fi\/tuote\/silpac-silikooni\/","title":{"rendered":"SILPAC SILIKONI"},"content":{"rendered":"<p>Universaali, yksikomponenttinen, pysyv\u00e4sti joustava silikonitiiviste, joka perustuu polysiloksaaneihin, joissa on asetaattikovetusj\u00e4rjestelm\u00e4.<\/p>\n<p>Tuote voidaan myyd\u00e4 sek\u00e4 l\u00e4pipainopakkauksissa ett\u00e4 irtotavarana.<\/p>\n<p><strong>Ominaisuudet<\/strong><\/p>\n<ul>\n<li>Pysyv\u00e4sti joustava ja kest\u00e4v\u00e4 erilaisissa s\u00e4\u00e4olosuhteissa<\/li>\n<li>Sis\u00e4isiin ja ulkoisiin sovelluksiin<\/li>\n<li>Eritt\u00e4in hyv\u00e4 liima sileille pinnoille: lasi, keramiikka, posliini, lakattu puu, lasitetut, lasitetut ja emaloidut pinnat<\/li>\n<li>S\u00e4\u00e4nkest\u00e4v\u00e4 (UV-s\u00e4teily, kosteus, l\u00e4mp\u00f6tilan vaihtelut -50 \u00b0 C &#8211; + 180 \u00b0 C)<\/li>\n<li>Luo sile\u00e4n ja kiilt\u00e4v\u00e4n liitoksen<\/li>\n<li>Helppo toteuttaa ja muotoilla<\/li>\n<li>Ei voi maalata<\/li>\n<\/ul>\n<p><strong>K\u00e4ytt\u00f6<\/strong><\/p>\n<ul>\n<li>Joustava tiivistys liitoksissa rakennusmateriaalien ja viimeistelyelementtien v\u00e4lille<\/li>\n<li>N\u00e4ytt\u00f6ikkunoiden, vitriinien, tiskien, vitriinien, kylttien, taulujen, mainoslaatikoiden tiivist\u00e4minen<\/li>\n<li>Ikkunoiden lasitus (p\u00e4\u00e4asiassa puurunkoissa)<\/li>\n<li>Kotitaloudessa pieni\u00e4 korjauksia ja harrast\u00f6iden varten<\/li>\n<li>Sinet\u00f6iv\u00e4t veneet, laivat, autot, asuntovaunut<\/li>\n<\/ul>\n<p><strong>V\u00e4ri<\/strong><\/p>\n<p>Valkoinen, kirkas, ruskea, harma, musta- perusv\u00e4rit<\/p>\n<p>Muut v\u00e4rit toivomuksien mukaisesti.<\/p>\n","protected":false},"excerpt":{"rendered":"<p>Universaali, yksikomponenttinen, pysyv\u00e4sti joustava silikonitiiviste, joka perustuu polysiloksaaneihin, joissa on asetaattikovetusj\u00e4rjestelm\u00e4.<\/p>\n<p>Tuote voidaan myyd\u00e4 sek\u00e4 l\u00e4pipainopakkauksissa ett\u00e4 irtotavarana.<\/p>\n","protected":false},"featured_media":4029,"comment_status":"open","ping_status":"closed","template":"","meta":{"_acf_changed":false},"factory":[],"free-shipment":[],"product_brand":[],"product_cat":[425,438],"product_tag":[533],"class_list":{"0":"post-4027","1":"product","2":"type-product","3":"status-publish","4":"has-post-thumbnail","6":"product_cat-construction-chemistry-fi","7":"product_cat-silikoni","8":"product_tag-silicones-fi","10":"first","11":"instock","12":"sale","13":"taxable","14":"shipping-taxable","15":"purchasable","16":"product-type-simple"},"acf":[],"_links":{"self":[{"href":"https:\/\/factory.sale\/fi\/wp-json\/wp\/v2\/product\/4027","targetHints":{"allow":["GET"]}}],"collection":[{"href":"https:\/\/factory.sale\/fi\/wp-json\/wp\/v2\/product"}],"about":[{"href":"https:\/\/factory.sale\/fi\/wp-json\/wp\/v2\/types\/product"}],"replies":[{"embeddable":true,"href":"https:\/\/factory.sale\/fi\/wp-json\/wp\/v2\/comments?post=4027"}],"wp:featuredmedia":[{"embeddable":true,"href":"https:\/\/factory.sale\/fi\/wp-json\/wp\/v2\/media\/4029"}],"wp:attachment":[{"href":"https:\/\/factory.sale\/fi\/wp-json\/wp\/v2\/media?parent=4027"}],"wp:term":[{"taxonomy":"factory","embeddable":true,"href":"https:\/\/factory.sale\/fi\/wp-json\/wp\/v2\/factory?post=4027"},{"taxonomy":"free-shipment","embeddable":true,"href":"https:\/\/factory.sale\/fi\/wp-json\/wp\/v2\/free-shipment?post=4027"},{"taxonomy":"product_brand","embeddable":true,"href":"https:\/\/factory.sale\/fi\/wp-json\/wp\/v2\/product_brand?post=4027"},{"taxonomy":"product_cat","embeddable":true,"href":"https:\/\/factory.sale\/fi\/wp-json\/wp\/v2\/product_cat?post=4027"},{"taxonomy":"product_tag","embeddable":true,"href":"https:\/\/factory.sale\/fi\/wp-json\/wp\/v2\/product_tag?post=4027"}],"curies":[{"name":"wp","href":"https:\/\/api.w.org\/{rel}","templated":true}]}}