{"id":4021,"date":"2019-11-07T19:15:46","date_gmt":"2019-11-07T19:15:46","guid":{"rendered":"https:\/\/factory.sale\/product\/silpac-hi-temp-300c-silicone-70ml\/"},"modified":"2024-06-27T13:48:16","modified_gmt":"2024-06-27T13:48:16","slug":"silpac-hi-temp-300c-silikooni-70ml","status":"publish","type":"product","link":"https:\/\/factory.sale\/fi\/tuote\/silpac-hi-temp-300c-silikooni-70ml\/","title":{"rendered":"SILPAC HI-TEMP 300C SILIKONI 70ML"},"content":{"rendered":"<p>Yksikomponenttinen, pysyv\u00e4sti joustava, korkean l\u00e4mp\u00f6tilan silikonitiivistekerros, joka kest\u00e4\u00e4 jopa + 300 \u00b0 C l\u00e4mp\u00f6tilaa. Kovettuu kosteuden imeytymisest\u00e4 ilmasta.<\/p>\n<p><strong>Ominaisuudet<\/strong><\/p>\n<ul>\n<li>Kest\u00e4v\u00e4 l\u00e4mp\u00f6tilanvaihteluille v\u00e4lill\u00e4 -60 \u00b0 C &#8211; + 300 \u00b0 C<\/li>\n<li>Kemiallisesti kest\u00e4v\u00e4 &#8220;nestem\u00e4inen&#8221; tiiviste, joka korvaa perinteiset autojen tiivisteet (kumi, klinkkeri, korkki, paperi, huopa, asbesti jne.)<\/li>\n<li>Kest\u00e4\u00e4 UV-s\u00e4teily\u00e4, vett\u00e4, suolaa ja monia kemiallisia tekij\u00f6it\u00e4, kuten: bensiini, hapot, rasvat, \u00f6ljyt, polttoaineet, hydraulinesteet, rasvat, pakokaasut, pakkaskest\u00e4v\u00e4t nesteet, j\u00e4\u00e4hdytysnesteet jne.<\/li>\n<li>Helppo k\u00e4ytt\u00e4\u00e4 pinnan muodosta riippumatta<\/li>\n<li>Liima sileille ja huokoisille pinnoille, NT-keramiikka, ter\u00e4s, metallit ja niiden seokset, lasi, lakattu puu<\/li>\n<li>Pysyv\u00e4sti elastinen koko l\u00e4mp\u00f6tila-alueella<\/li>\n<li>Ei sis\u00e4ll\u00e4 liuottimia<\/li>\n<li>Pieni kutistuminen<\/li>\n<li>Ei halkeile<\/li>\n<\/ul>\n<p><strong>K\u00e4ytt\u00f6<\/strong><\/p>\n<ul>\n<li>Tiivistysliittimet rakennuksessa, kuljetuksessa ja teollisuudessa, joilla on korkea kemiallinen ja l\u00e4mp\u00f6eristys -60 \u00b0 C &#8211; + 300 \u00b0 C<\/li>\n<li>L\u00e4mmitystekniikka (kattilat, l\u00e4mmittimet, uunit, tankit, l\u00e4mm\u00f6nvaihtimet, savupiiput, suodattimet, termostaatit)<\/li>\n<li>Autoteollisuuden tiivisteet (NT vesipumput, venttiilikotelot, \u00f6ljyastiat, vetoketjun kannet, vetoketjun kannet, vaihdelaatikko, termostaatin kannet)<\/li>\n<li>Aurinkoker\u00e4imen komponenttien tiivist\u00e4minen<\/li>\n<\/ul>\n<p><strong>V\u00e4ri<\/strong><\/p>\n<p>Punainen, musta<\/p>\n","protected":false},"excerpt":{"rendered":"<p>Yksikomponenttinen, pysyv\u00e4sti joustava, korkean l\u00e4mp\u00f6tilan silikonitiivistekerros, joka kest\u00e4\u00e4 jopa + 300 \u00b0 C l\u00e4mp\u00f6tilaa.<br \/>\nKovettuu kosteuden imeytymisest\u00e4 ilmasta.<\/p>\n","protected":false},"featured_media":4023,"comment_status":"open","ping_status":"closed","template":"","meta":{"_acf_changed":false},"factory":[],"free-shipment":[],"product_brand":[],"product_cat":[425,438],"product_tag":[532],"class_list":{"0":"post-4021","1":"product","2":"type-product","3":"status-publish","4":"has-post-thumbnail","6":"product_cat-construction-chemistry-fi","7":"product_cat-silikoni","8":"product_tag-silicone-fi","10":"first","11":"instock","12":"sale","13":"taxable","14":"shipping-taxable","15":"purchasable","16":"product-type-simple"},"acf":[],"_links":{"self":[{"href":"https:\/\/factory.sale\/fi\/wp-json\/wp\/v2\/product\/4021","targetHints":{"allow":["GET"]}}],"collection":[{"href":"https:\/\/factory.sale\/fi\/wp-json\/wp\/v2\/product"}],"about":[{"href":"https:\/\/factory.sale\/fi\/wp-json\/wp\/v2\/types\/product"}],"replies":[{"embeddable":true,"href":"https:\/\/factory.sale\/fi\/wp-json\/wp\/v2\/comments?post=4021"}],"wp:featuredmedia":[{"embeddable":true,"href":"https:\/\/factory.sale\/fi\/wp-json\/wp\/v2\/media\/4023"}],"wp:attachment":[{"href":"https:\/\/factory.sale\/fi\/wp-json\/wp\/v2\/media?parent=4021"}],"wp:term":[{"taxonomy":"factory","embeddable":true,"href":"https:\/\/factory.sale\/fi\/wp-json\/wp\/v2\/factory?post=4021"},{"taxonomy":"free-shipment","embeddable":true,"href":"https:\/\/factory.sale\/fi\/wp-json\/wp\/v2\/free-shipment?post=4021"},{"taxonomy":"product_brand","embeddable":true,"href":"https:\/\/factory.sale\/fi\/wp-json\/wp\/v2\/product_brand?post=4021"},{"taxonomy":"product_cat","embeddable":true,"href":"https:\/\/factory.sale\/fi\/wp-json\/wp\/v2\/product_cat?post=4021"},{"taxonomy":"product_tag","embeddable":true,"href":"https:\/\/factory.sale\/fi\/wp-json\/wp\/v2\/product_tag?post=4021"}],"curies":[{"name":"wp","href":"https:\/\/api.w.org\/{rel}","templated":true}]}}