{"id":4019,"date":"2019-11-09T12:01:13","date_gmt":"2019-11-09T12:01:13","guid":{"rendered":"https:\/\/factory.sale\/product\/alamentti-wool-sandwich-panels\/"},"modified":"2024-06-25T11:39:47","modified_gmt":"2024-06-25T11:39:47","slug":"alamentti-villa-sandwich-paneelit","status":"publish","type":"product","link":"https:\/\/factory.sale\/fi\/tuote\/alamentti-villa-sandwich-paneelit\/","title":{"rendered":"ALAMENTTI VILLA SANDWICH PANEELIT"},"content":{"rendered":"<p>Valmiit Sandwich-paneelit Rockwool 200mm EI 120 moduulilla 1000.<\/p>\n<p>Pieni defekti, muuten k\u00e4ytt\u00e4m\u00e4t\u00f6n ja hyv\u00e4ss\u00e4 kunnossa.<\/p>\n<p>V\u00e4ri RAL 9007\/9002 ulkokerros Micro.<\/p>\n<p>Koko 5073 m2.<\/p>\n<p>Myyd\u00e4\u00e4n vain kuormalavoilla tai t\u00e4ydell\u00e4 kuorma-autoilla.<\/p>\n<p>Hinta t\u00e4yskuorma 8 lavalta 25 EUR \/ m2 + alv. (Normaali hinta 36-37 EUR \/ m2 + ALV) Yhden lavan perushinta 27 EUR \/ m2 + alv.<\/p>\n<p>Minimi tilaus 300m2<\/p>\n<p>LEVEYS:<\/p>\n<p>6365<\/p>\n<p>6255<\/p>\n<p>5980<\/p>\n<p>5670<\/p>\n<p>5650<\/p>\n<p>4980<\/p>\n","protected":false},"excerpt":{"rendered":"<p><strong>PIKAMYYNTI!<\/strong><\/p>\n<p>K\u00e4ytt\u00f6tarkoitus: Sein\u00e4 Sandwich-paneelit hyv\u00e4ll\u00e4 l\u00e4mp\u00f6erityksell\u00e4.<\/p>\n<p>Ydin: Kova mineraalivilla tiheydell\u00e4 115 [kg \/ m3] tai vaahdotettu polystyreeni FS 15<\/p>\n<p>T\u00e4m\u00e4 on mallihinta 100m paneelille.<\/p>\n<p>Meilt\u00e4 saat tarvittaessa my\u00f6s asennuksen &#8211; toimitetaan ja asennetaan valtakunnallisesti!<\/p>\n<p>L\u00e4het\u00e4 oma tarjouspyynt\u00f6: myynti@factory.sale<\/p>\n<p>Minimi tilaus 300m2.<\/p>\n","protected":false},"featured_media":3598,"comment_status":"open","ping_status":"closed","template":"","meta":{"_acf_changed":false},"factory":[],"free-shipment":[],"product_brand":[],"product_cat":[476,478],"product_tag":[],"class_list":{"0":"post-4019","1":"product","2":"type-product","3":"status-publish","4":"has-post-thumbnail","6":"product_cat-sandwich-panel-fi","7":"product_cat-villa","9":"first","10":"instock","11":"sale","12":"taxable","13":"shipping-taxable","14":"purchasable","15":"product-type-simple"},"acf":[],"_links":{"self":[{"href":"https:\/\/factory.sale\/fi\/wp-json\/wp\/v2\/product\/4019","targetHints":{"allow":["GET"]}}],"collection":[{"href":"https:\/\/factory.sale\/fi\/wp-json\/wp\/v2\/product"}],"about":[{"href":"https:\/\/factory.sale\/fi\/wp-json\/wp\/v2\/types\/product"}],"replies":[{"embeddable":true,"href":"https:\/\/factory.sale\/fi\/wp-json\/wp\/v2\/comments?post=4019"}],"wp:featuredmedia":[{"embeddable":true,"href":"https:\/\/factory.sale\/fi\/wp-json\/wp\/v2\/media\/3598"}],"wp:attachment":[{"href":"https:\/\/factory.sale\/fi\/wp-json\/wp\/v2\/media?parent=4019"}],"wp:term":[{"taxonomy":"factory","embeddable":true,"href":"https:\/\/factory.sale\/fi\/wp-json\/wp\/v2\/factory?post=4019"},{"taxonomy":"free-shipment","embeddable":true,"href":"https:\/\/factory.sale\/fi\/wp-json\/wp\/v2\/free-shipment?post=4019"},{"taxonomy":"product_brand","embeddable":true,"href":"https:\/\/factory.sale\/fi\/wp-json\/wp\/v2\/product_brand?post=4019"},{"taxonomy":"product_cat","embeddable":true,"href":"https:\/\/factory.sale\/fi\/wp-json\/wp\/v2\/product_cat?post=4019"},{"taxonomy":"product_tag","embeddable":true,"href":"https:\/\/factory.sale\/fi\/wp-json\/wp\/v2\/product_tag?post=4019"}],"curies":[{"name":"wp","href":"https:\/\/api.w.org\/{rel}","templated":true}]}}