{"id":4016,"date":"2019-11-09T12:23:44","date_gmt":"2019-11-09T12:23:44","guid":{"rendered":"https:\/\/factory.sale\/product\/roofbit-300ml-bituminous-roofing-sealant\/"},"modified":"2025-03-23T01:09:40","modified_gmt":"2025-03-22T22:09:40","slug":"roof-bit-300ml-bituminoosinen-kattomateriaalin-silikoni","status":"publish","type":"product","link":"https:\/\/factory.sale\/fi\/tuote\/roof-bit-300ml-bituminoosinen-kattomateriaalin-silikoni\/","title":{"rendered":"ROOF BIT 300ML &#8211; BITUMINOOSINEN KATTOMATERIAALIN SILIKONI"},"content":{"rendered":"<p>Erityinen bitumikumitiiviste, joka on heti valmis k\u00e4ytt\u00f6\u00f6n. Kylm\u00e4 levitetty massa, tarttuvuuslujuus suurempi kuin perinteisiss\u00e4 liimamassoissa. Pidennetty sidontavaikutus pitk\u00e4aikaista vaikutusta varten. Ei herkk\u00e4 muuttuville s\u00e4\u00e4oloille. Kest\u00e4\u00e4 pysyv\u00e4sti ultraviolettis\u00e4teily\u00e4.<\/p>\n<p><strong>Tyypillisi\u00e4 k\u00e4ytt\u00f6kohteita<\/strong><\/p>\n<ul>\n<li>Kattomateriaalien kunnostamiseen ja korjaamiseen<\/li>\n<li>Kaikkien halkeamien, repe\u00e4mien, liitosten, kattojen, kourujen, viem\u00e4rien, kattoikkunoiden, sein\u00e4liitosten ja muiden materiaalien pysyv\u00e4ksi tiivist\u00e4miseksi<\/li>\n<li>Kattoikkunoiden, sein\u00e4liitosten pysyv\u00e4\u00e4n tiivist\u00e4miseen ja sementointiin mink\u00e4 tahansa materiaalin kanssa<\/li>\n<li>T\u00e4ydellinen liima bitumisille vy\u00f6ruusuille ja synteettisiin laattoihin<\/li>\n<li>Hy\u00f6dyllinen my\u00f6s sinkin, lyijyn ja kuparin ikkunalaudoitusten tasoittamisessa<\/li>\n<li>Tiivistekaapelilangat, s\u00e4hk\u00f6- ja antennirasiat<\/li>\n<li>Valaistujen mainoskoteloiden korjaus<\/li>\n<\/ul>\n<p><strong>V\u00e4ri<\/strong><\/p>\n<p>musta<\/p>\n","protected":false},"excerpt":{"rendered":"<p>Erityinen bitumikumitiiviste, joka on heti valmis k\u00e4ytt\u00f6\u00f6n. Kylm\u00e4 levitetty massa, tarttuvuuslujuus suurempi kuin perinteisiss\u00e4 liimamassoissa. Pidennetty sidontavaikutus pitk\u00e4aikaista vaikutusta varten. Ei herkk\u00e4 muuttuville s\u00e4\u00e4oloille. Kest\u00e4\u00e4 pysyv\u00e4sti ultraviolettis\u00e4teily\u00e4.<\/p>\n","protected":false},"featured_media":4018,"comment_status":"open","ping_status":"closed","template":"","meta":{"_acf_changed":false},"factory":[],"free-shipment":[],"product_brand":[],"product_cat":[425,437],"product_tag":[601],"class_list":{"0":"post-4016","1":"product","2":"type-product","3":"status-publish","4":"has-post-thumbnail","6":"product_cat-construction-chemistry-fi","7":"product_cat-tiivisteet","8":"product_tag-sealants-fi","10":"first","11":"instock","12":"sale","13":"taxable","14":"shipping-taxable","15":"purchasable","16":"product-type-simple"},"acf":[],"_links":{"self":[{"href":"https:\/\/factory.sale\/fi\/wp-json\/wp\/v2\/product\/4016","targetHints":{"allow":["GET"]}}],"collection":[{"href":"https:\/\/factory.sale\/fi\/wp-json\/wp\/v2\/product"}],"about":[{"href":"https:\/\/factory.sale\/fi\/wp-json\/wp\/v2\/types\/product"}],"replies":[{"embeddable":true,"href":"https:\/\/factory.sale\/fi\/wp-json\/wp\/v2\/comments?post=4016"}],"wp:featuredmedia":[{"embeddable":true,"href":"https:\/\/factory.sale\/fi\/wp-json\/wp\/v2\/media\/4018"}],"wp:attachment":[{"href":"https:\/\/factory.sale\/fi\/wp-json\/wp\/v2\/media?parent=4016"}],"wp:term":[{"taxonomy":"factory","embeddable":true,"href":"https:\/\/factory.sale\/fi\/wp-json\/wp\/v2\/factory?post=4016"},{"taxonomy":"free-shipment","embeddable":true,"href":"https:\/\/factory.sale\/fi\/wp-json\/wp\/v2\/free-shipment?post=4016"},{"taxonomy":"product_brand","embeddable":true,"href":"https:\/\/factory.sale\/fi\/wp-json\/wp\/v2\/product_brand?post=4016"},{"taxonomy":"product_cat","embeddable":true,"href":"https:\/\/factory.sale\/fi\/wp-json\/wp\/v2\/product_cat?post=4016"},{"taxonomy":"product_tag","embeddable":true,"href":"https:\/\/factory.sale\/fi\/wp-json\/wp\/v2\/product_tag?post=4016"}],"curies":[{"name":"wp","href":"https:\/\/api.w.org\/{rel}","templated":true}]}}